{"id":55502,"date":"2019-02-26T14:27:28","date_gmt":"2019-02-26T07:27:28","guid":{"rendered":"http:\/\/hoanghamobile.com\/tin-tuc\/?page_id=55502"},"modified":"2019-03-07T18:21:57","modified_gmt":"2019-03-07T11:21:57","slug":"dat-truoc-s10-s10plus-qua-9trieu","status":"publish","type":"page","link":"https:\/\/hoanghamobile.com\/tin-tuc\/dat-hang\/dat-truoc-s10-s10plus-qua-9trieu\/","title":{"rendered":"\u0110\u1eb7t tr\u01b0\u1edbc Galaxy S10\/ S10Plus \u2013 \u01afu \u0111\u00e3i 9 TRI\u1ec6U"},"content":{"rendered":"<p><span style=\"width: 100%;\"><a href=\"https:\/\/hoanghamobile.com\/\" target=\"_blank\"><img decoding=\"async\" alt=\"sticky-logo (2)\" width=\"390\" height=\"42\" title=\"sticky-logo (2)\" data-id=\"54060\" src=\"\/tin-tuc\/wp-content\/uploads\/2019\/02\/sticky-logo-2.png\" style=\"width: 100%;\"><\/a><\/span><span style=\"width: 100%;\"><img decoding=\"async\" alt=\"2-25\" width=\"567\" height=\"33\" title=\"2-25\" data-id=\"54059\" src=\"\/tin-tuc\/wp-content\/uploads\/2019\/02\/2-25.png\" style=\"width: 100%;\"><\/span><span style=\"width: 100%;\"><img fetchpriority=\"high\" decoding=\"async\" alt=\"1\" width=\"733\" height=\"161\" title=\"1\" data-id=\"55172\" src=\"\/tin-tuc\/wp-content\/uploads\/2019\/02\/1-4.png\" style=\"width: 100%;\"><\/span><span style=\"width: 100%;\"><img loading=\"lazy\" decoding=\"async\" alt=\"3\" width=\"608\" height=\"254\" title=\"3\" data-id=\"55174\" src=\"\/tin-tuc\/wp-content\/uploads\/2019\/02\/3-3.png\" style=\"width: 100%;\"><\/span><span style=\"width: 100%;\"><img loading=\"lazy\" decoding=\"async\" alt=\"4\" width=\"608\" height=\"208\" title=\"4\" data-id=\"55175\" src=\"\/tin-tuc\/wp-content\/uploads\/2019\/02\/4-2.png\" style=\"width: 100%;\"><\/span><span style=\"width: 100%;\"><a href=\"https:\/\/hoanghamobile.com\/ajax\/BookProduct\/14328\"><img loading=\"lazy\" decoding=\"async\" alt=\"landing-page-S10-5\" width=\"269\" height=\"68\" title=\"landing-page-S10-5\" data-id=\"55040\" src=\"\/tin-tuc\/wp-content\/uploads\/2019\/02\/landing-page-S10-5-1.png\" style=\"width: 100%;\"><\/a><\/span><span style=\"width: 100%;\"><a href=\"https:\/\/hoanghamobile.com\/ajax\/BookProduct\/14329\"><img loading=\"lazy\" decoding=\"async\" alt=\"landing-page-S10-6\" width=\"269\" height=\"68\" title=\"landing-page-S10-6\" data-id=\"55041\" src=\"\/tin-tuc\/wp-content\/uploads\/2019\/02\/landing-page-S10-6-6.png\" style=\"width: 100%;\"><\/a><\/span><\/p>\n<p style=\"text-align: center;\">\u0110\u00e3 c\u00f3 m\u00e1y tr\u1ea3i nghi\u1ec7m tr\u00ean to\u00e0n h\u1ec7 th\u1ed1ng<\/p>\n<p><span style=\"width: 100%;\"><img loading=\"lazy\" decoding=\"async\" alt=\"2a\" width=\"509\" height=\"583\" title=\"2a\" data-id=\"55512\" src=\"\/tin-tuc\/wp-content\/uploads\/2019\/02\/2a-1.png\" style=\"width: 100%;\"><\/span><span style=\"width: 100%;\"><img loading=\"lazy\" decoding=\"async\" alt=\"2a\" width=\"602\" height=\"612\" title=\"2a\" data-id=\"55187\" src=\"\/tin-tuc\/wp-content\/uploads\/2019\/02\/2a.png\" style=\"width: 100%;\"><\/span><span style=\"width: 100%;\"><img loading=\"lazy\" decoding=\"async\" alt=\"12\" width=\"768\" height=\"272\" title=\"12\" data-id=\"55911\" src=\"\/tin-tuc\/wp-content\/uploads\/2019\/03\/12.png\" style=\"width: 100%;\"><\/span><span style=\"width: 100%;\"><img loading=\"lazy\" decoding=\"async\" alt=\"4\" width=\"608\" height=\"208\" title=\"4\" data-id=\"55175\" src=\"\/tin-tuc\/wp-content\/uploads\/2019\/02\/4-2.png\" style=\"width: 100%;\"><\/span><span style=\"width: 100%;\"><img loading=\"lazy\" decoding=\"async\" alt=\"landing-page-S10-5\" width=\"269\" height=\"68\" title=\"landing-page-S10-5\" data-id=\"55040\" src=\"\/tin-tuc\/wp-content\/uploads\/2019\/02\/landing-page-S10-5-1.png\" style=\"width: 100%;\"><\/span><span style=\"width: 100%;\"><img loading=\"lazy\" decoding=\"async\" alt=\"landing-page-S10-6\" width=\"269\" height=\"68\" title=\"landing-page-S10-6\" data-id=\"55041\" src=\"\/tin-tuc\/wp-content\/uploads\/2019\/02\/landing-page-S10-6-6.png\" style=\"width: 100%;\"><\/span><\/p>\n<p style=\"text-align: center;\">\u0110\u00e3 c\u00f3 m\u00e1y tr\u1ea3i nghi\u1ec7m tr\u00ean to\u00e0n h\u1ec7 th\u1ed1ng<\/p>\n<p style=\"text-align: center;\"><span>KH\u00d4NG NH\u1eacN QU\u00c0 &#8211;&nbsp;<\/span><span><span>GI\u00c1 T\u1ed0T H\u01a0N <span style=\"color: rgb(255, 255, 255);\">&#8211; <\/span><\/span><\/span>LI\u00caN H\u1ec6 1900 2091<\/p>\n<p style=\"text-align: center;\"><span>KH\u00d4NG NH\u1eacN QU\u00c0<\/span><span><\/span><span><span>GI\u00c1 T\u1ed0T H\u01a0N <\/span><\/span>LI\u00caN H\u1ec6 1900 2091<\/p>\n<p><span style=\"width: 100%;\"><img loading=\"lazy\" decoding=\"async\" alt=\"landing-page-S10-6\" width=\"1202\" height=\"336\" title=\"landing-page-S10-6\" data-id=\"54584\" src=\"\/tin-tuc\/wp-content\/uploads\/2019\/02\/landing-page-S10-6-4.png\" style=\"width: 100%;\"><\/span><span style=\"width: 100%;\"><img loading=\"lazy\" decoding=\"async\" alt=\"landing-page-S10-6\" width=\"503\" height=\"814\" title=\"landing-page-S10-6\" data-id=\"54601\" src=\"\/tin-tuc\/wp-content\/uploads\/2019\/02\/landing-page-S10-6-5.png\" style=\"width: 100%;\"><\/span><\/p>\n<p style=\"text-align: center;\">B\u1ed9 qu\u00e0 Samsung<\/p>\n<p><span style=\"width: 100%;\"><img loading=\"lazy\" decoding=\"async\" alt=\"tai-nghe\" width=\"553\" height=\"496\" title=\"tai-nghe\" data-id=\"55669\" src=\"\/tin-tuc\/wp-content\/uploads\/2019\/03\/tai-nghe.png\" style=\"width: 100%;\"><\/span><\/p>\n<p style=\"text-align: left;\"><strong>Tai nghe kh\u00f4ng d\u00e2y Galaxy buds<\/strong><\/p>\n<p>-C\u00f4ng ngh\u1ec7 \u00e2m thanh \u0111\u1ec9nh cao- Thi\u1ebft k\u1ebf g\u1ecdn nh\u1eb9, th\u1eddi trang- K\u1ebft n\u1ed1i si\u00eau t\u1ed1c, c\u1ea3m \u1ee9ng ti\u1ec7n d\u1ee5ng<\/p>\n<p><span style=\"width: 100%;\"><img loading=\"lazy\" decoding=\"async\" alt=\"5\" width=\"442\" height=\"133\" title=\"5\" data-id=\"54075\" src=\"\/tin-tuc\/wp-content\/uploads\/2019\/02\/5.png\" style=\"width: 100%;\"><\/span><span style=\"width: 100%;\"><img loading=\"lazy\" decoding=\"async\" alt=\"7\" width=\"553\" height=\"496\" title=\"7\" data-id=\"54111\" src=\"\/tin-tuc\/wp-content\/uploads\/2019\/02\/7-1.png\" style=\"width: 100%;\"><\/span><\/p>\n<p style=\"text-align: left;\"><strong>Bao da<span> Clear View S M\u1edb<\/span>i<\/strong><\/p>\n<p>&#8211; Ch\u1ea5t li\u1ec7u cao c\u1ea5p- Thi\u1ebft k\u1ebf m\u1eb7t sau d\u1ea1ng \u1ed1p l\u01b0ng bo v\u00e0 \u00f4m tr\u1ecdn m\u00e1y \u1edf c\u00e1c g\u00f3c c\u1ea1nh- H\u1ed7 tr\u1ee3 thao t\u00e1c d\u1ec5 d\u00e0ng<\/p>\n<p><span style=\"width: 100%;\"><img loading=\"lazy\" decoding=\"async\" alt=\"11\" width=\"442\" height=\"133\" title=\"11\" data-id=\"54080\" src=\"\/tin-tuc\/wp-content\/uploads\/2019\/02\/11.png\" style=\"width: 100%;\"><\/span><span style=\"width: 100%;\"><img loading=\"lazy\" decoding=\"async\" alt=\"7\" width=\"513\" height=\"536\" title=\"7\" data-id=\"54076\" src=\"\/tin-tuc\/wp-content\/uploads\/2019\/02\/7.png\" style=\"width: 100%;\"><\/span><\/p>\n<h2 style=\"text-align: center;\">B\u1ed8 QU\u00c0 HO\u00c0NG H\u00c0<\/h2>\n<p><span style=\"width: 100%;\"><img loading=\"lazy\" decoding=\"async\" alt=\"13-1\" width=\"553\" height=\"496\" title=\"13-1\" data-id=\"55047\" src=\"\/tin-tuc\/wp-content\/uploads\/2019\/02\/13-1-1.png\" style=\"width: 100%;\"><\/span><\/p>\n<p><strong>LOA DI \u0110\u1ed8NG JBL FLIP 4<\/strong><\/p>\n<p><strong><span>&#8211; C\u00f3 th\u1ec3 k\u1ebft n\u1ed1i c\u00f9ng l\u00fac v\u1edbi 2 \u0111i\u1ec7n tho\u1ea1i ho\u1eb7c 2 m\u00e1y t\u00ednh b\u1ea3ng l\u1ea7n l\u01b0\u1ee3t ph\u00e1t \u00e2m thanh- C\u00f3 b\u1ed9 l\u1ecdc \u00e2m thanh, l\u1ecdc ti\u1ebfng \u1ed3n- Tr\u1ea3i nghi\u1ec7m \u00e2m thanh v\u1edbi th\u1eddi gian l\u00ean t\u1edbi 12h<\/span><\/strong><\/p>\n<p><span style=\"width: 100%;\"><img loading=\"lazy\" decoding=\"async\" alt=\"1\" width=\"442\" height=\"133\" title=\"1\" data-id=\"55048\" src=\"\/tin-tuc\/wp-content\/uploads\/2019\/02\/1-3.png\" style=\"width: 100%;\"><\/span><span style=\"width: 100%;\"><img loading=\"lazy\" decoding=\"async\" alt=\"12-1\" width=\"553\" height=\"496\" title=\"12-1\" data-id=\"55046\" src=\"\/tin-tuc\/wp-content\/uploads\/2019\/02\/12-1-1.png\" style=\"width: 100%;\"><\/span><\/p>\n<p><strong><strong>TH\u1eba NH\u1eda SANDISK ULTRA 64GB<\/strong><\/strong><\/p>\n<p><strong><span>&#8211; Ch\u1ed1ng n\u01b0\u1edbc t\u1ed1t- Thi\u1ebft k\u1ebf t\u01b0\u01a1ng th\u00edch tr\u00ean nhi\u1ec1u thi\u1ebft b\u1ecb- Truy\u1ec1n t\u1ea3i nhanh ch\u00f3ng v\u00e0 \u1ed5n \u0111\u1ecbnh<\/span><\/strong><strong><span>&nbsp;(\u00c1P D\u1ee4NG CHO B\u1ea2N Galaxy S10+)<\/span><\/strong><\/p>\n<p><span style=\"width: 100%;\"><img loading=\"lazy\" decoding=\"async\" alt=\"2\" width=\"442\" height=\"133\" title=\"2\" data-id=\"55049\" src=\"\/tin-tuc\/wp-content\/uploads\/2019\/02\/2-7.png\" style=\"width: 100%;\"><\/span><\/p>\n<p style=\"text-align: center;\"><span>KH\u00d4NG NH\u1eacN QU\u00c0<\/span><span><\/span><span>&nbsp;<\/span><span><span>GI\u00c1 T\u1ed0T H\u01a0N <\/span><\/span>LI\u00caN H\u1ec6 1900 2091<\/p>\n<p style=\"text-align: center;\"><span><span>KH\u00d4NG NH\u1eacN QU\u00c0 &#8211;&nbsp;<\/span><span><span>GI\u00c1 T\u1ed0T H\u01a0N&nbsp;<span>&#8211;&nbsp;<\/span><\/span><\/span>LI\u00caN H\u1ec6 1900 2091<\/span><\/p>\n<p style=\"text-align: center;\">\u01afu \u0111\u00e3i \u0111\u1eb7c quy\u1ec1n samsung<\/p>\n<p><span style=\"width: 100%;\"><img loading=\"lazy\" decoding=\"async\" alt=\"13\" width=\"1423\" height=\"427\" title=\"13\" data-id=\"55912\" src=\"\/tin-tuc\/wp-content\/uploads\/2019\/03\/13.png\" style=\"width: 100%;\"><\/span><\/p>\n<p><span><strong>1. Th\u1eddi gian \u0111\u1eb7t tr\u01b0\u1edbc:&nbsp;<\/strong>27.02 &#8211; 07.03.2019<span>\u0110\u1eb7t c\u1ecdc gi\u1eef \u01b0u \u0111\u00e3i kh\u1ee7ng:&nbsp;<\/span><\/span><span>500.000\u0111<\/span><span><strong>3. Hai b\u1ed9 qu\u00e0 \u0111\u1eb7t g\u1ea1ch Galaxy S10 \/ S10+ bao g\u1ed3m:<\/strong>&#8211; B\u1ed9 qu\u00e0 Samsung tr\u1ecb gi\u00e1 h\u01a1n 6.000.000\u0111+ Tai nghe Samsung kh\u00f4ng d\u00e2y tr\u1ecb gi\u00e1 4,500,000\u0111+ Clear view ch\u00ednh h\u00e3ng tr\u1ecb gi\u00e1 1,500,000\u0111<\/span><span>&#8211; B\u1ed9 qu\u00e0 t\u1eb7ng Ho\u00e0ng H\u00e0<\/span><span><span><strong>(Gi\u00e1 kh\u00f4ng qu\u00e0 &#8211; g\u1ecdi ngay 19002091)<\/strong><\/span>+&nbsp;<\/span>S10 128 t\u1eb7ng): Loa di \u0111\u1ed9ng JBL Flip 4 &#8211; ch\u00ednh h\u00e3ng tr\u1ecb gi\u00e1 2.690.000\u0111<\/p>\n<p><span>+ S10 plus 128 t\u1eb7ng b\u1ed9 qu\u00e0: Loa di \u0111\u1ed9ng JBL Flip 4 &#8211; ch\u00ednh h\u00e3ng tr\u1ecb gi\u00e1 2.690.000\u0111 + Th\u1ebb nh\u1edb SanDisk Ultra 64GB ch\u00ednh h\u00e3ng tr\u1ecb gi\u00e1 690.000\u0111<\/span><span><strong><span><span><span><strong><span>4. C\u01a1 h\u1ed9i tr\u00fang s\u1ed5 ti\u1ebft ki\u1ec7m l\u00ean \u0111\u1ebfn 50 tri\u1ec7<\/span><\/strong><\/span><\/span><span><span><span><strong><span><span><span><strong>u<\/strong><\/span><\/span><\/span><\/strong><\/span><\/span><\/span><\/span><span><span><span><\/span><\/span><\/span><span><strong><span><span><span><strong>5. Ng\u00e0y m\u1edf b\u00e1n D.Day:&nbsp;<\/strong><\/span><\/span>08\/03\/2019<\/span><\/strong><\/span><\/strong><strong><\/strong><\/span><\/p>\n<p><span style=\"width: 100%;\"><img loading=\"lazy\" decoding=\"async\" alt=\"landing-page-S10-5\" width=\"269\" height=\"68\" title=\"landing-page-S10-5\" data-id=\"55040\" src=\"\/tin-tuc\/wp-content\/uploads\/2019\/02\/landing-page-S10-5-1.png\" style=\"width: 100%;\"><\/span><span style=\"width: 100%;\"><a href=\"https:\/\/hoanghamobile.com\/ajax\/BookProduct\/14328\"><img loading=\"lazy\" decoding=\"async\" alt=\"landing-page-S10-5\" width=\"269\" height=\"68\" title=\"landing-page-S10-5\" data-id=\"55040\" src=\"\/tin-tuc\/wp-content\/uploads\/2019\/02\/landing-page-S10-5-1.png\" style=\"width: 100%;\"><\/a><\/span><span style=\"width: 100%;\"><img loading=\"lazy\" decoding=\"async\" alt=\"landing-page-S10-6\" width=\"269\" height=\"68\" title=\"landing-page-S10-6\" data-id=\"55041\" src=\"\/tin-tuc\/wp-content\/uploads\/2019\/02\/landing-page-S10-6-6.png\" style=\"width: 100%;\"><\/span><span style=\"width: 100%;\"><a href=\"https:\/\/hoanghamobile.com\/ajax\/BookProduct\/14329\"><img loading=\"lazy\" decoding=\"async\" alt=\"landing-page-S10-6\" width=\"269\" height=\"68\" title=\"landing-page-S10-6\" data-id=\"55041\" src=\"\/tin-tuc\/wp-content\/uploads\/2019\/02\/landing-page-S10-6-6.png\" style=\"width: 100%;\"><\/a><\/span><\/p>\n","protected":false},"excerpt":{"rendered":"<p>\u0110\u00e3 c\u00f3 m\u00e1y tr\u1ea3i nghi\u1ec7m tr\u00ean to\u00e0n h\u1ec7 th\u1ed1ng \u0110\u00e3 c\u00f3 m\u00e1y tr\u1ea3i nghi\u1ec7m tr\u00ean to\u00e0n h\u1ec7 th\u1ed1ng KH\u00d4NG NH\u1eacN QU\u00c0 &#8211;&nbsp;GI\u00c1 T\u1ed0T H\u01a0N &#8211; LI\u00caN H\u1ec6 1900 2091 KH\u00d4NG NH\u1eacN QU\u00c0GI\u00c1 T\u1ed0T H\u01a0N LI\u00caN H\u1ec6 1900 2091 B\u1ed9 qu\u00e0 Samsung Tai nghe kh\u00f4ng d\u00e2y Galaxy buds -C\u00f4ng ngh\u1ec7 \u00e2m thanh \u0111\u1ec9nh cao- Thi\u1ebft k\u1ebf [&hellip;]<\/p>\n","protected":false},"author":28,"featured_media":0,"parent":43252,"menu_order":0,"comment_status":"closed","ping_status":"closed","template":"","meta":{"footnotes":""},"class_list":["post-55502","page","type-page","status-publish","hentry"],"yoast_head":"<!-- This site is optimized with the Yoast SEO Premium plugin v24.2 (Yoast SEO v24.2) - https:\/\/yoast.com\/wordpress\/plugins\/seo\/ -->\n<title>\u0110\u1eb7t tr\u01b0\u1edbc Galaxy S10\/ S10Plus \u2013 \u01afu \u0111\u00e3i 9 TRI\u1ec6U - Tin t\u1ee9c c\u00f4ng ngh\u1ec7 - HoangHaMobile<\/title>\n<meta name=\"robots\" content=\"index, follow, max-snippet:-1, max-image-preview:large, max-video-preview:-1\" \/>\n<link rel=\"canonical\" href=\"https:\/\/hoanghamobile.com\/tin-tuc\/dat-hang\/dat-truoc-s10-s10plus-qua-9trieu\/\" \/>\n<meta property=\"og:locale\" content=\"vi_VN\" \/>\n<meta property=\"og:type\" content=\"article\" \/>\n<meta property=\"og:title\" content=\"\u0110\u1eb7t h\u00e0ng Galaxy S M\u1edbi\" \/>\n<meta property=\"og:description\" content=\"\u0110\u1eb7t h\u00e0ng Galaxy S M\u1edbi v\u1edbi \u01b0u \u0111\u00e3i l\u1edbn nh\u1ea5t hi\u1ec7n nay t\u1eeb Ho\u00e0ng H\u00e0 Mobile. Xem chi ti\u1ebft ngay!\" \/>\n<meta property=\"og:url\" content=\"https:\/\/hoanghamobile.com\/tin-tuc\/dat-hang\/dat-truoc-s10-s10plus-qua-9trieu\/\" \/>\n<meta property=\"og:site_name\" content=\"Tin t\u1ee9c c\u00f4ng ngh\u1ec7 - HoangHaMobile\" \/>\n<meta property=\"article:publisher\" content=\"https:\/\/www.facebook.com\/hoanghamobilecom\" \/>\n<meta property=\"article:modified_time\" content=\"2019-03-07T11:21:57+00:00\" \/>\n<meta name=\"twitter:card\" content=\"summary_large_image\" \/>\n<meta name=\"twitter:title\" content=\"\u0110\u1eb7t tr\u01b0\u1edbc Galaxy S10\/ S10Plus \u2013 \u01afu \u0111\u00e3i 9 TRI\u1ec6U\" \/>\n<meta name=\"twitter:label1\" content=\"\u01af\u1edbc t\u00ednh th\u1eddi gian \u0111\u1ecdc\" \/>\n\t<meta name=\"twitter:data1\" content=\"2 ph\u00fat\" \/>\n<script type=\"application\/ld+json\" class=\"yoast-schema-graph\">{\"@context\":\"https:\/\/schema.org\",\"@graph\":[{\"@type\":\"WebPage\",\"@id\":\"https:\/\/hoanghamobile.com\/tin-tuc\/dat-hang\/dat-truoc-s10-s10plus-qua-9trieu\/\",\"url\":\"https:\/\/hoanghamobile.com\/tin-tuc\/dat-hang\/dat-truoc-s10-s10plus-qua-9trieu\/\",\"name\":\"\u0110\u1eb7t tr\u01b0\u1edbc Galaxy S10\/ S10Plus \u2013 \u01afu \u0111\u00e3i 9 TRI\u1ec6U - Tin t\u1ee9c c\u00f4ng ngh\u1ec7 - HoangHaMobile\",\"isPartOf\":{\"@id\":\"https:\/\/hoanghamobile.com\/tin-tuc\/#website\"},\"datePublished\":\"2019-02-26T07:27:28+00:00\",\"dateModified\":\"2019-03-07T11:21:57+00:00\",\"breadcrumb\":{\"@id\":\"https:\/\/hoanghamobile.com\/tin-tuc\/dat-hang\/dat-truoc-s10-s10plus-qua-9trieu\/#breadcrumb\"},\"inLanguage\":\"vi\",\"potentialAction\":[{\"@type\":\"ReadAction\",\"target\":[\"https:\/\/hoanghamobile.com\/tin-tuc\/dat-hang\/dat-truoc-s10-s10plus-qua-9trieu\/\"]}]},{\"@type\":\"BreadcrumbList\",\"@id\":\"https:\/\/hoanghamobile.com\/tin-tuc\/dat-hang\/dat-truoc-s10-s10plus-qua-9trieu\/#breadcrumb\",\"itemListElement\":[{\"@type\":\"ListItem\",\"position\":1,\"name\":\"Trang ch\u1ee7\",\"item\":\"https:\/\/hoanghamobile.com\/tin-tuc\/\"},{\"@type\":\"ListItem\",\"position\":2,\"name\":\"\u0110\u1eb7t h\u00e0ng\",\"item\":\"https:\/\/hoanghamobile.com\/tin-tuc\/dat-hang\/\"},{\"@type\":\"ListItem\",\"position\":3,\"name\":\"\u0110\u1eb7t tr\u01b0\u1edbc Galaxy S10\/ S10Plus \u2013 \u01afu \u0111\u00e3i 9 TRI\u1ec6U\"}]},{\"@type\":\"WebSite\",\"@id\":\"https:\/\/hoanghamobile.com\/tin-tuc\/#website\",\"url\":\"https:\/\/hoanghamobile.com\/tin-tuc\/\",\"name\":\"Tin t\u1ee9c c\u00f4ng ngh\u1ec7 - HoangHaMobile\",\"description\":\"\",\"publisher\":{\"@id\":\"https:\/\/hoanghamobile.com\/tin-tuc\/#organization\"},\"potentialAction\":[{\"@type\":\"SearchAction\",\"target\":{\"@type\":\"EntryPoint\",\"urlTemplate\":\"https:\/\/hoanghamobile.com\/tin-tuc\/?s={search_term_string}\"},\"query-input\":{\"@type\":\"PropertyValueSpecification\",\"valueRequired\":true,\"valueName\":\"search_term_string\"}}],\"inLanguage\":\"vi\"},{\"@type\":\"Organization\",\"@id\":\"https:\/\/hoanghamobile.com\/tin-tuc\/#organization\",\"name\":\"Tin t\u1ee9c c\u00f4ng ngh\u1ec7 - HoangHaMobile\",\"url\":\"https:\/\/hoanghamobile.com\/tin-tuc\/\",\"logo\":{\"@type\":\"ImageObject\",\"inLanguage\":\"vi\",\"@id\":\"https:\/\/hoanghamobile.com\/tin-tuc\/#\/schema\/logo\/image\/\",\"url\":\"https:\/\/hoanghamobile.com\/tin-tuc\/wp-content\/uploads\/2021\/12\/logo-text.png\",\"contentUrl\":\"https:\/\/hoanghamobile.com\/tin-tuc\/wp-content\/uploads\/2021\/12\/logo-text.png\",\"width\":256,\"height\":37,\"caption\":\"Tin t\u1ee9c c\u00f4ng ngh\u1ec7 - HoangHaMobile\"},\"image\":{\"@id\":\"https:\/\/hoanghamobile.com\/tin-tuc\/#\/schema\/logo\/image\/\"},\"sameAs\":[\"https:\/\/www.facebook.com\/hoanghamobilecom\"]}]}<\/script>\n<!-- \/ Yoast SEO Premium plugin. -->","yoast_head_json":{"title":"\u0110\u1eb7t tr\u01b0\u1edbc Galaxy S10\/ S10Plus \u2013 \u01afu \u0111\u00e3i 9 TRI\u1ec6U - Tin t\u1ee9c c\u00f4ng ngh\u1ec7 - HoangHaMobile","robots":{"index":"index","follow":"follow","max-snippet":"max-snippet:-1","max-image-preview":"max-image-preview:large","max-video-preview":"max-video-preview:-1"},"canonical":"https:\/\/hoanghamobile.com\/tin-tuc\/dat-hang\/dat-truoc-s10-s10plus-qua-9trieu\/","og_locale":"vi_VN","og_type":"article","og_title":"\u0110\u1eb7t h\u00e0ng Galaxy S M\u1edbi","og_description":"\u0110\u1eb7t h\u00e0ng Galaxy S M\u1edbi v\u1edbi \u01b0u \u0111\u00e3i l\u1edbn nh\u1ea5t hi\u1ec7n nay t\u1eeb Ho\u00e0ng H\u00e0 Mobile. Xem chi ti\u1ebft ngay!","og_url":"https:\/\/hoanghamobile.com\/tin-tuc\/dat-hang\/dat-truoc-s10-s10plus-qua-9trieu\/","og_site_name":"Tin t\u1ee9c c\u00f4ng ngh\u1ec7 - HoangHaMobile","article_publisher":"https:\/\/www.facebook.com\/hoanghamobilecom","article_modified_time":"2019-03-07T11:21:57+00:00","twitter_card":"summary_large_image","twitter_title":"\u0110\u1eb7t tr\u01b0\u1edbc Galaxy S10\/ S10Plus \u2013 \u01afu \u0111\u00e3i 9 TRI\u1ec6U","twitter_misc":{"\u01af\u1edbc t\u00ednh th\u1eddi gian \u0111\u1ecdc":"2 ph\u00fat"},"schema":{"@context":"https:\/\/schema.org","@graph":[{"@type":"WebPage","@id":"https:\/\/hoanghamobile.com\/tin-tuc\/dat-hang\/dat-truoc-s10-s10plus-qua-9trieu\/","url":"https:\/\/hoanghamobile.com\/tin-tuc\/dat-hang\/dat-truoc-s10-s10plus-qua-9trieu\/","name":"\u0110\u1eb7t tr\u01b0\u1edbc Galaxy S10\/ S10Plus \u2013 \u01afu \u0111\u00e3i 9 TRI\u1ec6U - Tin t\u1ee9c c\u00f4ng ngh\u1ec7 - HoangHaMobile","isPartOf":{"@id":"https:\/\/hoanghamobile.com\/tin-tuc\/#website"},"datePublished":"2019-02-26T07:27:28+00:00","dateModified":"2019-03-07T11:21:57+00:00","breadcrumb":{"@id":"https:\/\/hoanghamobile.com\/tin-tuc\/dat-hang\/dat-truoc-s10-s10plus-qua-9trieu\/#breadcrumb"},"inLanguage":"vi","potentialAction":[{"@type":"ReadAction","target":["https:\/\/hoanghamobile.com\/tin-tuc\/dat-hang\/dat-truoc-s10-s10plus-qua-9trieu\/"]}]},{"@type":"BreadcrumbList","@id":"https:\/\/hoanghamobile.com\/tin-tuc\/dat-hang\/dat-truoc-s10-s10plus-qua-9trieu\/#breadcrumb","itemListElement":[{"@type":"ListItem","position":1,"name":"Trang ch\u1ee7","item":"https:\/\/hoanghamobile.com\/tin-tuc\/"},{"@type":"ListItem","position":2,"name":"\u0110\u1eb7t h\u00e0ng","item":"https:\/\/hoanghamobile.com\/tin-tuc\/dat-hang\/"},{"@type":"ListItem","position":3,"name":"\u0110\u1eb7t tr\u01b0\u1edbc Galaxy S10\/ S10Plus \u2013 \u01afu \u0111\u00e3i 9 TRI\u1ec6U"}]},{"@type":"WebSite","@id":"https:\/\/hoanghamobile.com\/tin-tuc\/#website","url":"https:\/\/hoanghamobile.com\/tin-tuc\/","name":"Tin t\u1ee9c c\u00f4ng ngh\u1ec7 - HoangHaMobile","description":"","publisher":{"@id":"https:\/\/hoanghamobile.com\/tin-tuc\/#organization"},"potentialAction":[{"@type":"SearchAction","target":{"@type":"EntryPoint","urlTemplate":"https:\/\/hoanghamobile.com\/tin-tuc\/?s={search_term_string}"},"query-input":{"@type":"PropertyValueSpecification","valueRequired":true,"valueName":"search_term_string"}}],"inLanguage":"vi"},{"@type":"Organization","@id":"https:\/\/hoanghamobile.com\/tin-tuc\/#organization","name":"Tin t\u1ee9c c\u00f4ng ngh\u1ec7 - HoangHaMobile","url":"https:\/\/hoanghamobile.com\/tin-tuc\/","logo":{"@type":"ImageObject","inLanguage":"vi","@id":"https:\/\/hoanghamobile.com\/tin-tuc\/#\/schema\/logo\/image\/","url":"https:\/\/hoanghamobile.com\/tin-tuc\/wp-content\/uploads\/2021\/12\/logo-text.png","contentUrl":"https:\/\/hoanghamobile.com\/tin-tuc\/wp-content\/uploads\/2021\/12\/logo-text.png","width":256,"height":37,"caption":"Tin t\u1ee9c c\u00f4ng ngh\u1ec7 - HoangHaMobile"},"image":{"@id":"https:\/\/hoanghamobile.com\/tin-tuc\/#\/schema\/logo\/image\/"},"sameAs":["https:\/\/www.facebook.com\/hoanghamobilecom"]}]}},"_links":{"self":[{"href":"https:\/\/hoanghamobile.com\/tin-tuc\/wp-json\/wp\/v2\/pages\/55502","targetHints":{"allow":["GET"]}}],"collection":[{"href":"https:\/\/hoanghamobile.com\/tin-tuc\/wp-json\/wp\/v2\/pages"}],"about":[{"href":"https:\/\/hoanghamobile.com\/tin-tuc\/wp-json\/wp\/v2\/types\/page"}],"author":[{"embeddable":true,"href":"https:\/\/hoanghamobile.com\/tin-tuc\/wp-json\/wp\/v2\/users\/28"}],"replies":[{"embeddable":true,"href":"https:\/\/hoanghamobile.com\/tin-tuc\/wp-json\/wp\/v2\/comments?post=55502"}],"version-history":[{"count":0,"href":"https:\/\/hoanghamobile.com\/tin-tuc\/wp-json\/wp\/v2\/pages\/55502\/revisions"}],"up":[{"embeddable":true,"href":"https:\/\/hoanghamobile.com\/tin-tuc\/wp-json\/wp\/v2\/pages\/43252"}],"wp:attachment":[{"href":"https:\/\/hoanghamobile.com\/tin-tuc\/wp-json\/wp\/v2\/media?parent=55502"}],"curies":[{"name":"wp","href":"https:\/\/api.w.org\/{rel}","templated":true}]}}