{"id":55153,"date":"2019-02-23T12:20:27","date_gmt":"2019-02-23T05:20:27","guid":{"rendered":"http:\/\/hoanghamobile.com\/tin-tuc\/?page_id=55153"},"modified":"2019-03-05T10:51:34","modified_gmt":"2019-03-05T03:51:34","slug":"dat-truoc-s10-s10plus-qua-6-trieu","status":"publish","type":"page","link":"https:\/\/hoanghamobile.com\/tin-tuc\/dat-truoc-s10-s10plus-qua-6-trieu\/","title":{"rendered":"\u0110\u1eb7t tr\u01b0\u1edbc Galaxy S10\/ S10Plus \u2013 \u01afu \u0111\u00e3i 6 Tri\u1ec7u"},"content":{"rendered":"<p><span style=\"width: 100%;\"><a href=\"https:\/\/hoanghamobile.com\/\" target=\"_blank\"><img decoding=\"async\" alt=\"sticky-logo (2)\" width=\"390\" height=\"42\" title=\"sticky-logo (2)\" data-id=\"54060\" src=\"\/tin-tuc\/wp-content\/uploads\/2019\/02\/sticky-logo-2.png\" style=\"width: 100%;\"><\/a><\/span><span style=\"width: 100%;\"><img decoding=\"async\" alt=\"T3-Ctrinh-samsung-\" width=\"374\" height=\"33\" title=\"T3-Ctrinh-samsung-\" data-id=\"55702\" src=\"\/tin-tuc\/wp-content\/uploads\/2019\/03\/T3-Ctrinh-samsung-1-1.png\" style=\"width: 100%;\"><\/span><span style=\"width: 100%;\"><img fetchpriority=\"high\" decoding=\"async\" alt=\"1\" width=\"733\" height=\"161\" title=\"1\" data-id=\"55172\" src=\"\/tin-tuc\/wp-content\/uploads\/2019\/02\/1-4.png\" style=\"width: 100%;\"><\/span><span style=\"width: 100%;\"><img loading=\"lazy\" decoding=\"async\" alt=\"landing-page-S10-giai-doan-3\" width=\"608\" height=\"224\" title=\"landing-page-S10-giai-doan-3\" data-id=\"55693\" src=\"\/tin-tuc\/wp-content\/uploads\/2019\/03\/landing-page-S10-giai-doan-3.png\" style=\"width: 100%;\"><\/span><span style=\"width: 100%;\"><a href=\"https:\/\/hoanghamobile.com\/ajax\/BookProduct\/14328\"><img loading=\"lazy\" decoding=\"async\" alt=\"landing-page-S10-5\" width=\"269\" height=\"68\" title=\"landing-page-S10-5\" data-id=\"55040\" src=\"\/tin-tuc\/wp-content\/uploads\/2019\/02\/landing-page-S10-5-1.png\" style=\"width: 100%;\"><\/a><\/span><span style=\"width: 100%;\"><a href=\"https:\/\/hoanghamobile.com\/ajax\/BookProduct\/14329\"><img loading=\"lazy\" decoding=\"async\" alt=\"landing-page-S10-6\" width=\"269\" height=\"68\" title=\"landing-page-S10-6\" data-id=\"55041\" src=\"\/tin-tuc\/wp-content\/uploads\/2019\/02\/landing-page-S10-6-6.png\" style=\"width: 100%;\"><\/a><\/span><span style=\"width: 100%;\"><img loading=\"lazy\" decoding=\"async\" alt=\"2a\" width=\"602\" height=\"612\" title=\"2a\" data-id=\"55187\" src=\"\/tin-tuc\/wp-content\/uploads\/2019\/02\/2a.png\" style=\"width: 100%;\"><\/span><span style=\"width: 100%;\"><img loading=\"lazy\" decoding=\"async\" alt=\"2\" width=\"509\" height=\"583\" title=\"2\" data-id=\"55510\" src=\"\/tin-tuc\/wp-content\/uploads\/2019\/02\/2-12.png\" style=\"width: 100%;\"><\/span><span style=\"width: 100%;\"><img fetchpriority=\"high\" decoding=\"async\" alt=\"1\" width=\"733\" height=\"161\" title=\"1\" data-id=\"55172\" src=\"\/tin-tuc\/wp-content\/uploads\/2019\/02\/1-4.png\" style=\"width: 100%;\"><\/span><span style=\"width: 100%;\"><img loading=\"lazy\" decoding=\"async\" alt=\"landing-page-S10-giai-doan-3\" width=\"608\" height=\"224\" title=\"landing-page-S10-giai-doan-3\" data-id=\"55693\" src=\"\/tin-tuc\/wp-content\/uploads\/2019\/03\/landing-page-S10-giai-doan-3.png\" style=\"width: 100%;\"><\/span><span style=\"width: 100%;\"><img loading=\"lazy\" decoding=\"async\" alt=\"landing-page-S10-5\" width=\"269\" height=\"68\" title=\"landing-page-S10-5\" data-id=\"55040\" src=\"\/tin-tuc\/wp-content\/uploads\/2019\/02\/landing-page-S10-5-1.png\" style=\"width: 100%;\"><\/span><span style=\"width: 100%;\"><img loading=\"lazy\" decoding=\"async\" alt=\"landing-page-S10-6\" width=\"269\" height=\"68\" title=\"landing-page-S10-6\" data-id=\"55041\" src=\"\/tin-tuc\/wp-content\/uploads\/2019\/02\/landing-page-S10-6-6.png\" style=\"width: 100%;\"><\/span><\/p>\n<p style=\"text-align: center;\"><span>S\u1ed0 L\u01af\u1ee2NG \u0110\u1eb6T TR\u01af\u1edaC C\u00d2N R\u1ea4T \u00cdT<\/span><span>\u0110\u00e3 c\u00f3 m\u00e1y tr\u1ea3i nghi\u1ec7m to\u00e0n h\u1ec7 th\u1ed1ng<\/span><\/p>\n<p style=\"text-align: center;\"><span><span style=\"text-transform: uppercase;\">S\u1ed1 l\u01b0\u1ee3ng \u0111\u1eb7t tr\u01b0\u1edbc c\u00f2n r\u1ea5t \u00edt &#8211; \u01afu \u0111\u00e3i t\u1ed1t h\u01a1n &#8211; li\u00ean h\u1ec7 1900.2091<\/span><\/span><\/p>\n<p style=\"text-align: center;\"><span><span><span>S\u1ed1 l\u01b0\u1ee3ng \u0111\u1eb7t tr\u01b0\u1edbc c\u00f2n r\u1ea5t \u00edt&nbsp;<\/span><span>\u01afu \u0111\u00e3i t\u1ed1t h\u01a1n &#8211; li\u00ean h\u1ec7 1900.2091<\/span><\/span><span><span>\u200b<\/span><\/span><\/span><\/p>\n<p><span style=\"width: 100%;\"><img loading=\"lazy\" decoding=\"async\" alt=\"landing-page-S10-6\" width=\"1202\" height=\"336\" title=\"landing-page-S10-6\" data-id=\"54584\" src=\"\/tin-tuc\/wp-content\/uploads\/2019\/02\/landing-page-S10-6-4.png\" style=\"width: 100%;\"><\/span><span style=\"width: 100%;\"><img loading=\"lazy\" decoding=\"async\" alt=\"landing-page-S10-6\" width=\"503\" height=\"814\" title=\"landing-page-S10-6\" data-id=\"54601\" src=\"\/tin-tuc\/wp-content\/uploads\/2019\/02\/landing-page-S10-6-5.png\" style=\"width: 100%;\"><\/span><\/p>\n<p style=\"text-align: center;\">B\u1ed9 qu\u00e0 Samsung<\/p>\n<p><span style=\"width: 100%;\"><img loading=\"lazy\" decoding=\"async\" alt=\"tai-nghe\" width=\"553\" height=\"496\" title=\"tai-nghe\" data-id=\"55669\" src=\"\/tin-tuc\/wp-content\/uploads\/2019\/03\/tai-nghe.png\" style=\"width: 100%;\"><\/span><\/p>\n<p style=\"text-align: left;\"><strong>Tai nghe kh\u00f4ng d\u00e2y Galaxy buds<\/strong><\/p>\n<p>-C\u00f4ng ngh\u1ec7 \u00e2m thanh \u0111\u1ec9nh cao- Thi\u1ebft k\u1ebf g\u1ecdn nh\u1eb9, th\u1eddi trang- K\u1ebft n\u1ed1i si\u00eau t\u1ed1c, c\u1ea3m \u1ee9ng ti\u1ec7n d\u1ee5ng<\/p>\n<p><span style=\"width: 100%;\"><img loading=\"lazy\" decoding=\"async\" alt=\"5\" width=\"442\" height=\"133\" title=\"5\" data-id=\"54075\" src=\"\/tin-tuc\/wp-content\/uploads\/2019\/02\/5.png\" style=\"width: 100%;\"><\/span><span style=\"width: 100%;\"><img loading=\"lazy\" decoding=\"async\" alt=\"7\" width=\"553\" height=\"496\" title=\"7\" data-id=\"54111\" src=\"\/tin-tuc\/wp-content\/uploads\/2019\/02\/7-1.png\" style=\"width: 100%;\"><\/span><\/p>\n<p style=\"text-align: left;\"><strong>Bao da<span> Clear View S M\u1edb<\/span>i<\/strong><\/p>\n<p>&#8211; Ch\u1ea5t li\u1ec7u cao c\u1ea5p- Thi\u1ebft k\u1ebf m\u1eb7t sau d\u1ea1ng \u1ed1p l\u01b0ng bo v\u00e0 \u00f4m tr\u1ecdn m\u00e1y \u1edf c\u00e1c g\u00f3c c\u1ea1nh- H\u1ed7 tr\u1ee3 thao t\u00e1c d\u1ec5 d\u00e0ng<\/p>\n<p><span style=\"width: 100%;\"><img loading=\"lazy\" decoding=\"async\" alt=\"11\" width=\"442\" height=\"133\" title=\"11\" data-id=\"54080\" src=\"\/tin-tuc\/wp-content\/uploads\/2019\/02\/11.png\" style=\"width: 100%;\"><\/span><span style=\"width: 100%;\"><img loading=\"lazy\" decoding=\"async\" alt=\"7\" width=\"513\" height=\"536\" title=\"7\" data-id=\"54076\" src=\"\/tin-tuc\/wp-content\/uploads\/2019\/02\/7.png\" style=\"width: 100%;\"><\/span><\/p>\n<p style=\"text-align: center;\"><span>S\u1ed1 l\u01b0\u1ee3ng \u0111\u1eb7t tr\u01b0\u1edbc c\u00f2n r\u1ea5t \u00edt <\/span><span>\u01afu \u0111\u00e3i t\u1ed1t h\u01a1n &#8211; li\u00ean h\u1ec7 1900.2091<\/span><\/p>\n<p style=\"text-align: center;\"><span><span>S\u1ed0 L\u01af\u1ee2NG \u0110\u1eb6T TR\u01af\u1edaC C\u00d2N R\u1ea4T \u00cdT &#8211; \u01afU \u0110\u00c3I T\u1ed0T H\u01a0N &#8211; LI\u00caN H\u1ec6 1900.2091<\/span><span><span>\u200b<\/span><\/span><\/span><\/p>\n<p style=\"text-align: center;\">\u01afu \u0111\u00e3i \u0111\u1eb7c quy\u1ec1n samsung<\/p>\n<p><span style=\"width: 100%;\"><img loading=\"lazy\" decoding=\"async\" alt=\"7\" width=\"999\" height=\"427\" title=\"7\" data-id=\"55630\" src=\"\/tin-tuc\/wp-content\/uploads\/2019\/02\/7-4.png\" style=\"width: 100%;\"><\/span><\/p>\n<p><span><strong>1. Th\u1eddi gian \u0111\u1eb7t tr\u01b0\u1edbc:&nbsp;<\/strong>27.02 &#8211; 07.03.2019<span>\u0110\u1eb7t c\u1ecdc gi\u1eef \u01b0u \u0111\u00e3i kh\u1ee7ng:&nbsp;<\/span><\/span><span>500.000\u0111<\/span><span><strong><span style=\"color: rgb(255, 0, 8);\">S\u1ed1 l\u01b0\u1ee3ng \u0111\u1eb7t tr\u01b0\u1edbc c\u00f2n r\u1ea5t \u00edt<\/span><\/strong><\/span><span><strong><span style=\"color: rgb(255, 0, 8);\"><\/span><\/strong><\/span><span><strong>3. Hai b\u1ed9 qu\u00e0 \u0111\u1eb7t g\u1ea1ch Galaxy S10 \/ S10+ bao g\u1ed3m:<\/strong>&#8211; B\u1ed9 qu\u00e0 Samsung tr\u1ecb gi\u00e1 h\u01a1n 6.000.000\u0111+ Tai nghe Samsung kh\u00f4ng d\u00e2y tr\u1ecb gi\u00e1 4,500,000\u0111+ Clear view ch\u00ednh h\u00e3ng tr\u1ecb gi\u00e1 1,500,000\u0111<\/span><span>\u200b<\/span><span><span><strong>(\u01afu \u0111\u00e3i t\u1ed1t nh\u1ea5t &#8211; g\u1ecdi ngay 19002091)<\/strong><\/span><\/span><span><strong><span><span><span><strong><span>4. C\u01a1 h\u1ed9i tr\u00fang s\u1ed5 ti\u1ebft ki\u1ec7m l\u00ean \u0111\u1ebfn 50 tri\u1ec7<\/span><\/strong><\/span><\/span><span><span><span><strong><span><span><span><strong>u<\/strong><\/span><\/span><\/span><\/strong><\/span><\/span><\/span><\/span><span><span><span><\/span><\/span><\/span><span><strong><span><span><span><strong>5. Ng\u00e0y m\u1edf b\u00e1n D.Day:&nbsp;<\/strong><\/span><\/span>08\/03\/2019<\/span><\/strong><\/span><\/strong><strong><\/strong><\/span><\/p>\n<p><span style=\"width: 100%;\"><img loading=\"lazy\" decoding=\"async\" alt=\"landing-page-S10-5\" width=\"269\" height=\"68\" title=\"landing-page-S10-5\" data-id=\"55040\" src=\"\/tin-tuc\/wp-content\/uploads\/2019\/02\/landing-page-S10-5-1.png\" style=\"width: 100%;\"><\/span><span style=\"width: 100%;\"><a href=\"https:\/\/hoanghamobile.com\/ajax\/BookProduct\/14328\"><img loading=\"lazy\" decoding=\"async\" alt=\"landing-page-S10-5\" width=\"269\" height=\"68\" title=\"landing-page-S10-5\" data-id=\"55040\" src=\"\/tin-tuc\/wp-content\/uploads\/2019\/02\/landing-page-S10-5-1.png\" style=\"width: 100%;\"><\/a><\/span><span style=\"width: 100%;\"><img loading=\"lazy\" decoding=\"async\" alt=\"landing-page-S10-6\" width=\"269\" height=\"68\" title=\"landing-page-S10-6\" data-id=\"55041\" src=\"\/tin-tuc\/wp-content\/uploads\/2019\/02\/landing-page-S10-6-6.png\" style=\"width: 100%;\"><\/span><span style=\"width: 100%;\"><a href=\"https:\/\/hoanghamobile.com\/ajax\/BookProduct\/14329\"><img loading=\"lazy\" decoding=\"async\" alt=\"landing-page-S10-6\" width=\"269\" height=\"68\" title=\"landing-page-S10-6\" data-id=\"55041\" src=\"\/tin-tuc\/wp-content\/uploads\/2019\/02\/landing-page-S10-6-6.png\" style=\"width: 100%;\"><\/a><\/span><\/p>\n","protected":false},"excerpt":{"rendered":"<p>S\u1ed0 L\u01af\u1ee2NG \u0110\u1eb6T TR\u01af\u1edaC C\u00d2N R\u1ea4T \u00cdT\u0110\u00e3 c\u00f3 m\u00e1y tr\u1ea3i nghi\u1ec7m to\u00e0n h\u1ec7 th\u1ed1ng S\u1ed1 l\u01b0\u1ee3ng \u0111\u1eb7t tr\u01b0\u1edbc c\u00f2n r\u1ea5t \u00edt &#8211; \u01afu \u0111\u00e3i t\u1ed1t h\u01a1n &#8211; li\u00ean h\u1ec7 1900.2091 S\u1ed1 l\u01b0\u1ee3ng \u0111\u1eb7t tr\u01b0\u1edbc c\u00f2n r\u1ea5t \u00edt&nbsp;\u01afu \u0111\u00e3i t\u1ed1t h\u01a1n &#8211; li\u00ean h\u1ec7 1900.2091\u200b B\u1ed9 qu\u00e0 Samsung Tai nghe kh\u00f4ng d\u00e2y Galaxy buds -C\u00f4ng ngh\u1ec7 [&hellip;]<\/p>\n","protected":false},"author":28,"featured_media":0,"parent":0,"menu_order":0,"comment_status":"closed","ping_status":"closed","template":"","meta":{"footnotes":""},"class_list":["post-55153","page","type-page","status-publish","hentry"],"yoast_head":"<!-- This site is optimized with the Yoast SEO Premium plugin v24.2 (Yoast SEO v24.2) - https:\/\/yoast.com\/wordpress\/plugins\/seo\/ -->\n<title>\u0110\u1eb7t tr\u01b0\u1edbc Galaxy S10\/ S10Plus \u2013 \u01afu \u0111\u00e3i 6 Tri\u1ec7u - Tin t\u1ee9c c\u00f4ng ngh\u1ec7 - HoangHaMobile<\/title>\n<meta name=\"robots\" content=\"index, follow, max-snippet:-1, max-image-preview:large, max-video-preview:-1\" \/>\n<link rel=\"canonical\" href=\"https:\/\/hoanghamobile.com\/tin-tuc\/dat-truoc-s10-s10plus-qua-6-trieu\/\" \/>\n<meta property=\"og:locale\" content=\"vi_VN\" \/>\n<meta property=\"og:type\" content=\"article\" \/>\n<meta property=\"og:title\" content=\"\u0110\u1eb7t h\u00e0ng Galaxy S M\u1edbi\" \/>\n<meta property=\"og:description\" content=\"\u0110\u1eb7t h\u00e0ng Galaxy S M\u1edbi v\u1edbi \u01b0u \u0111\u00e3i l\u1edbn nh\u1ea5t hi\u1ec7n nay t\u1eeb Ho\u00e0ng H\u00e0 Mobile. Xem chi ti\u1ebft ngay!\" \/>\n<meta property=\"og:url\" content=\"https:\/\/hoanghamobile.com\/tin-tuc\/dat-truoc-s10-s10plus-qua-6-trieu\/\" \/>\n<meta property=\"og:site_name\" content=\"Tin t\u1ee9c c\u00f4ng ngh\u1ec7 - HoangHaMobile\" \/>\n<meta property=\"article:publisher\" content=\"https:\/\/www.facebook.com\/hoanghamobilecom\" \/>\n<meta property=\"article:modified_time\" content=\"2019-03-05T03:51:34+00:00\" \/>\n<meta name=\"twitter:card\" content=\"summary_large_image\" \/>\n<meta name=\"twitter:title\" content=\"\u0110\u1eb7t tr\u01b0\u1edbc Galaxy S10\/ S10Plus \u2013 \u01afu \u0111\u00e3i 6 Tri\u1ec7u\" \/>\n<meta name=\"twitter:label1\" content=\"\u01af\u1edbc t\u00ednh th\u1eddi gian \u0111\u1ecdc\" \/>\n\t<meta name=\"twitter:data1\" content=\"1 ph\u00fat\" \/>\n<script type=\"application\/ld+json\" class=\"yoast-schema-graph\">{\"@context\":\"https:\/\/schema.org\",\"@graph\":[{\"@type\":\"WebPage\",\"@id\":\"https:\/\/hoanghamobile.com\/tin-tuc\/dat-truoc-s10-s10plus-qua-6-trieu\/\",\"url\":\"https:\/\/hoanghamobile.com\/tin-tuc\/dat-truoc-s10-s10plus-qua-6-trieu\/\",\"name\":\"\u0110\u1eb7t tr\u01b0\u1edbc Galaxy S10\/ S10Plus \u2013 \u01afu \u0111\u00e3i 6 Tri\u1ec7u - Tin t\u1ee9c c\u00f4ng ngh\u1ec7 - HoangHaMobile\",\"isPartOf\":{\"@id\":\"https:\/\/hoanghamobile.com\/tin-tuc\/#website\"},\"datePublished\":\"2019-02-23T05:20:27+00:00\",\"dateModified\":\"2019-03-05T03:51:34+00:00\",\"breadcrumb\":{\"@id\":\"https:\/\/hoanghamobile.com\/tin-tuc\/dat-truoc-s10-s10plus-qua-6-trieu\/#breadcrumb\"},\"inLanguage\":\"vi\",\"potentialAction\":[{\"@type\":\"ReadAction\",\"target\":[\"https:\/\/hoanghamobile.com\/tin-tuc\/dat-truoc-s10-s10plus-qua-6-trieu\/\"]}]},{\"@type\":\"BreadcrumbList\",\"@id\":\"https:\/\/hoanghamobile.com\/tin-tuc\/dat-truoc-s10-s10plus-qua-6-trieu\/#breadcrumb\",\"itemListElement\":[{\"@type\":\"ListItem\",\"position\":1,\"name\":\"Trang ch\u1ee7\",\"item\":\"https:\/\/hoanghamobile.com\/tin-tuc\/\"},{\"@type\":\"ListItem\",\"position\":2,\"name\":\"\u0110\u1eb7t tr\u01b0\u1edbc Galaxy S10\/ S10Plus \u2013 \u01afu \u0111\u00e3i 6 Tri\u1ec7u\"}]},{\"@type\":\"WebSite\",\"@id\":\"https:\/\/hoanghamobile.com\/tin-tuc\/#website\",\"url\":\"https:\/\/hoanghamobile.com\/tin-tuc\/\",\"name\":\"Tin t\u1ee9c c\u00f4ng ngh\u1ec7 - HoangHaMobile\",\"description\":\"\",\"publisher\":{\"@id\":\"https:\/\/hoanghamobile.com\/tin-tuc\/#organization\"},\"potentialAction\":[{\"@type\":\"SearchAction\",\"target\":{\"@type\":\"EntryPoint\",\"urlTemplate\":\"https:\/\/hoanghamobile.com\/tin-tuc\/?s={search_term_string}\"},\"query-input\":{\"@type\":\"PropertyValueSpecification\",\"valueRequired\":true,\"valueName\":\"search_term_string\"}}],\"inLanguage\":\"vi\"},{\"@type\":\"Organization\",\"@id\":\"https:\/\/hoanghamobile.com\/tin-tuc\/#organization\",\"name\":\"Tin t\u1ee9c c\u00f4ng ngh\u1ec7 - HoangHaMobile\",\"url\":\"https:\/\/hoanghamobile.com\/tin-tuc\/\",\"logo\":{\"@type\":\"ImageObject\",\"inLanguage\":\"vi\",\"@id\":\"https:\/\/hoanghamobile.com\/tin-tuc\/#\/schema\/logo\/image\/\",\"url\":\"https:\/\/hoanghamobile.com\/tin-tuc\/wp-content\/uploads\/2021\/12\/logo-text.png\",\"contentUrl\":\"https:\/\/hoanghamobile.com\/tin-tuc\/wp-content\/uploads\/2021\/12\/logo-text.png\",\"width\":256,\"height\":37,\"caption\":\"Tin t\u1ee9c c\u00f4ng ngh\u1ec7 - HoangHaMobile\"},\"image\":{\"@id\":\"https:\/\/hoanghamobile.com\/tin-tuc\/#\/schema\/logo\/image\/\"},\"sameAs\":[\"https:\/\/www.facebook.com\/hoanghamobilecom\"]}]}<\/script>\n<!-- \/ Yoast SEO Premium plugin. -->","yoast_head_json":{"title":"\u0110\u1eb7t tr\u01b0\u1edbc Galaxy S10\/ S10Plus \u2013 \u01afu \u0111\u00e3i 6 Tri\u1ec7u - Tin t\u1ee9c c\u00f4ng ngh\u1ec7 - HoangHaMobile","robots":{"index":"index","follow":"follow","max-snippet":"max-snippet:-1","max-image-preview":"max-image-preview:large","max-video-preview":"max-video-preview:-1"},"canonical":"https:\/\/hoanghamobile.com\/tin-tuc\/dat-truoc-s10-s10plus-qua-6-trieu\/","og_locale":"vi_VN","og_type":"article","og_title":"\u0110\u1eb7t h\u00e0ng Galaxy S M\u1edbi","og_description":"\u0110\u1eb7t h\u00e0ng Galaxy S M\u1edbi v\u1edbi \u01b0u \u0111\u00e3i l\u1edbn nh\u1ea5t hi\u1ec7n nay t\u1eeb Ho\u00e0ng H\u00e0 Mobile. Xem chi ti\u1ebft ngay!","og_url":"https:\/\/hoanghamobile.com\/tin-tuc\/dat-truoc-s10-s10plus-qua-6-trieu\/","og_site_name":"Tin t\u1ee9c c\u00f4ng ngh\u1ec7 - HoangHaMobile","article_publisher":"https:\/\/www.facebook.com\/hoanghamobilecom","article_modified_time":"2019-03-05T03:51:34+00:00","twitter_card":"summary_large_image","twitter_title":"\u0110\u1eb7t tr\u01b0\u1edbc Galaxy S10\/ S10Plus \u2013 \u01afu \u0111\u00e3i 6 Tri\u1ec7u","twitter_misc":{"\u01af\u1edbc t\u00ednh th\u1eddi gian \u0111\u1ecdc":"1 ph\u00fat"},"schema":{"@context":"https:\/\/schema.org","@graph":[{"@type":"WebPage","@id":"https:\/\/hoanghamobile.com\/tin-tuc\/dat-truoc-s10-s10plus-qua-6-trieu\/","url":"https:\/\/hoanghamobile.com\/tin-tuc\/dat-truoc-s10-s10plus-qua-6-trieu\/","name":"\u0110\u1eb7t tr\u01b0\u1edbc Galaxy S10\/ S10Plus \u2013 \u01afu \u0111\u00e3i 6 Tri\u1ec7u - Tin t\u1ee9c c\u00f4ng ngh\u1ec7 - HoangHaMobile","isPartOf":{"@id":"https:\/\/hoanghamobile.com\/tin-tuc\/#website"},"datePublished":"2019-02-23T05:20:27+00:00","dateModified":"2019-03-05T03:51:34+00:00","breadcrumb":{"@id":"https:\/\/hoanghamobile.com\/tin-tuc\/dat-truoc-s10-s10plus-qua-6-trieu\/#breadcrumb"},"inLanguage":"vi","potentialAction":[{"@type":"ReadAction","target":["https:\/\/hoanghamobile.com\/tin-tuc\/dat-truoc-s10-s10plus-qua-6-trieu\/"]}]},{"@type":"BreadcrumbList","@id":"https:\/\/hoanghamobile.com\/tin-tuc\/dat-truoc-s10-s10plus-qua-6-trieu\/#breadcrumb","itemListElement":[{"@type":"ListItem","position":1,"name":"Trang ch\u1ee7","item":"https:\/\/hoanghamobile.com\/tin-tuc\/"},{"@type":"ListItem","position":2,"name":"\u0110\u1eb7t tr\u01b0\u1edbc Galaxy S10\/ S10Plus \u2013 \u01afu \u0111\u00e3i 6 Tri\u1ec7u"}]},{"@type":"WebSite","@id":"https:\/\/hoanghamobile.com\/tin-tuc\/#website","url":"https:\/\/hoanghamobile.com\/tin-tuc\/","name":"Tin t\u1ee9c c\u00f4ng ngh\u1ec7 - HoangHaMobile","description":"","publisher":{"@id":"https:\/\/hoanghamobile.com\/tin-tuc\/#organization"},"potentialAction":[{"@type":"SearchAction","target":{"@type":"EntryPoint","urlTemplate":"https:\/\/hoanghamobile.com\/tin-tuc\/?s={search_term_string}"},"query-input":{"@type":"PropertyValueSpecification","valueRequired":true,"valueName":"search_term_string"}}],"inLanguage":"vi"},{"@type":"Organization","@id":"https:\/\/hoanghamobile.com\/tin-tuc\/#organization","name":"Tin t\u1ee9c c\u00f4ng ngh\u1ec7 - HoangHaMobile","url":"https:\/\/hoanghamobile.com\/tin-tuc\/","logo":{"@type":"ImageObject","inLanguage":"vi","@id":"https:\/\/hoanghamobile.com\/tin-tuc\/#\/schema\/logo\/image\/","url":"https:\/\/hoanghamobile.com\/tin-tuc\/wp-content\/uploads\/2021\/12\/logo-text.png","contentUrl":"https:\/\/hoanghamobile.com\/tin-tuc\/wp-content\/uploads\/2021\/12\/logo-text.png","width":256,"height":37,"caption":"Tin t\u1ee9c c\u00f4ng ngh\u1ec7 - HoangHaMobile"},"image":{"@id":"https:\/\/hoanghamobile.com\/tin-tuc\/#\/schema\/logo\/image\/"},"sameAs":["https:\/\/www.facebook.com\/hoanghamobilecom"]}]}},"_links":{"self":[{"href":"https:\/\/hoanghamobile.com\/tin-tuc\/wp-json\/wp\/v2\/pages\/55153","targetHints":{"allow":["GET"]}}],"collection":[{"href":"https:\/\/hoanghamobile.com\/tin-tuc\/wp-json\/wp\/v2\/pages"}],"about":[{"href":"https:\/\/hoanghamobile.com\/tin-tuc\/wp-json\/wp\/v2\/types\/page"}],"author":[{"embeddable":true,"href":"https:\/\/hoanghamobile.com\/tin-tuc\/wp-json\/wp\/v2\/users\/28"}],"replies":[{"embeddable":true,"href":"https:\/\/hoanghamobile.com\/tin-tuc\/wp-json\/wp\/v2\/comments?post=55153"}],"version-history":[{"count":0,"href":"https:\/\/hoanghamobile.com\/tin-tuc\/wp-json\/wp\/v2\/pages\/55153\/revisions"}],"wp:attachment":[{"href":"https:\/\/hoanghamobile.com\/tin-tuc\/wp-json\/wp\/v2\/media?parent=55153"}],"curies":[{"name":"wp","href":"https:\/\/api.w.org\/{rel}","templated":true}]}}