{"id":40221,"date":"2018-07-28T23:54:40","date_gmt":"2018-07-28T16:54:40","guid":{"rendered":"http:\/\/hoanghamobile.com\/tin-tuc\/?page_id=40221"},"modified":"2018-07-31T23:07:33","modified_gmt":"2018-07-31T16:07:33","slug":"dat-truoc-mi-a2-mi-a2-lite","status":"publish","type":"page","link":"https:\/\/hoanghamobile.com\/tin-tuc\/dat-truoc-mi-a2-mi-a2-lite\/","title":{"rendered":"\u0110\u1eb7t Tr\u01b0\u1edbc Mi A2 \u2013 Mi A2 Lite"},"content":{"rendered":"<p><span class=\"tve_image_frame\" style=\"width: 100%;\"><a href=\"https:\/\/hoanghamobile.com\" target=\"_blank\" rel=\"noopener\"><img decoding=\"async\" class=\"tve_image\" style=\"width: 100%;\" title=\"sticky-logo.png\" src=\"\/\/hoanghamobile.com\/tin-tuc\/wp-content\/uploads\/2018\/07\/sticky-logo.png\" alt=\"\" width=\"390\" height=\"42\" \/><\/a><\/span> <span class=\"tve_image_frame\" style=\"width: 100%;\"><a href=\"tel:19002091\" target=\"_blank\" rel=\"noopener\"><img decoding=\"async\" class=\"tve_image\" style=\"width: 100%;\" title=\"sticky-tag.png\" src=\"\/\/hoanghamobile.com\/tin-tuc\/wp-content\/uploads\/2018\/07\/sticky-tag.png\" alt=\"\" width=\"453\" height=\"24\" \/><\/a><\/span> <span class=\"tve_image_frame\" style=\"width: 100%;\"><img decoding=\"async\" class=\"tve_image wp-image-40225\" style=\"width: 100%;\" title=\"dat-truoc\" src=\"\/tin-tuc\/wp-content\/uploads\/2018\/07\/dat-truoc.png\" alt=\"dat-truoc\" width=\"253\" height=\"47\" data-id=\"40225\" \/><\/span><\/p>\n<h1 style=\"text-align: center;\" data-css=\"tve-u-164e1c21228\"><strong>Mi A2 | Mi A2 Lite<\/strong><\/h1>\n<p><span class=\"tve_image_frame\" style=\"width: 100%;\"><img loading=\"lazy\" decoding=\"async\" class=\"tve_image wp-image-40227\" style=\"width: 100%;\" title=\"qua\" src=\"\/tin-tuc\/wp-content\/uploads\/2018\/07\/qua-1.png\" sizes=\"(max-width: 571px) 100vw, 571px\" srcset=\"\/tin-tuc\/wp-content\/uploads\/2018\/07\/qua-1.png 571w, \/tin-tuc\/wp-content\/uploads\/2018\/07\/qua-1-300x130.png 300w\" alt=\"qua\" width=\"571\" height=\"248\" data-id=\"40227\" \/><\/span><\/p>\n<p style=\"text-align: center;\" data-css=\"tve-u-164ef6c8838\">Gi\u00e1 ni\u00eam y\u1ebft Mi A2: 5.990.000\u0111<\/p>\n<p style=\"text-align: center;\" data-css=\"tve-u-164ef6ca72b\">Gi\u00e1 ni\u00eam y\u1ebft Mi A2 Lite: 5.290.000\u0111<\/p>\n<p><span class=\"tve_image_frame\" style=\"width: 100%;\"><a href=\"https:\/\/hoanghamobile.com\/ajax\/BookProduct\/12881\" target=\"_blank\" rel=\"noopener\"><img loading=\"lazy\" decoding=\"async\" class=\"tve_image wp-image-40228\" style=\"width: 100%;\" title=\"Dat-truoc-Mi-A2\" src=\"\/tin-tuc\/wp-content\/uploads\/2018\/07\/Dat-truoc-Mi-A2.png\" alt=\"Dat-truoc-Mi-A2\" width=\"230\" height=\"69\" \/><\/a><\/span> <span class=\"tve_image_frame\" style=\"width: 100%;\"><a href=\"https:\/\/hoanghamobile.com\/ajax\/BookProduct\/12892\" target=\"_blank\" rel=\"noopener\"><img loading=\"lazy\" decoding=\"async\" class=\"tve_image wp-image-40229\" style=\"width: 100%;\" title=\"dat-truoc-mi-a2-lite\" src=\"\/tin-tuc\/wp-content\/uploads\/2018\/07\/dat-truoc-mi-a2-lite.png\" alt=\"dat-truoc-mi-a2-lite\" width=\"230\" height=\"69\" \/><\/a><\/span> <span class=\"tve_image_frame\" style=\"width: 100%;\"><a><img loading=\"lazy\" decoding=\"async\" class=\"tve_image wp-image-40228\" style=\"width: 100%;\" title=\"Dat-truoc-Mi-A2\" src=\"\/tin-tuc\/wp-content\/uploads\/2018\/07\/Dat-truoc-Mi-A2.png\" alt=\"Dat-truoc-Mi-A2\" width=\"230\" height=\"69\" \/><\/a><\/span> <span class=\"tve_image_frame\" style=\"width: 100%;\"><a><img loading=\"lazy\" decoding=\"async\" class=\"tve_image wp-image-40229\" style=\"width: 100%;\" title=\"dat-truoc-mi-a2-lite\" src=\"\/tin-tuc\/wp-content\/uploads\/2018\/07\/dat-truoc-mi-a2-lite.png\" alt=\"dat-truoc-mi-a2-lite\" width=\"230\" height=\"69\" \/><\/a><\/span> <span class=\"tve_image_frame\" style=\"width: 100%;\"><img loading=\"lazy\" decoding=\"async\" class=\"tve_image wp-image-40277\" style=\"width: 100%;\" title=\"dt\" src=\"\/tin-tuc\/wp-content\/uploads\/2018\/07\/dt-1.png\" sizes=\"(max-width: 390px) 100vw, 390px\" srcset=\"\/tin-tuc\/wp-content\/uploads\/2018\/07\/dt-1.png 390w, \/tin-tuc\/wp-content\/uploads\/2018\/07\/dt-1-260x300.png 260w, \/tin-tuc\/wp-content\/uploads\/2018\/07\/dt-1-364x420.png 364w\" alt=\"dt\" width=\"390\" height=\"450\" data-id=\"40277\" \/><\/span><\/p>\n<h3 style=\"text-align: left;\" data-css=\"tve-u-164e1e8724a\"><strong>Xiaomi Mi Band 3<\/strong><\/h3>\n<p data-css=\"tve-u-164e1c72041\">S\u1edf h\u1eefu m\u00e0n h\u00ecnh c\u1ea3m \u1ee9ng OLED 0,78 inch,h\u1ed7 tr\u1ee3 th\u00eam nhi\u1ec1u t\u00ednh n\u0103ng m\u1edbi :<\/p>\n<p><span class=\"tve_image_frame\" style=\"width: 100%;\"><img loading=\"lazy\" decoding=\"async\" class=\"tve_image wp-image-40240\" style=\"width: 100%;\" title=\"icon-nen-2\" src=\"\/tin-tuc\/wp-content\/uploads\/2018\/07\/icon-nen-2.png\" sizes=\"(max-width: 470px) 100vw, 470px\" srcset=\"\/tin-tuc\/wp-content\/uploads\/2018\/07\/icon-nen-2.png 470w, \/tin-tuc\/wp-content\/uploads\/2018\/07\/icon-nen-2-300x63.png 300w\" alt=\"icon-nen-2\" width=\"470\" height=\"99\" data-id=\"40240\" \/><\/span><\/p>\n<p data-css=\"tve-u-164e3b2bb8e\">Tr\u1ecb gi\u00e1:<\/p>\n<p><span class=\"tve_image_frame\" style=\"width: 100%;\"><img loading=\"lazy\" decoding=\"async\" class=\"tve_image wp-image-40276\" style=\"width: 100%;\" title=\"gia-loa-1 (1)\" src=\"\/tin-tuc\/wp-content\/uploads\/2018\/07\/gia-loa-1-1-1.png\" alt=\"gia-loa-1 (1)\" width=\"208\" height=\"62\" data-id=\"40276\" \/><\/span> <span class=\"tve_image_frame\" style=\"width: 100%;\"><img loading=\"lazy\" decoding=\"async\" class=\"tve_image wp-image-40252\" style=\"width: 100%;\" title=\"dong-ho-ban-mobile\" src=\"\/tin-tuc\/wp-content\/uploads\/2018\/07\/dong-ho-ban-mobile.png\" sizes=\"(max-width: 253px) 100vw, 253px\" srcset=\"\/tin-tuc\/wp-content\/uploads\/2018\/07\/dong-ho-ban-mobile.png 253w, \/tin-tuc\/wp-content\/uploads\/2018\/07\/dong-ho-ban-mobile-150x150.png 150w\" alt=\"dong-ho-ban-mobile\" width=\"253\" height=\"253\" data-id=\"40252\" \/><\/span><\/p>\n<h3 style=\"text-align: center;\" data-css=\"tve-u-164e3c93e3f\"><strong>Xiaomi Mi Band 3<\/strong><\/h3>\n<p style=\"text-align: center;\" data-css=\"tve-u-164e1d7f330\">S\u1edf h\u1eefu m\u00e0n h\u00ecnh c\u1ea3m \u1ee9ng OLED 0,78 inch, h\u1ed7 tr\u1ee3 th\u00eam nhi\u1ec1u t\u00ednh n\u0103ng m\u1edbi :<\/p>\n<p><span class=\"tve_image_frame\" style=\"width: 100%;\"><img loading=\"lazy\" decoding=\"async\" class=\"tve_image wp-image-40240\" style=\"width: 100%;\" title=\"icon-nen-2\" src=\"\/tin-tuc\/wp-content\/uploads\/2018\/07\/icon-nen-2.png\" sizes=\"(max-width: 470px) 100vw, 470px\" srcset=\"\/tin-tuc\/wp-content\/uploads\/2018\/07\/icon-nen-2.png 470w, \/tin-tuc\/wp-content\/uploads\/2018\/07\/icon-nen-2-300x63.png 300w\" alt=\"icon-nen-2\" width=\"470\" height=\"99\" data-id=\"40240\" \/><\/span><\/p>\n<p style=\"text-align: center;\" data-css=\"tve-u-164e3c9c6e7\">Tr\u1ecb gi\u00e1:<\/p>\n<p><span class=\"tve_image_frame\" style=\"width: 100%;\"><img loading=\"lazy\" decoding=\"async\" class=\"tve_image wp-image-40241\" style=\"width: 100%;\" title=\"gia-dong-ho\" src=\"\/tin-tuc\/wp-content\/uploads\/2018\/07\/gia-dong-ho.png\" sizes=\"(max-width: 221px) 100vw, 221px\" srcset=\"\/tin-tuc\/wp-content\/uploads\/2018\/07\/gia-dong-ho.png 221w, \/tin-tuc\/wp-content\/uploads\/2018\/07\/gia-dong-ho-218x50.png 218w\" alt=\"gia-dong-ho\" width=\"221\" height=\"50\" data-id=\"40241\" \/><\/span><\/p>\n<h3 style=\"text-align: left;\" data-css=\"tve-u-164e1c07d16\"><strong>Loa BluetoothXiaomi Mi Basic 2<\/strong><\/h3>\n<p data-css=\"tve-u-164e1c0e1ef\">&#8211; Bluetooth 4.2 c\u00f3 t\u00ednh t\u01b0\u01a1ng th\u00edch cao h\u01a1n- Loa chuy\u00ean nghi\u1ec7p, \u00e2m thanh s\u1ed1ng \u0111\u1ed9ng- \u0110\u1ea9y \u00e2m thanh trung th\u1ef1c cao h\u01a1n- Micr\u00f4 t\u00edch h\u1ee3p cho c\u00e1c cu\u1ed9c g\u1ecdi \u0111i\u1ec7n tho\u1ea1i- Pin c\u00f3 dung l\u01b0\u1ee3ng 1200mAh<\/p>\n<p data-css=\"tve-u-164e3b3854c\">Tr\u1ecb gi\u00e1:<\/p>\n<p><span class=\"tve_image_frame\" style=\"width: 100%;\"><img loading=\"lazy\" decoding=\"async\" class=\"tve_image wp-image-40243\" style=\"width: 100%;\" title=\"gia-loa\" src=\"\/tin-tuc\/wp-content\/uploads\/2018\/07\/gia-loa-1.png\" alt=\"gia-loa\" width=\"208\" height=\"62\" data-id=\"40243\" \/><\/span> <span class=\"tve_image_frame\" style=\"width: 100%;\"><img loading=\"lazy\" decoding=\"async\" class=\"tve_image wp-image-40251\" style=\"width: 100%;\" title=\"loa-ban-mobile\" src=\"\/tin-tuc\/wp-content\/uploads\/2018\/07\/loa-ban-mobile.png\" sizes=\"(max-width: 253px) 100vw, 253px\" srcset=\"\/tin-tuc\/wp-content\/uploads\/2018\/07\/loa-ban-mobile.png 253w, \/tin-tuc\/wp-content\/uploads\/2018\/07\/loa-ban-mobile-150x150.png 150w\" alt=\"loa-ban-mobile\" width=\"253\" height=\"253\" data-id=\"40251\" \/><\/span><\/p>\n<h3 style=\"text-align: center;\" data-css=\"tve-u-164e3cb38ae\"><strong>Loa BluetoothXiaomi Mi Basic 2<\/strong><\/h3>\n<p style=\"text-align: left;\" data-css=\"tve-u-164e1d7af34\">&#8211; Bluetooth 4.2 t\u00ednh t\u01b0\u01a1ng th\u00edch cao h\u01a1n- Loa chuy\u00ean nghi\u1ec7p, \u00e2m thanh ch\u1ea5t- \u0110\u1ea9y \u00e2m thanh trung th\u1ef1c cao h\u01a1n- Micr\u00f4 t\u00edch h\u1ee3p cho cu\u1ed9c g\u1ecdi \u0111i\u1ec7n tho\u1ea1i- Pin c\u00f3 dung l\u01b0\u1ee3ng 1200mAh<\/p>\n<p style=\"text-align: center;\" data-css=\"tve-u-164e1c39582\">Tr\u1ecb gi\u00e1:<\/p>\n<p><span class=\"tve_image_frame\" style=\"width: 100%;\"><img loading=\"lazy\" decoding=\"async\" class=\"tve_image wp-image-40243\" style=\"width: 100%;\" title=\"gia-loa\" src=\"\/tin-tuc\/wp-content\/uploads\/2018\/07\/gia-loa-1.png\" alt=\"gia-loa\" width=\"208\" height=\"62\" data-id=\"40243\" \/><\/span><\/p>\n<h3 style=\"text-align: left;\" data-css=\"tve-u-164e1c07d16\"><strong>Tai nghe Mi Piston Basic<\/strong><\/h3>\n<p data-css=\"tve-u-164e1cb7483\">&#8211; Ch\u1ea5t \u1ea5m \u0111\u01b0\u1ee3c t\u1ed1i \u01b0u h\u00f3a b\u1edfi m\u00e0ng loa k\u00e9p- Thi\u1ebft k\u1ebf sang ch\u1ea3nh, v\u1ecf nh\u00f4m ch\u1ed1ng v\u00e2n vi\u1ec1n nh\u00f4m kim lo\u1ea1i<\/p>\n<p data-css=\"tve-u-164e1cfbfaf\">Tr\u1ecb gi\u00e1:<\/p>\n<p><span class=\"tve_image_frame\" style=\"width: 100%;\"><img loading=\"lazy\" decoding=\"async\" class=\"tve_image wp-image-40275\" style=\"width: 100%;\" title=\"g994\" src=\"\/tin-tuc\/wp-content\/uploads\/2018\/07\/g994-1.png\" alt=\"g994\" width=\"260\" height=\"76\" data-id=\"40275\" \/><\/span> <span class=\"tve_image_frame\" style=\"width: 100%;\"><img loading=\"lazy\" decoding=\"async\" class=\"tve_image wp-image-40250\" style=\"width: 100%;\" title=\"tai-nghe-ban-mobile\" src=\"\/tin-tuc\/wp-content\/uploads\/2018\/07\/tai-nghe-ban-mobile.png\" sizes=\"(max-width: 253px) 100vw, 253px\" srcset=\"\/tin-tuc\/wp-content\/uploads\/2018\/07\/tai-nghe-ban-mobile.png 253w, \/tin-tuc\/wp-content\/uploads\/2018\/07\/tai-nghe-ban-mobile-150x150.png 150w\" alt=\"tai-nghe-ban-mobile\" width=\"253\" height=\"253\" data-id=\"40250\" \/><\/span><\/p>\n<h3 style=\"text-align: center;\" data-css=\"tve-u-164e3cd416c\"><strong>Tai nghe Mi Piston Basic<\/strong><\/h3>\n<p style=\"text-align: left;\" data-css=\"tve-u-164e1da28c6\">&#8211; Ch\u1ea5t \u1ea5m t\u1ed1i \u01b0u h\u00f3a b\u1edfi m\u00e0ng loa k\u00e9p- Thi\u1ebft k\u1ebf sang ch\u1ea3nh, v\u1ecf nh\u00f4m ch\u1ed1ng v\u00e2n vi\u1ec1n nh\u00f4m kim lo\u1ea1i<\/p>\n<p style=\"text-align: center;\" data-css=\"tve-u-164e1da3aa9\">Tr\u1ecb gi\u00e1:<\/p>\n<p><span class=\"tve_image_frame\" style=\"width: 100%;\"><img loading=\"lazy\" decoding=\"async\" class=\"tve_image wp-image-40290\" style=\"width: 100%;\" title=\"gia-tai-nge\" src=\"\/tin-tuc\/wp-content\/uploads\/2018\/07\/gia-tai-nge.png\" alt=\"gia-tai-nge\" width=\"208\" height=\"61\" data-id=\"40290\" \/><\/span><\/p>\n<h1 style=\"text-align: center;\" data-css=\"tve-u-164e1e883b6\"><strong>Mi A2 | Mi A2 Lite<\/strong><\/h1>\n<p style=\"text-align: center;\" data-css=\"tve-u-164e3ce5379\">Gi\u00e1 ni\u00eam y\u1ebft Mi A2 RAM 4GB | ROM 32GB: 5.990.000\u0111<\/p>\n<p style=\"text-align: center;\" data-css=\"tve-u-164e3ce537d\">Gi\u00e1 ni\u00eam y\u1ebft Mi A2 Lite RAM 4GB | ROM 64GB: 5.290.000\u0111<\/p>\n<p data-css=\"tve-u-164e207f88c\"><strong>TH\u1edcI GIAN \u0110\u1eb6T H\u00c0NG<\/strong><strong>1.<\/strong> Kh\u00e1ch h\u00e0ng \u0111\u1eb7t g\u1ea1ch tr\u01b0\u1edbc s\u1ea3n ph\u1ea9m Xiaomi Mi A2 RAM 4GB | ROM 32GB ch\u00ednh h\u00e3ng s\u1ebd nh\u1eadn \u0111\u01b0\u1ee3c:<\/p>\n<p data-css=\"tve-u-164e2082cdb\">\u00a0&#8211; V\u00f2ng tay th\u00f4ng minh Mi Band 3 &#8211; DGW <span data-css=\"tve-u-164e3c17fe5\">tr\u1ecb gi\u00e1 890.000\u0111<\/span><\/p>\n<p data-css=\"tve-u-164e2082cdf\"><strong>2.<\/strong> Kh\u00e1ch h\u00e0ng \u0111\u1eb7t g\u1ea1ch tr\u01b0\u1edbc s\u1ea3n ph\u1ea9m Xiaomi Mi A2 Lite RAM 4GB | ROM 64GB ch\u00ednh h\u00e3ng s\u1ebd nh\u1eadn \u0111\u01b0\u1ee3c:<\/p>\n<p data-css=\"tve-u-164e2082ce4\"><span data-css=\"tve-u-164e3d05bbc\"> &#8211; Loa Bluetooth Xiaomi Mi Basic 2 ch\u00ednh h\u00e3ng <span data-css=\"tve-u-164e3c051b7\">tr\u1ecb gi\u00e1 690.000\u0111<\/span><\/span><\/p>\n<p data-css=\"tve-u-164e3d06df5\"><span data-css=\"tve-u-164e3d061f2\"><span data-css=\"tve-u-164e3d05c78\"><span data-css=\"tve-u-164e3d05bbe\">&#8211; Tai nghe Mi Piston Basic ch\u00ednh h\u00e3ng Digiworld <span data-css=\"tve-u-164e3c0782b\">tr\u1ecb gi\u00e1 290.000\u0111<\/span><\/span><\/span><\/span><\/p>\n<p data-css=\"tve-u-164e2082ce9\"><span data-css=\"tve-u-164e3c09786\"><span style=\"color: #044c4f;\"><strong>3.<\/strong> S\u1ed1 ti\u1ec1n \u0111\u1eb7t c\u1ecdc:<\/span> 500.000\u0111<\/span><\/p>\n<p><span class=\"tve_image_frame\" style=\"width: 100%;\"><a href=\"https:\/\/hoanghamobile.com\/ajax\/BookProduct\/12881\" target=\"_blank\" rel=\"noopener\"><img loading=\"lazy\" decoding=\"async\" class=\"tve_image wp-image-40228\" style=\"width: 100%;\" title=\"Dat-truoc-Mi-A2\" src=\"\/tin-tuc\/wp-content\/uploads\/2018\/07\/Dat-truoc-Mi-A2.png\" alt=\"Dat-truoc-Mi-A2\" width=\"230\" height=\"69\" \/><\/a><\/span> <span class=\"tve_image_frame\" style=\"width: 100%;\"><a href=\"https:\/\/hoanghamobile.com\/ajax\/BookProduct\/12892\" target=\"_blank\" rel=\"noopener\"><img loading=\"lazy\" decoding=\"async\" class=\"tve_image wp-image-40229\" style=\"width: 100%;\" title=\"dat-truoc-mi-a2-lite\" src=\"\/tin-tuc\/wp-content\/uploads\/2018\/07\/dat-truoc-mi-a2-lite.png\" alt=\"dat-truoc-mi-a2-lite\" width=\"230\" height=\"69\" \/><\/a><\/span> <span class=\"tve_image_frame\" style=\"width: 100%;\"><img loading=\"lazy\" decoding=\"async\" class=\"tve_image wp-image-40345\" style=\"width: 100%;\" title=\"T7-dat-hang-Mi-A2.png\" src=\"\/tin-tuc\/wp-content\/uploads\/2018\/07\/T7-dat-hang-Mi-A2.png.jpg\" sizes=\"(max-width: 500px) 100vw, 500px\" srcset=\"\/tin-tuc\/wp-content\/uploads\/2018\/07\/T7-dat-hang-Mi-A2.png.jpg 500w, \/tin-tuc\/wp-content\/uploads\/2018\/07\/T7-dat-hang-Mi-A2.png-300x53.jpg 300w\" alt=\"T7-dat-hang-Mi-A2.png\" width=\"500\" height=\"89\" data-id=\"40345\" \/><\/span> <span class=\"tve_image_frame\" style=\"width: 100%;\"><a><img loading=\"lazy\" decoding=\"async\" class=\"tve_image wp-image-40228\" style=\"width: 100%;\" title=\"Dat-truoc-Mi-A2\" src=\"\/tin-tuc\/wp-content\/uploads\/2018\/07\/Dat-truoc-Mi-A2.png\" alt=\"Dat-truoc-Mi-A2\" width=\"230\" height=\"69\" \/><\/a><\/span> <span class=\"tve_image_frame\" style=\"width: 100%;\"><a><img loading=\"lazy\" decoding=\"async\" class=\"tve_image wp-image-40229\" style=\"width: 100%;\" title=\"dat-truoc-mi-a2-lite\" src=\"\/tin-tuc\/wp-content\/uploads\/2018\/07\/dat-truoc-mi-a2-lite.png\" alt=\"dat-truoc-mi-a2-lite\" width=\"230\" height=\"69\" \/><\/a><\/span><\/p>\n","protected":false},"excerpt":{"rendered":"<p>Mi A2 | Mi A2 Lite Gi\u00e1 ni\u00eam y\u1ebft Mi A2: 5.990.000\u0111 Gi\u00e1 ni\u00eam y\u1ebft Mi A2 Lite: 5.290.000\u0111 Xiaomi Mi Band 3 S\u1edf h\u1eefu m\u00e0n h\u00ecnh c\u1ea3m \u1ee9ng OLED 0,78 inch,h\u1ed7 tr\u1ee3 th\u00eam nhi\u1ec1u t\u00ednh n\u0103ng m\u1edbi : Tr\u1ecb gi\u00e1: Xiaomi Mi Band 3 S\u1edf h\u1eefu m\u00e0n h\u00ecnh c\u1ea3m \u1ee9ng OLED 0,78 inch, h\u1ed7 [&hellip;]<\/p>\n","protected":false},"author":1,"featured_media":0,"parent":0,"menu_order":0,"comment_status":"closed","ping_status":"closed","template":"","meta":{"footnotes":""},"class_list":["post-40221","page","type-page","status-publish","hentry"],"yoast_head":"<!-- This site is optimized with the Yoast SEO Premium plugin v27.3 (Yoast SEO v27.4) - https:\/\/yoast.com\/product\/yoast-seo-premium-wordpress\/ -->\n<title>\u0110\u1eb7t Tr\u01b0\u1edbc Xiaomi Mi A2 | A2 Lite - Nh\u1eadn Ngay Qu\u00e0 Kh\u1ee7ng<\/title>\n<meta name=\"description\" content=\"Si\u00eau Ph\u1ea9m T\u1ea7m Trung Gi\u00e1 T\u1ed1t Nh\u1ea5t T\u1ea1i Ho\u00e0ng H\u00e0 Mobile. Li\u00ean H\u1ec7 Ngay 1900 2091.\" \/>\n<meta name=\"robots\" content=\"noindex, nofollow\" \/>\n<meta property=\"og:locale\" content=\"vi_VN\" \/>\n<meta property=\"og:type\" content=\"article\" \/>\n<meta property=\"og:title\" content=\"\u0110\u1eb7t Tr\u01b0\u1edbc Xiaomi Mi A2 - Nh\u1eadn Ngay Qu\u00e0 Kh\u1ee7ng\" \/>\n<meta property=\"og:description\" content=\"Si\u00eau Ph\u1ea9m T\u1ea7m Trung Gi\u00e1 T\u1ed1t Nh\u1ea5t T\u1ea1i Ho\u00e0ng H\u00e0 Mobile. Li\u00ean H\u1ec7 Ngay 1900 2091.\" \/>\n<meta property=\"og:url\" content=\"https:\/\/hoanghamobile.com\/tin-tuc\/dat-truoc-mi-a2-mi-a2-lite\/\" \/>\n<meta property=\"og:site_name\" content=\"Tin t\u1ee9c c\u00f4ng ngh\u1ec7 - HoangHaMobile\" \/>\n<meta property=\"article:publisher\" content=\"https:\/\/www.facebook.com\/hoanghamobilecom\" \/>\n<meta property=\"article:modified_time\" content=\"2018-07-31T16:07:33+00:00\" \/>\n<meta property=\"og:image\" content=\"https:\/\/hoanghamobile.com\/tin-tuc\/wp-content\/uploads\/2018\/07\/mi-a2-fb.jpg\" \/>\n\t<meta property=\"og:image:width\" content=\"1200\" \/>\n\t<meta property=\"og:image:height\" content=\"628\" \/>\n\t<meta property=\"og:image:type\" content=\"image\/jpeg\" \/>\n<meta name=\"twitter:card\" content=\"summary_large_image\" \/>\n<meta name=\"twitter:title\" content=\"\u0110\u1eb7t Tr\u01b0\u1edbc Xiaomi Mi A2 - Nh\u1eadn Ngay Qu\u00e0 Kh\u1ee7ng\" \/>\n<meta name=\"twitter:description\" content=\"Si\u00eau Ph\u1ea9m T\u1ea7m Trung Gi\u00e1 T\u1ed1t Nh\u1ea5t T\u1ea1i Ho\u00e0ng H\u00e0 Mobile. Li\u00ean H\u1ec7 Ngay 1900 2091.\" \/>\n<meta name=\"twitter:image\" content=\"https:\/\/hoanghamobile.com\/tin-tuc\/wp-content\/uploads\/2018\/07\/mi-a2-fb.jpg\" \/>\n<meta name=\"twitter:label1\" content=\"\u01af\u1edbc t\u00ednh th\u1eddi gian \u0111\u1ecdc\" \/>\n\t<meta name=\"twitter:data1\" content=\"2 ph\u00fat\" \/>\n<script type=\"application\/ld+json\" class=\"yoast-schema-graph\">{\"@context\":\"https:\\\/\\\/schema.org\",\"@graph\":[{\"@type\":\"WebPage\",\"@id\":\"https:\\\/\\\/hoanghamobile.com\\\/tin-tuc\\\/dat-truoc-mi-a2-mi-a2-lite\\\/\",\"url\":\"https:\\\/\\\/hoanghamobile.com\\\/tin-tuc\\\/dat-truoc-mi-a2-mi-a2-lite\\\/\",\"name\":\"\u0110\u1eb7t Tr\u01b0\u1edbc Xiaomi Mi A2 | A2 Lite - Nh\u1eadn Ngay Qu\u00e0 Kh\u1ee7ng\",\"isPartOf\":{\"@id\":\"https:\\\/\\\/hoanghamobile.com\\\/tin-tuc\\\/#website\"},\"datePublished\":\"2018-07-28T16:54:40+00:00\",\"dateModified\":\"2018-07-31T16:07:33+00:00\",\"description\":\"Si\u00eau Ph\u1ea9m T\u1ea7m Trung Gi\u00e1 T\u1ed1t Nh\u1ea5t T\u1ea1i Ho\u00e0ng H\u00e0 Mobile. Li\u00ean H\u1ec7 Ngay 1900 2091.\",\"breadcrumb\":{\"@id\":\"https:\\\/\\\/hoanghamobile.com\\\/tin-tuc\\\/dat-truoc-mi-a2-mi-a2-lite\\\/#breadcrumb\"},\"inLanguage\":\"vi\",\"potentialAction\":[{\"@type\":\"ReadAction\",\"target\":[\"https:\\\/\\\/hoanghamobile.com\\\/tin-tuc\\\/dat-truoc-mi-a2-mi-a2-lite\\\/\"]}]},{\"@type\":\"BreadcrumbList\",\"@id\":\"https:\\\/\\\/hoanghamobile.com\\\/tin-tuc\\\/dat-truoc-mi-a2-mi-a2-lite\\\/#breadcrumb\",\"itemListElement\":[{\"@type\":\"ListItem\",\"position\":1,\"name\":\"Trang ch\u1ee7\",\"item\":\"https:\\\/\\\/hoanghamobile.com\\\/tin-tuc\\\/\"},{\"@type\":\"ListItem\",\"position\":2,\"name\":\"\u0110\u1eb7t Tr\u01b0\u1edbc Mi A2 \u2013 Mi A2 Lite\"}]},{\"@type\":\"WebSite\",\"@id\":\"https:\\\/\\\/hoanghamobile.com\\\/tin-tuc\\\/#website\",\"url\":\"https:\\\/\\\/hoanghamobile.com\\\/tin-tuc\\\/\",\"name\":\"Tin t\u1ee9c c\u00f4ng ngh\u1ec7 - HoangHaMobile\",\"description\":\"\",\"publisher\":{\"@id\":\"https:\\\/\\\/hoanghamobile.com\\\/tin-tuc\\\/#organization\"},\"potentialAction\":[{\"@type\":\"SearchAction\",\"target\":{\"@type\":\"EntryPoint\",\"urlTemplate\":\"https:\\\/\\\/hoanghamobile.com\\\/tin-tuc\\\/?s={search_term_string}\"},\"query-input\":{\"@type\":\"PropertyValueSpecification\",\"valueRequired\":true,\"valueName\":\"search_term_string\"}}],\"inLanguage\":\"vi\"},{\"@type\":\"Organization\",\"@id\":\"https:\\\/\\\/hoanghamobile.com\\\/tin-tuc\\\/#organization\",\"name\":\"Tin t\u1ee9c c\u00f4ng ngh\u1ec7 - HoangHaMobile\",\"url\":\"https:\\\/\\\/hoanghamobile.com\\\/tin-tuc\\\/\",\"logo\":{\"@type\":\"ImageObject\",\"inLanguage\":\"vi\",\"@id\":\"https:\\\/\\\/hoanghamobile.com\\\/tin-tuc\\\/#\\\/schema\\\/logo\\\/image\\\/\",\"url\":\"https:\\\/\\\/hoanghamobile.com\\\/tin-tuc\\\/wp-content\\\/uploads\\\/2021\\\/12\\\/logo-text.png\",\"contentUrl\":\"https:\\\/\\\/hoanghamobile.com\\\/tin-tuc\\\/wp-content\\\/uploads\\\/2021\\\/12\\\/logo-text.png\",\"width\":256,\"height\":37,\"caption\":\"Tin t\u1ee9c c\u00f4ng ngh\u1ec7 - HoangHaMobile\"},\"image\":{\"@id\":\"https:\\\/\\\/hoanghamobile.com\\\/tin-tuc\\\/#\\\/schema\\\/logo\\\/image\\\/\"},\"sameAs\":[\"https:\\\/\\\/www.facebook.com\\\/hoanghamobilecom\"]}]}<\/script>\n<!-- \/ Yoast SEO Premium plugin. -->","yoast_head_json":{"title":"\u0110\u1eb7t Tr\u01b0\u1edbc Xiaomi Mi A2 | A2 Lite - Nh\u1eadn Ngay Qu\u00e0 Kh\u1ee7ng","description":"Si\u00eau Ph\u1ea9m T\u1ea7m Trung Gi\u00e1 T\u1ed1t Nh\u1ea5t T\u1ea1i Ho\u00e0ng H\u00e0 Mobile. Li\u00ean H\u1ec7 Ngay 1900 2091.","robots":{"index":"noindex","follow":"nofollow"},"og_locale":"vi_VN","og_type":"article","og_title":"\u0110\u1eb7t Tr\u01b0\u1edbc Xiaomi Mi A2 - Nh\u1eadn Ngay Qu\u00e0 Kh\u1ee7ng","og_description":"Si\u00eau Ph\u1ea9m T\u1ea7m Trung Gi\u00e1 T\u1ed1t Nh\u1ea5t T\u1ea1i Ho\u00e0ng H\u00e0 Mobile. Li\u00ean H\u1ec7 Ngay 1900 2091.","og_url":"https:\/\/hoanghamobile.com\/tin-tuc\/dat-truoc-mi-a2-mi-a2-lite\/","og_site_name":"Tin t\u1ee9c c\u00f4ng ngh\u1ec7 - HoangHaMobile","article_publisher":"https:\/\/www.facebook.com\/hoanghamobilecom","article_modified_time":"2018-07-31T16:07:33+00:00","og_image":[{"width":1200,"height":628,"url":"https:\/\/hoanghamobile.com\/tin-tuc\/wp-content\/uploads\/2018\/07\/mi-a2-fb.jpg","type":"image\/jpeg"}],"twitter_card":"summary_large_image","twitter_title":"\u0110\u1eb7t Tr\u01b0\u1edbc Xiaomi Mi A2 - Nh\u1eadn Ngay Qu\u00e0 Kh\u1ee7ng","twitter_description":"Si\u00eau Ph\u1ea9m T\u1ea7m Trung Gi\u00e1 T\u1ed1t Nh\u1ea5t T\u1ea1i Ho\u00e0ng H\u00e0 Mobile. Li\u00ean H\u1ec7 Ngay 1900 2091.","twitter_image":"https:\/\/hoanghamobile.com\/tin-tuc\/wp-content\/uploads\/2018\/07\/mi-a2-fb.jpg","twitter_misc":{"\u01af\u1edbc t\u00ednh th\u1eddi gian \u0111\u1ecdc":"2 ph\u00fat"},"schema":{"@context":"https:\/\/schema.org","@graph":[{"@type":"WebPage","@id":"https:\/\/hoanghamobile.com\/tin-tuc\/dat-truoc-mi-a2-mi-a2-lite\/","url":"https:\/\/hoanghamobile.com\/tin-tuc\/dat-truoc-mi-a2-mi-a2-lite\/","name":"\u0110\u1eb7t Tr\u01b0\u1edbc Xiaomi Mi A2 | A2 Lite - Nh\u1eadn Ngay Qu\u00e0 Kh\u1ee7ng","isPartOf":{"@id":"https:\/\/hoanghamobile.com\/tin-tuc\/#website"},"datePublished":"2018-07-28T16:54:40+00:00","dateModified":"2018-07-31T16:07:33+00:00","description":"Si\u00eau Ph\u1ea9m T\u1ea7m Trung Gi\u00e1 T\u1ed1t Nh\u1ea5t T\u1ea1i Ho\u00e0ng H\u00e0 Mobile. Li\u00ean H\u1ec7 Ngay 1900 2091.","breadcrumb":{"@id":"https:\/\/hoanghamobile.com\/tin-tuc\/dat-truoc-mi-a2-mi-a2-lite\/#breadcrumb"},"inLanguage":"vi","potentialAction":[{"@type":"ReadAction","target":["https:\/\/hoanghamobile.com\/tin-tuc\/dat-truoc-mi-a2-mi-a2-lite\/"]}]},{"@type":"BreadcrumbList","@id":"https:\/\/hoanghamobile.com\/tin-tuc\/dat-truoc-mi-a2-mi-a2-lite\/#breadcrumb","itemListElement":[{"@type":"ListItem","position":1,"name":"Trang ch\u1ee7","item":"https:\/\/hoanghamobile.com\/tin-tuc\/"},{"@type":"ListItem","position":2,"name":"\u0110\u1eb7t Tr\u01b0\u1edbc Mi A2 \u2013 Mi A2 Lite"}]},{"@type":"WebSite","@id":"https:\/\/hoanghamobile.com\/tin-tuc\/#website","url":"https:\/\/hoanghamobile.com\/tin-tuc\/","name":"Tin t\u1ee9c c\u00f4ng ngh\u1ec7 - HoangHaMobile","description":"","publisher":{"@id":"https:\/\/hoanghamobile.com\/tin-tuc\/#organization"},"potentialAction":[{"@type":"SearchAction","target":{"@type":"EntryPoint","urlTemplate":"https:\/\/hoanghamobile.com\/tin-tuc\/?s={search_term_string}"},"query-input":{"@type":"PropertyValueSpecification","valueRequired":true,"valueName":"search_term_string"}}],"inLanguage":"vi"},{"@type":"Organization","@id":"https:\/\/hoanghamobile.com\/tin-tuc\/#organization","name":"Tin t\u1ee9c c\u00f4ng ngh\u1ec7 - HoangHaMobile","url":"https:\/\/hoanghamobile.com\/tin-tuc\/","logo":{"@type":"ImageObject","inLanguage":"vi","@id":"https:\/\/hoanghamobile.com\/tin-tuc\/#\/schema\/logo\/image\/","url":"https:\/\/hoanghamobile.com\/tin-tuc\/wp-content\/uploads\/2021\/12\/logo-text.png","contentUrl":"https:\/\/hoanghamobile.com\/tin-tuc\/wp-content\/uploads\/2021\/12\/logo-text.png","width":256,"height":37,"caption":"Tin t\u1ee9c c\u00f4ng ngh\u1ec7 - HoangHaMobile"},"image":{"@id":"https:\/\/hoanghamobile.com\/tin-tuc\/#\/schema\/logo\/image\/"},"sameAs":["https:\/\/www.facebook.com\/hoanghamobilecom"]}]}},"_links":{"self":[{"href":"https:\/\/hoanghamobile.com\/tin-tuc\/wp-json\/wp\/v2\/pages\/40221","targetHints":{"allow":["GET"]}}],"collection":[{"href":"https:\/\/hoanghamobile.com\/tin-tuc\/wp-json\/wp\/v2\/pages"}],"about":[{"href":"https:\/\/hoanghamobile.com\/tin-tuc\/wp-json\/wp\/v2\/types\/page"}],"author":[{"embeddable":true,"href":"https:\/\/hoanghamobile.com\/tin-tuc\/wp-json\/wp\/v2\/users\/1"}],"replies":[{"embeddable":true,"href":"https:\/\/hoanghamobile.com\/tin-tuc\/wp-json\/wp\/v2\/comments?post=40221"}],"version-history":[{"count":0,"href":"https:\/\/hoanghamobile.com\/tin-tuc\/wp-json\/wp\/v2\/pages\/40221\/revisions"}],"wp:attachment":[{"href":"https:\/\/hoanghamobile.com\/tin-tuc\/wp-json\/wp\/v2\/media?parent=40221"}],"curies":[{"name":"wp","href":"https:\/\/api.w.org\/{rel}","templated":true}]}}