{"id":347491,"date":"2024-05-17T15:57:41","date_gmt":"2024-05-17T08:57:41","guid":{"rendered":"https:\/\/hoanghamobile.com\/tin-tuc\/?page_id=347491"},"modified":"2024-05-22T10:06:44","modified_gmt":"2024-05-22T03:06:44","slug":"minigame-xiaomi-14-ultra","status":"publish","type":"page","link":"https:\/\/hoanghamobile.com\/tin-tuc\/dang-ky\/minigame-xiaomi-14-ultra\/","title":{"rendered":"\u0110\u0103ng k\u00fd th\u00f4ng tin &#8211; C\u01a1 h\u1ed9i s\u1edf h\u1eefu Xiaomi 14 Ultra v\u1edbi gi\u00e1 ch\u1ec9 14.000\u0110"},"content":{"rendered":"\t\t<div data-elementor-type=\"wp-page\" data-elementor-id=\"347491\" class=\"elementor elementor-347491\" data-elementor-post-type=\"page\">\n\t\t\t\t<div class=\"elementor-element elementor-element-6eeabe4 e-con-full e-flex e-con e-parent\" data-id=\"6eeabe4\" data-element_type=\"container\" data-e-type=\"container\" data-settings=\"{&quot;background_background&quot;:&quot;classic&quot;}\">\n\t\t\t\t<div class=\"elementor-element elementor-element-924c955 elementor-hidden-desktop elementor-hidden-tablet elementor-widget elementor-widget-image\" data-id=\"924c955\" data-element_type=\"widget\" data-e-type=\"widget\" data-widget_type=\"image.default\">\n\t\t\t\t<div class=\"elementor-widget-container\">\n\t\t\t\t\t\t\t\t\t\t\t\t\t\t\t<img fetchpriority=\"high\" decoding=\"async\" width=\"675\" height=\"1081\" src=\"https:\/\/hoanghamobile.com\/tin-tuc\/wp-content\/uploads\/2024\/05\/Xiaomi-14-Ultra-mobile.jpg\" class=\"attachment-full size-full wp-image-347539\" alt=\"\" srcset=\"https:\/\/hoanghamobile.com\/tin-tuc\/wp-content\/uploads\/2024\/05\/Xiaomi-14-Ultra-mobile.jpg 675w, https:\/\/hoanghamobile.com\/tin-tuc\/wp-content\/uploads\/2024\/05\/Xiaomi-14-Ultra-mobile-187x300.jpg 187w, https:\/\/hoanghamobile.com\/tin-tuc\/wp-content\/uploads\/2024\/05\/Xiaomi-14-Ultra-mobile-639x1024.jpg 639w\" sizes=\"(max-width: 675px) 100vw, 675px\" \/>\t\t\t\t\t\t\t\t\t\t\t\t\t\t\t<\/div>\n\t\t\t\t<\/div>\n\t\t<div class=\"elementor-element elementor-element-7622326 e-flex e-con-boxed e-con e-child\" data-id=\"7622326\" data-element_type=\"container\" data-e-type=\"container\">\n\t\t\t\t\t<div class=\"e-con-inner\">\n\t\t\t\t<div class=\"elementor-element elementor-element-fde62c6 elementor-hidden-mobile elementor-widget elementor-widget-image\" data-id=\"fde62c6\" data-element_type=\"widget\" data-e-type=\"widget\" data-widget_type=\"image.default\">\n\t\t\t\t<div class=\"elementor-widget-container\">\n\t\t\t\t\t\t\t\t\t\t\t\t\t\t\t<img decoding=\"async\" width=\"1920\" height=\"1080\" src=\"https:\/\/hoanghamobile.com\/tin-tuc\/wp-content\/uploads\/2024\/05\/Xiaomi-14-Ultra-desktop.jpg\" class=\"attachment-full size-full wp-image-347538\" alt=\"\" srcset=\"https:\/\/hoanghamobile.com\/tin-tuc\/wp-content\/uploads\/2024\/05\/Xiaomi-14-Ultra-desktop.jpg 1920w, https:\/\/hoanghamobile.com\/tin-tuc\/wp-content\/uploads\/2024\/05\/Xiaomi-14-Ultra-desktop-300x169.jpg 300w, https:\/\/hoanghamobile.com\/tin-tuc\/wp-content\/uploads\/2024\/05\/Xiaomi-14-Ultra-desktop-1024x576.jpg 1024w, https:\/\/hoanghamobile.com\/tin-tuc\/wp-content\/uploads\/2024\/05\/Xiaomi-14-Ultra-desktop-768x432.jpg 768w, https:\/\/hoanghamobile.com\/tin-tuc\/wp-content\/uploads\/2024\/05\/Xiaomi-14-Ultra-desktop-1536x864.jpg 1536w\" sizes=\"(max-width: 1920px) 100vw, 1920px\" \/>\t\t\t\t\t\t\t\t\t\t\t\t\t\t\t<\/div>\n\t\t\t\t<\/div>\n\t\t\t\t\t<\/div>\n\t\t\t\t<\/div>\n\t\t\t\t<div class=\"elementor-element elementor-element-a056d76 elementor-widget elementor-widget-video\" data-id=\"a056d76\" data-element_type=\"widget\" data-e-type=\"widget\" data-settings=\"{&quot;video_type&quot;:&quot;hosted&quot;,&quot;autoplay&quot;:&quot;yes&quot;,&quot;loop&quot;:&quot;yes&quot;,&quot;controls&quot;:&quot;yes&quot;}\" data-widget_type=\"video.default\">\n\t\t\t\t<div class=\"elementor-widget-container\">\n\t\t\t\t\t\t\t<div class=\"e-hosted-video elementor-wrapper elementor-open-inline\">\n\t\t\t\t\t<video class=\"elementor-video\" src=\"https:\/\/tintuc.hoanghamobile.com\/tin-tuc\/wp-content\/uploads\/2024\/05\/Done-Horizontal_N1_30s_CLEAN_4K-422-1-1.mp4\" autoplay=\"\" loop=\"\" controls=\"\" controlsList=\"nodownload\"><\/video>\n\t\t\t\t<\/div>\n\t\t\t\t\t\t<\/div>\n\t\t\t\t<\/div>\n\t\t\t\t<div class=\"elementor-element elementor-element-ab42254 elementor-widget elementor-widget-heading\" data-id=\"ab42254\" data-element_type=\"widget\" data-e-type=\"widget\" data-widget_type=\"heading.default\">\n\t\t\t\t<div class=\"elementor-widget-container\">\n\t\t\t\t\t<h2 class=\"elementor-heading-title elementor-size-default\">MINIGAME<\/h2>\t\t\t\t<\/div>\n\t\t\t\t<\/div>\n\t\t\t\t<\/div>\n\t\t<div class=\"elementor-element elementor-element-d543155 e-flex e-con-boxed e-con e-parent\" data-id=\"d543155\" data-element_type=\"container\" data-e-type=\"container\" data-settings=\"{&quot;background_background&quot;:&quot;classic&quot;}\">\n\t\t\t\t\t<div class=\"e-con-inner\">\n\t\t<div class=\"elementor-element elementor-element-2e3aec9 e-con-full e-flex e-con e-child\" data-id=\"2e3aec9\" data-element_type=\"container\" data-e-type=\"container\">\n\t\t\t\t<div class=\"elementor-element elementor-element-fbcabbd elementor-widget elementor-widget-text-editor\" data-id=\"fbcabbd\" data-element_type=\"widget\" data-e-type=\"widget\" data-widget_type=\"text-editor.default\">\n\t\t\t\t<div class=\"elementor-widget-container\">\n\t\t\t\t\t\t\t\t\t<p><strong>\u0110\u0102NG K\u00dd S\u1edaM \u2013 NH\u1eacN TH\u00d4NG TIN XIAOMI 14 ULTRA<\/strong><br \/><strong>&gt;&gt; S\u1ede H\u1eeeU SI\u00caU PH\u1ea8M V\u1edaI GI\u00c1 CH\u1ec8 T\u1eea 14.000\u0110 &lt;&lt;<\/strong><br \/>\u2013<br \/>Kh\u00e1ch h\u00e0ng khi \u0111\u0103ng k\u00fd s\u1ea3n ph\u1ea9m Xiaomi 14 Ultra &amp; c\u00f3 \u0111\u00e1p \u00e1n tr\u1ea3 l\u1eddi \u0111\u00fang, s\u1ebd c\u00f3 c\u01a1 h\u1ed9i nh\u1eadn \u0111\u01b0\u1ee3c 01 trong nh\u1eefng ph\u1ea7n qu\u00e0 c\u1ef1c h\u1ea5p d\u1eabn bao g\u1ed3m:<br \/>\u2013 Gi\u1ea3i Nh\u1ea5t: 01 su\u1ea5t mua Xiaomi 14 Ultra gi\u00e1 ch\u1ec9 14.000\u0111<br \/>\u2013 Gi\u1ea3i Nh\u00ec: 02 b\u1ed9 ph\u1ee5 ki\u1ec7n cho Xiaomi 14 Ultra tr\u1ecb gi\u00e1 4.500.000\u0111<br \/>\u2013 Gi\u1ea3i Ba: 04 voucher gi\u1ea3m gi\u00e1 khi mua Xiaomi 14 Ultra tr\u1ecb gi\u00e1 4.000.000\u0111\/ voucher<br \/>\u2014\u2014\u2014\u2013<br \/>C\u00e1ch th\u1ee9c tham gia<br \/>\u2013 B\u01b0\u1edbc 1: Ng\u01b0\u1eddi ch\u01a1i click \u0110\u0103ng K\u00fd Ngay v\u00e0 ti\u1ebfn h\u00e0nh tr\u1ea3 l\u1eddi c\u00e2u h\u1ecfi (ch\u1ecdn \u0111\u00e1p \u00e1n a,b,c)<br \/>\u2013 B\u01b0\u1edbc 2: Ng\u01b0\u1eddi ch\u01a1i click \u0110\u0103ng k\u00fd nh\u1eadn th\u00f4ng tin, \u0111i\u1ec1n \u0111\u1ee7 th\u00f4ng tin bao g\u1ed3m H\u1ecd t\u00ean + S\u0110T ch\u00ednh ch\u1ee7 + email <br \/>\u2013 B\u01b0\u1edbc 3: \u0110i\u1ec1n \u0111\u00e1p \u00e1n. <br \/>(Kh\u00e1ch h\u00e0ng vui l\u00f2ng note \u0110\u00e1p \u00c1n + 04 s\u1ed1 cu\u1ed1i S\u0110T \u1edf ph\u1ea7n ghi ch\u00fa, \u0111\u1ec3 ti\u1ec7n \u0111\u1ed1i chi\u1ebfu khi quay s\u1ed1)<\/p><p>V\u00ed d\u1ee5: B &lt;c\u00e1ch&gt; 1234 ho\u1eb7c B + 1234<\/p><p><br \/>\u2014\u2014\u2014\u2013<br \/>+ Th\u1eddi gian di\u1ec5n ra: T\u1eeb ng\u00e0y 17\/05\/2024 \u0111\u1ebfn 24h00 ng\u00e0y 27\/05\/2024<br \/>\u2014\u2014\u2014\u2013<br \/>\u2705 \u0110i\u1ec1u ki\u1ec7n nh\u1eadn gi\u1ea3i: L\u00e0m \u0111\u00fang \u0111\u1ee7 03 b\u01b0\u1edbc tr\u00ean, Ho\u00e0ng H\u00e0 Mobile s\u1ebd quay s\u1ed1 tr\u1ef1c ti\u1ebfp ng\u00e0y 28\/5\/2024 t\u1ea1i trang web random.org \u0111\u1ec3 t\u00ecm ra nh\u1eefng v\u1ecb kh\u00e1ch may m\u1eafn nh\u1ea5t!<br \/>\u2014\u2014\u2014\u2013<br \/>\u2013 Qu\u00e0 ch\u1ec9 trao cho kh\u00e1ch h\u00e0ng \u0111\u0103ng k\u00fd th\u00f4ng tin &amp; \u0111\u1eb7t mua Xiaomi 14 Ultra t\u1ea1i Ho\u00e0ng H\u00e0 Mobile<\/p><p>\u2013 01 kh\u00e1ch h\u00e0ng ch\u1ec9 \u0111\u01b0\u1ee3c tr\u00fang t\u1ed1i \u0111a 01 ph\u1ea7n qu\u00e0 trong ch\u01b0\u01a1ng tr\u00ecnh<br \/>\u2013 01 kh\u00e1ch h\u00e0ng \u0111\u01b0\u1ee3c tham gia 01 l\u1ea7n. N\u1ebfu tham gia nhi\u1ec1u l\u1ea7n, h\u1ec7 th\u1ed1ng s\u1ebd ch\u1ec9 t\u00ednh chung l\u00e0 1 l\u1ea7n\/ 1 kh\u00e1ch h\u00e0ng.<br \/>\u2013 Kh\u00e1ch h\u00e0ng vui l\u00f2ng s\u1eed d\u1ee5ng t\u00ean \u2013 email \u2013 s\u1ed1 \u0111i\u1ec7n tho\u1ea1i ch\u00ednh ch\u1ee7 \u0111\u1ec3 thu\u1eadn l\u1ee3i trong qu\u00e1 tr\u00ecnh trao qu\u00e0<br \/>\u2013 Ch\u01b0\u01a1ng tr\u00ecnh kh\u00f4ng \u00e1p d\u1ee5ng v\u1edbi nh\u00e2n vi\u00ean Ho\u00e0ng H\u00e0 Mobile v\u00e0 Xiaomi<br \/>\u2013 BTC s\u1ebd li\u00ean h\u1ec7 trao qu\u00e0 qua S\u0110T kh\u00e1ch \u0111\u0103ng k\u00fd ch\u01a1i game. N\u1ebfu kh\u00f4ng li\u00ean h\u1ec7 \u0111\u01b0\u1ee3c do S\u0110T kh\u00f4ng c\u00f3 th\u1eadt ho\u1eb7c kh\u00e1ch h\u00e0ng kh\u00f4ng nghe m\u00e1y trong 03 l\u1ea7n li\u00ean h\u1ec7, BTC xin ph\u00e9p h\u1ee7y qu\u00e0 tr\u01b0\u1eddng h\u1ee3p \u0111\u00f3.<br \/>\u2013 Qu\u00e0 t\u1eb7ng kh\u00f4ng c\u00f3 gi\u00e1 tr\u1ecb quy \u0111\u1ed5i th\u00e0nh ti\u1ec1n m\u1eb7t<\/p>\t\t\t\t\t\t\t\t<\/div>\n\t\t\t\t<\/div>\n\t\t\t\t<\/div>\n\t\t<div class=\"elementor-element elementor-element-3c7acb8 e-con-full e-flex e-con e-child\" data-id=\"3c7acb8\" data-element_type=\"container\" data-e-type=\"container\">\n\t\t\t\t<div class=\"elementor-element elementor-element-a461cb7 elementor-widget elementor-widget-text-editor\" data-id=\"a461cb7\" data-element_type=\"widget\" data-e-type=\"widget\" data-widget_type=\"text-editor.default\">\n\t\t\t\t<div class=\"elementor-widget-container\">\n\t\t\t\t\t\t\t\t\t<p><em><strong>C\u00e2u h\u1ecfi:<\/strong><\/em><br \/><strong>\u0110i\u1ec7n tho\u1ea1i Xiaomi 14 Ultra ra m\u1eaft th\u1ecb tr\u01b0\u1eddng Vi\u1ec7t Nam v\u00e0o ng\u00e0y n\u00e0o?<\/strong><br \/><strong>A. 22\/05\/2024<\/strong><br \/><strong>B. 23\/05\/2024 <\/strong><br \/><strong>C. 25\/05\/2024<\/strong><\/p>\t\t\t\t\t\t\t\t<\/div>\n\t\t\t\t<\/div>\n\t\t\t\t<div class=\"elementor-element elementor-element-4ec80e9 elementor-align-center elementor-widget elementor-widget-button\" data-id=\"4ec80e9\" data-element_type=\"widget\" data-e-type=\"widget\" data-widget_type=\"button.default\">\n\t\t\t\t<div class=\"elementor-widget-container\">\n\t\t\t\t\t\t\t\t\t<div class=\"elementor-button-wrapper\">\n\t\t\t\t\t<a class=\"elementor-button elementor-button-link elementor-size-sm\" href=\"https:\/\/hoanghamobile.com\/dien-thoai-di-dong\/xiaomi-14-ultra\">\n\t\t\t\t\t\t<span class=\"elementor-button-content-wrapper\">\n\t\t\t\t\t\t\t\t\t<span class=\"elementor-button-text\">\u0110\u0102NG K\u00dd NGAY<\/span>\n\t\t\t\t\t<\/span>\n\t\t\t\t\t<\/a>\n\t\t\t\t<\/div>\n\t\t\t\t\t\t\t\t<\/div>\n\t\t\t\t<\/div>\n\t\t\t\t<\/div>\n\t\t\t\t\t<\/div>\n\t\t\t\t<\/div>\n\t\t\t\t<\/div>\n\t\t","protected":false},"excerpt":{"rendered":"<p>https:\/\/hoanghamobile.com\/tin-tuc\/wp-content\/uploads\/2024\/05\/Done-Horizontal_N1_30s_CLEAN_4K-422-1-1.mp4 MINIGAME \u0110\u0102NG K\u00dd S\u1edaM \u2013 NH\u1eacN TH\u00d4NG TIN XIAOMI 14 ULTRA&gt;&gt; S\u1ede H\u1eeeU SI\u00caU PH\u1ea8M V\u1edaI GI\u00c1 CH\u1ec8 T\u1eea 14.000\u0110 &lt;&lt;\u2013Kh\u00e1ch h\u00e0ng khi \u0111\u0103ng k\u00fd s\u1ea3n ph\u1ea9m Xiaomi 14 Ultra &amp; c\u00f3 \u0111\u00e1p \u00e1n tr\u1ea3 l\u1eddi \u0111\u00fang, s\u1ebd c\u00f3 c\u01a1 h\u1ed9i nh\u1eadn \u0111\u01b0\u1ee3c 01 trong nh\u1eefng ph\u1ea7n qu\u00e0 c\u1ef1c h\u1ea5p d\u1eabn bao g\u1ed3m:\u2013 Gi\u1ea3i [&hellip;]<\/p>\n","protected":false},"author":29,"featured_media":347499,"parent":181983,"menu_order":0,"comment_status":"closed","ping_status":"closed","template":"elementor_canvas","meta":{"footnotes":""},"class_list":["post-347491","page","type-page","status-publish","has-post-thumbnail","hentry"],"yoast_head":"<!-- This site is optimized with the Yoast SEO Premium plugin v27.3 (Yoast SEO v27.4) - https:\/\/yoast.com\/product\/yoast-seo-premium-wordpress\/ -->\n<title>\u0110\u0103ng k\u00fd th\u00f4ng tin - C\u01a1 h\u1ed9i s\u1edf h\u1eefu Xiaomi 14 Ultra v\u1edbi gi\u00e1 ch\u1ec9 14.000\u0110 - Tin t\u1ee9c c\u00f4ng ngh\u1ec7 - HoangHaMobile<\/title>\n<meta name=\"description\" content=\"S\u1edf h\u1eefu Xiaomi 14 Ultra v\u1edbi gi\u00e1 s\u1ed1c ch\u1ec9 14.0000\u0111, c\u0169ng nh\u01b0 nhi\u1ec1u ph\u1ea7n qu\u00e0 h\u1ea5p d\u1eabn kh\u00e1c v\u1edbi t\u1ed5ng tr\u1ecb gi\u00e1 l\u00ean t\u1edbi 25 tri\u1ec7u \u0111\u1ed3ng khi \u0111\u0103ng k\u00fd th\u00f4ng tin s\u1edbm t\u1ea1i Ho\u00e0ng H\u00e0 Mobile\" \/>\n<meta name=\"robots\" content=\"index, follow, max-snippet:-1, max-image-preview:large, max-video-preview:-1\" \/>\n<link rel=\"canonical\" href=\"https:\/\/hoanghamobile.com\/tin-tuc\/dang-ky\/minigame-xiaomi-14-ultra\/\" \/>\n<meta property=\"og:locale\" content=\"vi_VN\" \/>\n<meta property=\"og:type\" content=\"article\" \/>\n<meta property=\"og:title\" content=\"\u0110\u0103ng k\u00fd th\u00f4ng tin - C\u01a1 h\u1ed9i s\u1edf h\u1eefu Xiaomi 14 Ultra v\u1edbi gi\u00e1 ch\u1ec9 14.000\u0110\" \/>\n<meta property=\"og:description\" content=\"S\u1edf h\u1eefu Xiaomi 14 Ultra v\u1edbi gi\u00e1 s\u1ed1c ch\u1ec9 14.0000\u0111, c\u0169ng nh\u01b0 nhi\u1ec1u ph\u1ea7n qu\u00e0 h\u1ea5p d\u1eabn kh\u00e1c v\u1edbi t\u1ed5ng tr\u1ecb gi\u00e1 l\u00ean t\u1edbi 25 tri\u1ec7u \u0111\u1ed3ng khi \u0111\u0103ng k\u00fd th\u00f4ng tin s\u1edbm t\u1ea1i Ho\u00e0ng H\u00e0 Mobile\" \/>\n<meta property=\"og:url\" content=\"https:\/\/hoanghamobile.com\/tin-tuc\/dang-ky\/minigame-xiaomi-14-ultra\/\" \/>\n<meta property=\"og:site_name\" content=\"Tin t\u1ee9c c\u00f4ng ngh\u1ec7 - HoangHaMobile\" \/>\n<meta property=\"article:publisher\" content=\"https:\/\/www.facebook.com\/hoanghamobilecom\" \/>\n<meta property=\"article:modified_time\" content=\"2024-05-22T03:06:44+00:00\" \/>\n<meta property=\"og:image\" content=\"https:\/\/hoanghamobile.com\/tin-tuc\/wp-content\/uploads\/2024\/05\/Dang-ky-som-Xiaomi-14-Ultra-nhan-uu-dai-05.jpg\" \/>\n\t<meta property=\"og:image:width\" content=\"1201\" \/>\n\t<meta property=\"og:image:height\" content=\"629\" \/>\n\t<meta property=\"og:image:type\" content=\"image\/jpeg\" \/>\n<meta name=\"twitter:card\" content=\"summary_large_image\" \/>\n<meta name=\"twitter:label1\" content=\"\u01af\u1edbc t\u00ednh th\u1eddi gian \u0111\u1ecdc\" \/>\n\t<meta name=\"twitter:data1\" content=\"3 ph\u00fat\" \/>\n<script type=\"application\/ld+json\" class=\"yoast-schema-graph\">{\"@context\":\"https:\\\/\\\/schema.org\",\"@graph\":[{\"@type\":\"WebPage\",\"@id\":\"https:\\\/\\\/hoanghamobile.com\\\/tin-tuc\\\/dang-ky\\\/minigame-xiaomi-14-ultra\\\/\",\"url\":\"https:\\\/\\\/hoanghamobile.com\\\/tin-tuc\\\/dang-ky\\\/minigame-xiaomi-14-ultra\\\/\",\"name\":\"\u0110\u0103ng k\u00fd th\u00f4ng tin - C\u01a1 h\u1ed9i s\u1edf h\u1eefu Xiaomi 14 Ultra v\u1edbi gi\u00e1 ch\u1ec9 14.000\u0110 - Tin t\u1ee9c c\u00f4ng ngh\u1ec7 - HoangHaMobile\",\"isPartOf\":{\"@id\":\"https:\\\/\\\/hoanghamobile.com\\\/tin-tuc\\\/#website\"},\"primaryImageOfPage\":{\"@id\":\"https:\\\/\\\/hoanghamobile.com\\\/tin-tuc\\\/dang-ky\\\/minigame-xiaomi-14-ultra\\\/#primaryimage\"},\"image\":{\"@id\":\"https:\\\/\\\/hoanghamobile.com\\\/tin-tuc\\\/dang-ky\\\/minigame-xiaomi-14-ultra\\\/#primaryimage\"},\"thumbnailUrl\":\"https:\\\/\\\/hoanghamobile.com\\\/tin-tuc\\\/wp-content\\\/uploads\\\/2024\\\/05\\\/Dang-ky-som-Xiaomi-14-Ultra-nhan-uu-dai-05.jpg\",\"datePublished\":\"2024-05-17T08:57:41+00:00\",\"dateModified\":\"2024-05-22T03:06:44+00:00\",\"description\":\"S\u1edf h\u1eefu Xiaomi 14 Ultra v\u1edbi gi\u00e1 s\u1ed1c ch\u1ec9 14.0000\u0111, c\u0169ng nh\u01b0 nhi\u1ec1u ph\u1ea7n qu\u00e0 h\u1ea5p d\u1eabn kh\u00e1c v\u1edbi t\u1ed5ng tr\u1ecb gi\u00e1 l\u00ean t\u1edbi 25 tri\u1ec7u \u0111\u1ed3ng khi \u0111\u0103ng k\u00fd th\u00f4ng tin s\u1edbm t\u1ea1i Ho\u00e0ng H\u00e0 Mobile\",\"breadcrumb\":{\"@id\":\"https:\\\/\\\/hoanghamobile.com\\\/tin-tuc\\\/dang-ky\\\/minigame-xiaomi-14-ultra\\\/#breadcrumb\"},\"inLanguage\":\"vi\",\"potentialAction\":[{\"@type\":\"ReadAction\",\"target\":[\"https:\\\/\\\/hoanghamobile.com\\\/tin-tuc\\\/dang-ky\\\/minigame-xiaomi-14-ultra\\\/\"]}]},{\"@type\":\"ImageObject\",\"inLanguage\":\"vi\",\"@id\":\"https:\\\/\\\/hoanghamobile.com\\\/tin-tuc\\\/dang-ky\\\/minigame-xiaomi-14-ultra\\\/#primaryimage\",\"url\":\"https:\\\/\\\/hoanghamobile.com\\\/tin-tuc\\\/wp-content\\\/uploads\\\/2024\\\/05\\\/Dang-ky-som-Xiaomi-14-Ultra-nhan-uu-dai-05.jpg\",\"contentUrl\":\"https:\\\/\\\/hoanghamobile.com\\\/tin-tuc\\\/wp-content\\\/uploads\\\/2024\\\/05\\\/Dang-ky-som-Xiaomi-14-Ultra-nhan-uu-dai-05.jpg\",\"width\":1201,\"height\":629},{\"@type\":\"BreadcrumbList\",\"@id\":\"https:\\\/\\\/hoanghamobile.com\\\/tin-tuc\\\/dang-ky\\\/minigame-xiaomi-14-ultra\\\/#breadcrumb\",\"itemListElement\":[{\"@type\":\"ListItem\",\"position\":1,\"name\":\"Trang ch\u1ee7\",\"item\":\"https:\\\/\\\/hoanghamobile.com\\\/tin-tuc\\\/\"},{\"@type\":\"ListItem\",\"position\":2,\"name\":\"\u0110\u0103ng K\u00fd\",\"item\":\"https:\\\/\\\/hoanghamobile.com\\\/tin-tuc\\\/dang-ky\\\/\"},{\"@type\":\"ListItem\",\"position\":3,\"name\":\"\u0110\u0103ng k\u00fd th\u00f4ng tin &#8211; C\u01a1 h\u1ed9i s\u1edf h\u1eefu Xiaomi 14 Ultra v\u1edbi gi\u00e1 ch\u1ec9 14.000\u0110\"}]},{\"@type\":\"WebSite\",\"@id\":\"https:\\\/\\\/hoanghamobile.com\\\/tin-tuc\\\/#website\",\"url\":\"https:\\\/\\\/hoanghamobile.com\\\/tin-tuc\\\/\",\"name\":\"Tin t\u1ee9c c\u00f4ng ngh\u1ec7 - HoangHaMobile\",\"description\":\"\",\"publisher\":{\"@id\":\"https:\\\/\\\/hoanghamobile.com\\\/tin-tuc\\\/#organization\"},\"potentialAction\":[{\"@type\":\"SearchAction\",\"target\":{\"@type\":\"EntryPoint\",\"urlTemplate\":\"https:\\\/\\\/hoanghamobile.com\\\/tin-tuc\\\/?s={search_term_string}\"},\"query-input\":{\"@type\":\"PropertyValueSpecification\",\"valueRequired\":true,\"valueName\":\"search_term_string\"}}],\"inLanguage\":\"vi\"},{\"@type\":\"Organization\",\"@id\":\"https:\\\/\\\/hoanghamobile.com\\\/tin-tuc\\\/#organization\",\"name\":\"Tin t\u1ee9c c\u00f4ng ngh\u1ec7 - HoangHaMobile\",\"url\":\"https:\\\/\\\/hoanghamobile.com\\\/tin-tuc\\\/\",\"logo\":{\"@type\":\"ImageObject\",\"inLanguage\":\"vi\",\"@id\":\"https:\\\/\\\/hoanghamobile.com\\\/tin-tuc\\\/#\\\/schema\\\/logo\\\/image\\\/\",\"url\":\"https:\\\/\\\/hoanghamobile.com\\\/tin-tuc\\\/wp-content\\\/uploads\\\/2021\\\/12\\\/logo-text.png\",\"contentUrl\":\"https:\\\/\\\/hoanghamobile.com\\\/tin-tuc\\\/wp-content\\\/uploads\\\/2021\\\/12\\\/logo-text.png\",\"width\":256,\"height\":37,\"caption\":\"Tin t\u1ee9c c\u00f4ng ngh\u1ec7 - HoangHaMobile\"},\"image\":{\"@id\":\"https:\\\/\\\/hoanghamobile.com\\\/tin-tuc\\\/#\\\/schema\\\/logo\\\/image\\\/\"},\"sameAs\":[\"https:\\\/\\\/www.facebook.com\\\/hoanghamobilecom\"]}]}<\/script>\n<!-- \/ Yoast SEO Premium plugin. -->","yoast_head_json":{"title":"\u0110\u0103ng k\u00fd th\u00f4ng tin - C\u01a1 h\u1ed9i s\u1edf h\u1eefu Xiaomi 14 Ultra v\u1edbi gi\u00e1 ch\u1ec9 14.000\u0110 - Tin t\u1ee9c c\u00f4ng ngh\u1ec7 - HoangHaMobile","description":"S\u1edf h\u1eefu Xiaomi 14 Ultra v\u1edbi gi\u00e1 s\u1ed1c ch\u1ec9 14.0000\u0111, c\u0169ng nh\u01b0 nhi\u1ec1u ph\u1ea7n qu\u00e0 h\u1ea5p d\u1eabn kh\u00e1c v\u1edbi t\u1ed5ng tr\u1ecb gi\u00e1 l\u00ean t\u1edbi 25 tri\u1ec7u \u0111\u1ed3ng khi \u0111\u0103ng k\u00fd th\u00f4ng tin s\u1edbm t\u1ea1i Ho\u00e0ng H\u00e0 Mobile","robots":{"index":"index","follow":"follow","max-snippet":"max-snippet:-1","max-image-preview":"max-image-preview:large","max-video-preview":"max-video-preview:-1"},"canonical":"https:\/\/hoanghamobile.com\/tin-tuc\/dang-ky\/minigame-xiaomi-14-ultra\/","og_locale":"vi_VN","og_type":"article","og_title":"\u0110\u0103ng k\u00fd th\u00f4ng tin - C\u01a1 h\u1ed9i s\u1edf h\u1eefu Xiaomi 14 Ultra v\u1edbi gi\u00e1 ch\u1ec9 14.000\u0110","og_description":"S\u1edf h\u1eefu Xiaomi 14 Ultra v\u1edbi gi\u00e1 s\u1ed1c ch\u1ec9 14.0000\u0111, c\u0169ng nh\u01b0 nhi\u1ec1u ph\u1ea7n qu\u00e0 h\u1ea5p d\u1eabn kh\u00e1c v\u1edbi t\u1ed5ng tr\u1ecb gi\u00e1 l\u00ean t\u1edbi 25 tri\u1ec7u \u0111\u1ed3ng khi \u0111\u0103ng k\u00fd th\u00f4ng tin s\u1edbm t\u1ea1i Ho\u00e0ng H\u00e0 Mobile","og_url":"https:\/\/hoanghamobile.com\/tin-tuc\/dang-ky\/minigame-xiaomi-14-ultra\/","og_site_name":"Tin t\u1ee9c c\u00f4ng ngh\u1ec7 - HoangHaMobile","article_publisher":"https:\/\/www.facebook.com\/hoanghamobilecom","article_modified_time":"2024-05-22T03:06:44+00:00","og_image":[{"width":1201,"height":629,"url":"https:\/\/hoanghamobile.com\/tin-tuc\/wp-content\/uploads\/2024\/05\/Dang-ky-som-Xiaomi-14-Ultra-nhan-uu-dai-05.jpg","type":"image\/jpeg"}],"twitter_card":"summary_large_image","twitter_misc":{"\u01af\u1edbc t\u00ednh th\u1eddi gian \u0111\u1ecdc":"3 ph\u00fat"},"schema":{"@context":"https:\/\/schema.org","@graph":[{"@type":"WebPage","@id":"https:\/\/hoanghamobile.com\/tin-tuc\/dang-ky\/minigame-xiaomi-14-ultra\/","url":"https:\/\/hoanghamobile.com\/tin-tuc\/dang-ky\/minigame-xiaomi-14-ultra\/","name":"\u0110\u0103ng k\u00fd th\u00f4ng tin - C\u01a1 h\u1ed9i s\u1edf h\u1eefu Xiaomi 14 Ultra v\u1edbi gi\u00e1 ch\u1ec9 14.000\u0110 - Tin t\u1ee9c c\u00f4ng ngh\u1ec7 - HoangHaMobile","isPartOf":{"@id":"https:\/\/hoanghamobile.com\/tin-tuc\/#website"},"primaryImageOfPage":{"@id":"https:\/\/hoanghamobile.com\/tin-tuc\/dang-ky\/minigame-xiaomi-14-ultra\/#primaryimage"},"image":{"@id":"https:\/\/hoanghamobile.com\/tin-tuc\/dang-ky\/minigame-xiaomi-14-ultra\/#primaryimage"},"thumbnailUrl":"https:\/\/hoanghamobile.com\/tin-tuc\/wp-content\/uploads\/2024\/05\/Dang-ky-som-Xiaomi-14-Ultra-nhan-uu-dai-05.jpg","datePublished":"2024-05-17T08:57:41+00:00","dateModified":"2024-05-22T03:06:44+00:00","description":"S\u1edf h\u1eefu Xiaomi 14 Ultra v\u1edbi gi\u00e1 s\u1ed1c ch\u1ec9 14.0000\u0111, c\u0169ng nh\u01b0 nhi\u1ec1u ph\u1ea7n qu\u00e0 h\u1ea5p d\u1eabn kh\u00e1c v\u1edbi t\u1ed5ng tr\u1ecb gi\u00e1 l\u00ean t\u1edbi 25 tri\u1ec7u \u0111\u1ed3ng khi \u0111\u0103ng k\u00fd th\u00f4ng tin s\u1edbm t\u1ea1i Ho\u00e0ng H\u00e0 Mobile","breadcrumb":{"@id":"https:\/\/hoanghamobile.com\/tin-tuc\/dang-ky\/minigame-xiaomi-14-ultra\/#breadcrumb"},"inLanguage":"vi","potentialAction":[{"@type":"ReadAction","target":["https:\/\/hoanghamobile.com\/tin-tuc\/dang-ky\/minigame-xiaomi-14-ultra\/"]}]},{"@type":"ImageObject","inLanguage":"vi","@id":"https:\/\/hoanghamobile.com\/tin-tuc\/dang-ky\/minigame-xiaomi-14-ultra\/#primaryimage","url":"https:\/\/hoanghamobile.com\/tin-tuc\/wp-content\/uploads\/2024\/05\/Dang-ky-som-Xiaomi-14-Ultra-nhan-uu-dai-05.jpg","contentUrl":"https:\/\/hoanghamobile.com\/tin-tuc\/wp-content\/uploads\/2024\/05\/Dang-ky-som-Xiaomi-14-Ultra-nhan-uu-dai-05.jpg","width":1201,"height":629},{"@type":"BreadcrumbList","@id":"https:\/\/hoanghamobile.com\/tin-tuc\/dang-ky\/minigame-xiaomi-14-ultra\/#breadcrumb","itemListElement":[{"@type":"ListItem","position":1,"name":"Trang ch\u1ee7","item":"https:\/\/hoanghamobile.com\/tin-tuc\/"},{"@type":"ListItem","position":2,"name":"\u0110\u0103ng K\u00fd","item":"https:\/\/hoanghamobile.com\/tin-tuc\/dang-ky\/"},{"@type":"ListItem","position":3,"name":"\u0110\u0103ng k\u00fd th\u00f4ng tin &#8211; C\u01a1 h\u1ed9i s\u1edf h\u1eefu Xiaomi 14 Ultra v\u1edbi gi\u00e1 ch\u1ec9 14.000\u0110"}]},{"@type":"WebSite","@id":"https:\/\/hoanghamobile.com\/tin-tuc\/#website","url":"https:\/\/hoanghamobile.com\/tin-tuc\/","name":"Tin t\u1ee9c c\u00f4ng ngh\u1ec7 - HoangHaMobile","description":"","publisher":{"@id":"https:\/\/hoanghamobile.com\/tin-tuc\/#organization"},"potentialAction":[{"@type":"SearchAction","target":{"@type":"EntryPoint","urlTemplate":"https:\/\/hoanghamobile.com\/tin-tuc\/?s={search_term_string}"},"query-input":{"@type":"PropertyValueSpecification","valueRequired":true,"valueName":"search_term_string"}}],"inLanguage":"vi"},{"@type":"Organization","@id":"https:\/\/hoanghamobile.com\/tin-tuc\/#organization","name":"Tin t\u1ee9c c\u00f4ng ngh\u1ec7 - HoangHaMobile","url":"https:\/\/hoanghamobile.com\/tin-tuc\/","logo":{"@type":"ImageObject","inLanguage":"vi","@id":"https:\/\/hoanghamobile.com\/tin-tuc\/#\/schema\/logo\/image\/","url":"https:\/\/hoanghamobile.com\/tin-tuc\/wp-content\/uploads\/2021\/12\/logo-text.png","contentUrl":"https:\/\/hoanghamobile.com\/tin-tuc\/wp-content\/uploads\/2021\/12\/logo-text.png","width":256,"height":37,"caption":"Tin t\u1ee9c c\u00f4ng ngh\u1ec7 - HoangHaMobile"},"image":{"@id":"https:\/\/hoanghamobile.com\/tin-tuc\/#\/schema\/logo\/image\/"},"sameAs":["https:\/\/www.facebook.com\/hoanghamobilecom"]}]}},"_links":{"self":[{"href":"https:\/\/hoanghamobile.com\/tin-tuc\/wp-json\/wp\/v2\/pages\/347491","targetHints":{"allow":["GET"]}}],"collection":[{"href":"https:\/\/hoanghamobile.com\/tin-tuc\/wp-json\/wp\/v2\/pages"}],"about":[{"href":"https:\/\/hoanghamobile.com\/tin-tuc\/wp-json\/wp\/v2\/types\/page"}],"author":[{"embeddable":true,"href":"https:\/\/hoanghamobile.com\/tin-tuc\/wp-json\/wp\/v2\/users\/29"}],"replies":[{"embeddable":true,"href":"https:\/\/hoanghamobile.com\/tin-tuc\/wp-json\/wp\/v2\/comments?post=347491"}],"version-history":[{"count":0,"href":"https:\/\/hoanghamobile.com\/tin-tuc\/wp-json\/wp\/v2\/pages\/347491\/revisions"}],"up":[{"embeddable":true,"href":"https:\/\/hoanghamobile.com\/tin-tuc\/wp-json\/wp\/v2\/pages\/181983"}],"wp:featuredmedia":[{"embeddable":true,"href":"https:\/\/hoanghamobile.com\/tin-tuc\/wp-json\/wp\/v2\/media\/347499"}],"wp:attachment":[{"href":"https:\/\/hoanghamobile.com\/tin-tuc\/wp-json\/wp\/v2\/media?parent=347491"}],"curies":[{"name":"wp","href":"https:\/\/api.w.org\/{rel}","templated":true}]}}