{"id":30744,"date":"2018-02-28T01:26:28","date_gmt":"2018-02-27T18:26:28","guid":{"rendered":"http:\/\/hoanghamobile.com\/tin-tuc\/?page_id=30744"},"modified":"2018-04-15T17:14:39","modified_gmt":"2018-04-15T10:14:39","slug":"samsung-8-3","status":"publish","type":"page","link":"https:\/\/hoanghamobile.com\/tin-tuc\/samsung-8-3\/","title":{"rendered":"Samsung 8-3"},"content":{"rendered":"<p><span class=\"tve_image_frame\" style=\"width: 100%;\"><img decoding=\"async\" class=\"tve_image wp-image-5762\" alt=\"logo\" width=\"300\" height=\"43\" title=\"logo\" data-id=\"5762\" src=\"\/tin-tuc\/wp-content\/uploads\/2017\/03\/logo.png\" style=\"width: 100%;\"><\/span><\/p>\n<h1 data-css=\"tve-u-15dea153329\">MUA SAMSUNG S9 CH\u00cdNH H\u00c3NG CH\u1ec8 8.300.000\u0111<\/h1>\n<p data-css=\"tve-u-15dea178cf7\" style=\"text-align: center;\">C\u1ea3m \u01a1n b\u1ea1n \u0111\u00e3 quan t\u00e2m \u0111\u1ebfn ch\u01b0\u01a1ng tr\u00ecnh, th\u1eddi gian \u0111\u0103ng k\u00fd \u0111\u00e3 k\u1ebft th\u00fac.<\/p>\n<p data-css=\"tve-u-15dea178cf7\" style=\"text-align: center;\">\n<p data-css=\"tve-u-15dea178cf7\" style=\"text-align: center;\">M\u1eddi c\u00e1c b\u1ea1n theo d\u00f5i Live Stream b\u1ed1c th\u0103m c\u1ee7a ch\u00fang t\u00f4i t\u1ea1i Fan Page Ho\u00e0ng H\u00e0 Mobile:&nbsp;<\/p>\n<p><a href=\"https:\/\/www.facebook.com\/hoanghamobilecom\/\" class=\"tcb-button-link\" data-css=\"tve-u-16204231079\"><span class=\"tcb-button-texts\"><span class=\"tcb-button-text thrv-inline-text\">Link FanPage<\/span><\/span><\/a><span class=\"part-2\">0<\/span><span class=\"part-1\">0<\/span>Days<span class=\"part-2\">0<\/span><span class=\"part-1\">0<\/span>Hours<span class=\"part-2\">0<\/span><span class=\"part-1\">0<\/span>Minutes<span class=\"part-2\">0<\/span><span class=\"part-1\">0<\/span>SecondsC\u1ea3m \u01a1n b\u1ea1n \u0111\u00e3 quan t\u00e2m \u0111\u1ebfn ch\u01b0\u01a1ng tr\u00ecnh. Th\u01a1i gian \u0111\u0103ng k\u00fd \u0111\u00e3 k\u1ebft th\u00fac.<span class=\"tve_image_frame\"><picture><source srcset=\"https:\/\/hoanghamobile.com\/tin-tuc\/wp-content\/webp-express\/webp-images\/uploads\/2018\/02\/T3-S9-8.03-anh-dt-1.png.webp 579w, https:\/\/hoanghamobile.com\/tin-tuc\/wp-content\/webp-express\/webp-images\/uploads\/2018\/02\/T3-S9-8.03-anh-dt-1-243x300.png.webp 243w, https:\/\/hoanghamobile.com\/tin-tuc\/wp-content\/webp-express\/webp-images\/uploads\/2018\/02\/T3-S9-8.03-anh-dt-1-324x400.png.webp 324w, https:\/\/hoanghamobile.com\/tin-tuc\/wp-content\/webp-express\/webp-images\/uploads\/2018\/02\/T3-S9-8.03-anh-dt-1-340x420.png.webp 340w\" sizes=\"(max-width: 579px) 100vw, 579px\" type=\"image\/webp\"><img fetchpriority=\"high\" decoding=\"async\" class=\"tve_image wp-image-30762 webpexpress-processed\" alt=\"T3-S9-(-8.03)-anh dt\" width=\"579\" height=\"715\" title=\"T3-S9-(-8.03)-anh dt\" data-id=\"30762\" src=\"\/tin-tuc\/wp-content\/uploads\/2018\/02\/T3-S9-8.03-anh-dt-1.png\" srcset=\"https:\/\/hoanghamobile.com\/tin-tuc\/wp-content\/uploads\/2018\/02\/T3-S9-8.03-anh-dt-1.png 579w, https:\/\/hoanghamobile.com\/tin-tuc\/wp-content\/uploads\/2018\/02\/T3-S9-8.03-anh-dt-1-243x300.png 243w, https:\/\/hoanghamobile.com\/tin-tuc\/wp-content\/uploads\/2018\/02\/T3-S9-8.03-anh-dt-1-324x400.png 324w, https:\/\/hoanghamobile.com\/tin-tuc\/wp-content\/uploads\/2018\/02\/T3-S9-8.03-anh-dt-1-340x420.png 340w\" sizes=\"(max-width: 579px) 100vw, 579px\"><\/picture><\/span><\/p>\n<h3 class=\"\" data-css=\"tve-u-161d882fd39\" style=\"text-align: left;\">Th\u1ec3 l\u1ec7 ch\u01b0\u01a1ng tr\u00ecnh:<\/h3>\n<ul class=\"\">\n<li class=\"\" data-css=\"tve-u-161d882fd50\" style=\"text-align: left;\"><span data-css=\"tve-u-161d8833736\" style=\"font-size: 18px;\">B\u01b0\u1edbc 1: Kh\u00e1ch h\u00e0ng \u0111\u0103ng k\u00fd th\u00f4ng tin t\u1ea1i form \u0111\u0103ng k\u00fd<\/span><\/li>\n<li class=\"\" data-css=\"tve-u-161d882fd65\" style=\"text-align: left;\"><span data-css=\"tve-u-161d8834825\" style=\"font-size: 18px;\">B\u01b0\u1edbc 2: Ho\u00e0ng H\u00e0 Mobile s\u1eed d\u1ee5ng s\u1ed1 \u0111i\u1ec7n tho\u1ea1i b\u1ea1n \u0111\u0103ng k\u00fd \u0111\u1ec3 l\u00e0m m\u00e3 d\u1ef1 th\u01b0\u1edfng<\/span><\/li>\n<li class=\"\" data-css=\"tve-u-161d882fd65\" style=\"text-align: left;\"><span data-css=\"tve-u-161d883483c\" style=\"font-size: 18px;\">B\u01b0\u1edbc 3: Ho\u00e0ng H\u00e0 Mobile livestream quay s\u1ed1 may m\u1eafn tr\u00ean fanpage Ho\u00e0ng H\u00e0 Mobile qua trang web random.org v\u00e0o 16h ng\u00e0y 8\/3\/2018<\/span><\/li>\n<li class=\"\" data-css=\"tve-u-161d882fd65\" style=\"text-align: left;\"><span data-css=\"tve-u-161d8833739\" style=\"font-size: 18px;\">B\u01b0\u1edbc 4: Ho\u00e0ng H\u00e0 Mobile c\u00f4ng b\u1ed1 t\u00ean v\u00e0 li\u00ean h\u1ec7 v\u1edbi kh\u00e1ch h\u00e0ng may m\u1eafn c\u00f3 con s\u1ed1 tr\u00f9ng kh\u1edbp v\u1edbi k\u1ebft qu\u1ea3 quay s\u1ed1<\/span><\/li>\n<\/ul>\n<h3 class=\"\" data-css=\"tve-u-161d882fd39\" style=\"text-align: left;\">L\u01b0u \u00fd:<\/h3>\n<ul class=\"\">\n<li class=\"\" data-css=\"tve-u-161d882fd50\" style=\"text-align: left;\"><span data-css=\"tve-u-161da5930f8\" style=\"font-size: 18px;\">Th\u1eddi gian k\u1ebft th\u00fac nh\u1eadn \u0111\u0103ng k\u00fd online: 12h ng\u00e0y 08\/03\/2018<\/span><\/li>\n<li class=\"\" data-css=\"tve-u-161d882fd50\" style=\"text-align: left;\"><span data-css=\"tve-u-161da5930fb\" style=\"font-size: 18px;\">M\u1ed7i s\u1ed1 \u0111i\u1ec7n tho\u1ea1i ch\u1ec9 \u0111\u01b0\u1ee3c \u0111\u0103ng k\u00ed 1 l\u1ea7n<\/span><\/li>\n<li class=\"\" data-css=\"tve-u-161d882fd50\" style=\"text-align: left;\"><span data-css=\"tve-u-161da5930fd\" style=\"font-size: 18px;\">Kh\u00e1ch h\u00e0ng tr\u00fang gi\u1ea3i mang theo CMND Kh\u00e1ch h\u00e0ng tr\u00fang gi\u1ea3i mang theo CMND t\u1edbi c\u1eeda h\u00e0ng \u0111\u1ec3 mua Samsung Galaxy S9 ch\u00ednh h\u00e3ng sau khi m\u00e1y l\u00ean k\u1ec7.<\/span><\/li>\n<\/ul>\n<p><span data-css=\"tve-u-161da5930fe\" style=\"color: rgb(0, 72, 62);\"><\/span><\/p>\n<p data-css=\"tve-u-161da5802f8\" style=\"text-align: center;\"><span data-css=\"tve-u-161da593114\" style=\"color: rgb(0, 72, 62);\"><a href=\"https:\/\/hoanghamobile.com\/dat-truoc-samsung-galaxy-s9\" target=\"_blank\"><strong>\u0110\u1eb6T G\u1ea0CH GALAXY S9+ | S9 &#8211; GI\u00c1 T\u1ed0T NH\u1ea4T T\u1eea<\/strong><\/a><strong><\/strong><a href=\"https:\/\/hoanghamobile.com\/dat-truoc-samsung-galaxy-s9\" target=\"_blank\"><strong>HO\u00c0NG H\u00c0 MOBILE<\/strong><\/a><\/span><\/p>\n<p style=\"text-align: center;\"><strong>Ho\u00e0ng H\u00e0 Mobile<\/strong><\/p>\n","protected":false},"excerpt":{"rendered":"<p>MUA SAMSUNG S9 CH\u00cdNH H\u00c3NG CH\u1ec8 8.300.000\u0111 C\u1ea3m \u01a1n b\u1ea1n \u0111\u00e3 quan t\u00e2m \u0111\u1ebfn ch\u01b0\u01a1ng tr\u00ecnh, th\u1eddi gian \u0111\u0103ng k\u00fd \u0111\u00e3 k\u1ebft th\u00fac. M\u1eddi c\u00e1c b\u1ea1n theo d\u00f5i Live Stream b\u1ed1c th\u0103m c\u1ee7a ch\u00fang t\u00f4i t\u1ea1i Fan Page Ho\u00e0ng H\u00e0 Mobile:&nbsp; Link FanPage00Days00Hours00Minutes00SecondsC\u1ea3m \u01a1n b\u1ea1n \u0111\u00e3 quan t\u00e2m \u0111\u1ebfn ch\u01b0\u01a1ng tr\u00ecnh. Th\u01a1i gian \u0111\u0103ng k\u00fd [&hellip;]<\/p>\n","protected":false},"author":1,"featured_media":30902,"parent":0,"menu_order":0,"comment_status":"closed","ping_status":"closed","template":"","meta":{"footnotes":""},"class_list":["post-30744","page","type-page","status-publish","has-post-thumbnail","hentry"],"yoast_head":"<!-- This site is optimized with the Yoast SEO Premium plugin v24.2 (Yoast SEO v24.2) - https:\/\/yoast.com\/wordpress\/plugins\/seo\/ -->\n<title>H\u1eb9n 8\/3 - S\u0103n Galaxy S9 ch\u1ec9 8.300.000\u0111 | Ho\u00e0ng H\u00e0 Mobile<\/title>\n<meta name=\"description\" content=\"\u0110\u0103ng k\u00fd nh\u1eadn c\u01a1 h\u1ed9i b\u1ed1c th\u0103m tr\u00fang Galaxy S9 ch\u00ednh h\u00e3ng gi\u00e1 ch\u1ec9 8.300.000\u0111 ngay h\u00f4m nay c\u00f9ng Ho\u00e0ng H\u00e0 Mobile.\" \/>\n<meta name=\"robots\" content=\"index, follow, max-snippet:-1, max-image-preview:large, max-video-preview:-1\" \/>\n<link rel=\"canonical\" href=\"https:\/\/hoanghamobile.com\/tin-tuc\/samsung-8-3\/\" \/>\n<meta property=\"og:locale\" content=\"vi_VN\" \/>\n<meta property=\"og:type\" content=\"article\" \/>\n<meta property=\"og:title\" content=\"Samsung 8-3\" \/>\n<meta property=\"og:description\" content=\"\u0110\u0103ng k\u00fd nh\u1eadn c\u01a1 h\u1ed9i b\u1ed1c th\u0103m tr\u00fang Galaxy S9 ch\u00ednh h\u00e3ng gi\u00e1 ch\u1ec9 8.300.000\u0111 ngay h\u00f4m nay c\u00f9ng Ho\u00e0ng H\u00e0 Mobile.\" \/>\n<meta property=\"og:url\" content=\"https:\/\/hoanghamobile.com\/tin-tuc\/samsung-8-3\/\" \/>\n<meta property=\"og:site_name\" content=\"Tin t\u1ee9c c\u00f4ng ngh\u1ec7 - HoangHaMobile\" \/>\n<meta property=\"article:publisher\" content=\"https:\/\/www.facebook.com\/hoanghamobilecom\" \/>\n<meta property=\"article:modified_time\" content=\"2018-04-15T10:14:39+00:00\" \/>\n<meta property=\"og:image\" content=\"https:\/\/hoanghamobile.com\/tin-tuc\/wp-content\/uploads\/2018\/02\/8.03-fb-1.png\" \/>\n\t<meta property=\"og:image:width\" content=\"1200\" \/>\n\t<meta property=\"og:image:height\" content=\"628\" \/>\n\t<meta property=\"og:image:type\" content=\"image\/png\" \/>\n<meta name=\"twitter:card\" content=\"summary_large_image\" \/>\n<meta name=\"twitter:label1\" content=\"\u01af\u1edbc t\u00ednh th\u1eddi gian \u0111\u1ecdc\" \/>\n\t<meta name=\"twitter:data1\" content=\"1 ph\u00fat\" \/>\n<script type=\"application\/ld+json\" class=\"yoast-schema-graph\">{\"@context\":\"https:\/\/schema.org\",\"@graph\":[{\"@type\":\"WebPage\",\"@id\":\"https:\/\/hoanghamobile.com\/tin-tuc\/samsung-8-3\/\",\"url\":\"https:\/\/hoanghamobile.com\/tin-tuc\/samsung-8-3\/\",\"name\":\"H\u1eb9n 8\/3 - S\u0103n Galaxy S9 ch\u1ec9 8.300.000\u0111 | Ho\u00e0ng H\u00e0 Mobile\",\"isPartOf\":{\"@id\":\"https:\/\/hoanghamobile.com\/tin-tuc\/#website\"},\"primaryImageOfPage\":{\"@id\":\"https:\/\/hoanghamobile.com\/tin-tuc\/samsung-8-3\/#primaryimage\"},\"image\":{\"@id\":\"https:\/\/hoanghamobile.com\/tin-tuc\/samsung-8-3\/#primaryimage\"},\"thumbnailUrl\":\"https:\/\/hoanghamobile.com\/tin-tuc\/wp-content\/uploads\/2018\/02\/8.03-fb-1.png\",\"datePublished\":\"2018-02-27T18:26:28+00:00\",\"dateModified\":\"2018-04-15T10:14:39+00:00\",\"description\":\"\u0110\u0103ng k\u00fd nh\u1eadn c\u01a1 h\u1ed9i b\u1ed1c th\u0103m tr\u00fang Galaxy S9 ch\u00ednh h\u00e3ng gi\u00e1 ch\u1ec9 8.300.000\u0111 ngay h\u00f4m nay c\u00f9ng Ho\u00e0ng H\u00e0 Mobile.\",\"breadcrumb\":{\"@id\":\"https:\/\/hoanghamobile.com\/tin-tuc\/samsung-8-3\/#breadcrumb\"},\"inLanguage\":\"vi\",\"potentialAction\":[{\"@type\":\"ReadAction\",\"target\":[\"https:\/\/hoanghamobile.com\/tin-tuc\/samsung-8-3\/\"]}]},{\"@type\":\"ImageObject\",\"inLanguage\":\"vi\",\"@id\":\"https:\/\/hoanghamobile.com\/tin-tuc\/samsung-8-3\/#primaryimage\",\"url\":\"https:\/\/hoanghamobile.com\/tin-tuc\/wp-content\/uploads\/2018\/02\/8.03-fb-1.png\",\"contentUrl\":\"https:\/\/hoanghamobile.com\/tin-tuc\/wp-content\/uploads\/2018\/02\/8.03-fb-1.png\",\"width\":1200,\"height\":628,\"caption\":\"8.03-fb\"},{\"@type\":\"BreadcrumbList\",\"@id\":\"https:\/\/hoanghamobile.com\/tin-tuc\/samsung-8-3\/#breadcrumb\",\"itemListElement\":[{\"@type\":\"ListItem\",\"position\":1,\"name\":\"Trang ch\u1ee7\",\"item\":\"https:\/\/hoanghamobile.com\/tin-tuc\/\"},{\"@type\":\"ListItem\",\"position\":2,\"name\":\"Samsung 8-3\"}]},{\"@type\":\"WebSite\",\"@id\":\"https:\/\/hoanghamobile.com\/tin-tuc\/#website\",\"url\":\"https:\/\/hoanghamobile.com\/tin-tuc\/\",\"name\":\"Tin t\u1ee9c c\u00f4ng ngh\u1ec7 - HoangHaMobile\",\"description\":\"\",\"publisher\":{\"@id\":\"https:\/\/hoanghamobile.com\/tin-tuc\/#organization\"},\"potentialAction\":[{\"@type\":\"SearchAction\",\"target\":{\"@type\":\"EntryPoint\",\"urlTemplate\":\"https:\/\/hoanghamobile.com\/tin-tuc\/?s={search_term_string}\"},\"query-input\":{\"@type\":\"PropertyValueSpecification\",\"valueRequired\":true,\"valueName\":\"search_term_string\"}}],\"inLanguage\":\"vi\"},{\"@type\":\"Organization\",\"@id\":\"https:\/\/hoanghamobile.com\/tin-tuc\/#organization\",\"name\":\"Tin t\u1ee9c c\u00f4ng ngh\u1ec7 - HoangHaMobile\",\"url\":\"https:\/\/hoanghamobile.com\/tin-tuc\/\",\"logo\":{\"@type\":\"ImageObject\",\"inLanguage\":\"vi\",\"@id\":\"https:\/\/hoanghamobile.com\/tin-tuc\/#\/schema\/logo\/image\/\",\"url\":\"https:\/\/hoanghamobile.com\/tin-tuc\/wp-content\/uploads\/2021\/12\/logo-text.png\",\"contentUrl\":\"https:\/\/hoanghamobile.com\/tin-tuc\/wp-content\/uploads\/2021\/12\/logo-text.png\",\"width\":256,\"height\":37,\"caption\":\"Tin t\u1ee9c c\u00f4ng ngh\u1ec7 - HoangHaMobile\"},\"image\":{\"@id\":\"https:\/\/hoanghamobile.com\/tin-tuc\/#\/schema\/logo\/image\/\"},\"sameAs\":[\"https:\/\/www.facebook.com\/hoanghamobilecom\"]}]}<\/script>\n<!-- \/ Yoast SEO Premium plugin. -->","yoast_head_json":{"title":"H\u1eb9n 8\/3 - S\u0103n Galaxy S9 ch\u1ec9 8.300.000\u0111 | Ho\u00e0ng H\u00e0 Mobile","description":"\u0110\u0103ng k\u00fd nh\u1eadn c\u01a1 h\u1ed9i b\u1ed1c th\u0103m tr\u00fang Galaxy S9 ch\u00ednh h\u00e3ng gi\u00e1 ch\u1ec9 8.300.000\u0111 ngay h\u00f4m nay c\u00f9ng Ho\u00e0ng H\u00e0 Mobile.","robots":{"index":"index","follow":"follow","max-snippet":"max-snippet:-1","max-image-preview":"max-image-preview:large","max-video-preview":"max-video-preview:-1"},"canonical":"https:\/\/hoanghamobile.com\/tin-tuc\/samsung-8-3\/","og_locale":"vi_VN","og_type":"article","og_title":"Samsung 8-3","og_description":"\u0110\u0103ng k\u00fd nh\u1eadn c\u01a1 h\u1ed9i b\u1ed1c th\u0103m tr\u00fang Galaxy S9 ch\u00ednh h\u00e3ng gi\u00e1 ch\u1ec9 8.300.000\u0111 ngay h\u00f4m nay c\u00f9ng Ho\u00e0ng H\u00e0 Mobile.","og_url":"https:\/\/hoanghamobile.com\/tin-tuc\/samsung-8-3\/","og_site_name":"Tin t\u1ee9c c\u00f4ng ngh\u1ec7 - HoangHaMobile","article_publisher":"https:\/\/www.facebook.com\/hoanghamobilecom","article_modified_time":"2018-04-15T10:14:39+00:00","og_image":[{"width":1200,"height":628,"url":"https:\/\/hoanghamobile.com\/tin-tuc\/wp-content\/uploads\/2018\/02\/8.03-fb-1.png","type":"image\/png"}],"twitter_card":"summary_large_image","twitter_misc":{"\u01af\u1edbc t\u00ednh th\u1eddi gian \u0111\u1ecdc":"1 ph\u00fat"},"schema":{"@context":"https:\/\/schema.org","@graph":[{"@type":"WebPage","@id":"https:\/\/hoanghamobile.com\/tin-tuc\/samsung-8-3\/","url":"https:\/\/hoanghamobile.com\/tin-tuc\/samsung-8-3\/","name":"H\u1eb9n 8\/3 - S\u0103n Galaxy S9 ch\u1ec9 8.300.000\u0111 | Ho\u00e0ng H\u00e0 Mobile","isPartOf":{"@id":"https:\/\/hoanghamobile.com\/tin-tuc\/#website"},"primaryImageOfPage":{"@id":"https:\/\/hoanghamobile.com\/tin-tuc\/samsung-8-3\/#primaryimage"},"image":{"@id":"https:\/\/hoanghamobile.com\/tin-tuc\/samsung-8-3\/#primaryimage"},"thumbnailUrl":"https:\/\/hoanghamobile.com\/tin-tuc\/wp-content\/uploads\/2018\/02\/8.03-fb-1.png","datePublished":"2018-02-27T18:26:28+00:00","dateModified":"2018-04-15T10:14:39+00:00","description":"\u0110\u0103ng k\u00fd nh\u1eadn c\u01a1 h\u1ed9i b\u1ed1c th\u0103m tr\u00fang Galaxy S9 ch\u00ednh h\u00e3ng gi\u00e1 ch\u1ec9 8.300.000\u0111 ngay h\u00f4m nay c\u00f9ng Ho\u00e0ng H\u00e0 Mobile.","breadcrumb":{"@id":"https:\/\/hoanghamobile.com\/tin-tuc\/samsung-8-3\/#breadcrumb"},"inLanguage":"vi","potentialAction":[{"@type":"ReadAction","target":["https:\/\/hoanghamobile.com\/tin-tuc\/samsung-8-3\/"]}]},{"@type":"ImageObject","inLanguage":"vi","@id":"https:\/\/hoanghamobile.com\/tin-tuc\/samsung-8-3\/#primaryimage","url":"https:\/\/hoanghamobile.com\/tin-tuc\/wp-content\/uploads\/2018\/02\/8.03-fb-1.png","contentUrl":"https:\/\/hoanghamobile.com\/tin-tuc\/wp-content\/uploads\/2018\/02\/8.03-fb-1.png","width":1200,"height":628,"caption":"8.03-fb"},{"@type":"BreadcrumbList","@id":"https:\/\/hoanghamobile.com\/tin-tuc\/samsung-8-3\/#breadcrumb","itemListElement":[{"@type":"ListItem","position":1,"name":"Trang ch\u1ee7","item":"https:\/\/hoanghamobile.com\/tin-tuc\/"},{"@type":"ListItem","position":2,"name":"Samsung 8-3"}]},{"@type":"WebSite","@id":"https:\/\/hoanghamobile.com\/tin-tuc\/#website","url":"https:\/\/hoanghamobile.com\/tin-tuc\/","name":"Tin t\u1ee9c c\u00f4ng ngh\u1ec7 - HoangHaMobile","description":"","publisher":{"@id":"https:\/\/hoanghamobile.com\/tin-tuc\/#organization"},"potentialAction":[{"@type":"SearchAction","target":{"@type":"EntryPoint","urlTemplate":"https:\/\/hoanghamobile.com\/tin-tuc\/?s={search_term_string}"},"query-input":{"@type":"PropertyValueSpecification","valueRequired":true,"valueName":"search_term_string"}}],"inLanguage":"vi"},{"@type":"Organization","@id":"https:\/\/hoanghamobile.com\/tin-tuc\/#organization","name":"Tin t\u1ee9c c\u00f4ng ngh\u1ec7 - HoangHaMobile","url":"https:\/\/hoanghamobile.com\/tin-tuc\/","logo":{"@type":"ImageObject","inLanguage":"vi","@id":"https:\/\/hoanghamobile.com\/tin-tuc\/#\/schema\/logo\/image\/","url":"https:\/\/hoanghamobile.com\/tin-tuc\/wp-content\/uploads\/2021\/12\/logo-text.png","contentUrl":"https:\/\/hoanghamobile.com\/tin-tuc\/wp-content\/uploads\/2021\/12\/logo-text.png","width":256,"height":37,"caption":"Tin t\u1ee9c c\u00f4ng ngh\u1ec7 - HoangHaMobile"},"image":{"@id":"https:\/\/hoanghamobile.com\/tin-tuc\/#\/schema\/logo\/image\/"},"sameAs":["https:\/\/www.facebook.com\/hoanghamobilecom"]}]}},"_links":{"self":[{"href":"https:\/\/hoanghamobile.com\/tin-tuc\/wp-json\/wp\/v2\/pages\/30744","targetHints":{"allow":["GET"]}}],"collection":[{"href":"https:\/\/hoanghamobile.com\/tin-tuc\/wp-json\/wp\/v2\/pages"}],"about":[{"href":"https:\/\/hoanghamobile.com\/tin-tuc\/wp-json\/wp\/v2\/types\/page"}],"author":[{"embeddable":true,"href":"https:\/\/hoanghamobile.com\/tin-tuc\/wp-json\/wp\/v2\/users\/1"}],"replies":[{"embeddable":true,"href":"https:\/\/hoanghamobile.com\/tin-tuc\/wp-json\/wp\/v2\/comments?post=30744"}],"version-history":[{"count":0,"href":"https:\/\/hoanghamobile.com\/tin-tuc\/wp-json\/wp\/v2\/pages\/30744\/revisions"}],"wp:featuredmedia":[{"embeddable":true,"href":"https:\/\/hoanghamobile.com\/tin-tuc\/wp-json\/wp\/v2\/media\/30902"}],"wp:attachment":[{"href":"https:\/\/hoanghamobile.com\/tin-tuc\/wp-json\/wp\/v2\/media?parent=30744"}],"curies":[{"name":"wp","href":"https:\/\/api.w.org\/{rel}","templated":true}]}}