{"id":173256,"date":"2022-07-13T16:56:31","date_gmt":"2022-07-13T09:56:31","guid":{"rendered":"https:\/\/hoanghamobile.com\/tin-tuc\/?page_id=173256"},"modified":"2022-07-16T19:47:50","modified_gmt":"2022-07-16T12:47:50","slug":"tuan-le-huawei","status":"publish","type":"page","link":"https:\/\/hoanghamobile.com\/tin-tuc\/dat-hang\/tuan-le-huawei\/","title":{"rendered":"Tu\u1ea7n L\u1ec5 Huawei"},"content":{"rendered":"\t\t<div data-elementor-type=\"wp-page\" data-elementor-id=\"173256\" class=\"elementor elementor-173256\" data-elementor-post-type=\"page\">\n\t\t\t\t\t\t<section data-dce-background-color=\"#FFFFFF\" class=\"elementor-section elementor-top-section elementor-element elementor-element-0c167c2 elementor-section-content-middle elementor-section-boxed elementor-section-height-default elementor-section-height-default\" data-id=\"0c167c2\" data-element_type=\"section\" data-settings=\"{&quot;background_background&quot;:&quot;classic&quot;,&quot;sticky&quot;:&quot;top&quot;,&quot;sticky_on&quot;:[&quot;desktop&quot;,&quot;tablet&quot;,&quot;mobile&quot;],&quot;sticky_offset&quot;:0,&quot;sticky_effects_offset&quot;:0,&quot;sticky_anchor_link_offset&quot;:0}\">\n\t\t\t\t\t\t<div class=\"elementor-container elementor-column-gap-default\">\n\t\t\t\t\t<div class=\"elementor-column elementor-col-50 elementor-top-column elementor-element elementor-element-f5f34da\" data-id=\"f5f34da\" data-element_type=\"column\">\n\t\t\t<div class=\"elementor-widget-wrap elementor-element-populated\">\n\t\t\t\t\t\t<div class=\"elementor-element elementor-element-bf868e8 elementor-widget elementor-widget-image\" data-id=\"bf868e8\" data-element_type=\"widget\" data-widget_type=\"image.default\">\n\t\t\t\t<div class=\"elementor-widget-container\">\n\t\t\t\t\t\t\t\t\t\t\t\t\t\t\t\t<a href=\"https:\/\/hoanghamobile.com\/\">\n\t\t\t\t\t\t\t<img decoding=\"async\" src=\"\/tin-tuc\/wp-content\/uploads\/2021\/02\/Group-1.png\" title=\"\" alt=\"\" loading=\"lazy\" \/>\t\t\t\t\t\t\t\t<\/a>\n\t\t\t\t\t\t\t\t\t\t\t\t\t\t\t<\/div>\n\t\t\t\t<\/div>\n\t\t\t\t\t<\/div>\n\t\t<\/div>\n\t\t\t\t<div class=\"elementor-column elementor-col-50 elementor-top-column elementor-element elementor-element-acd9f3c\" data-id=\"acd9f3c\" data-element_type=\"column\">\n\t\t\t<div class=\"elementor-widget-wrap elementor-element-populated\">\n\t\t\t\t\t\t<div class=\"elementor-element elementor-element-f7c5adc elementor-widget elementor-widget-heading\" data-id=\"f7c5adc\" data-element_type=\"widget\" data-widget_type=\"heading.default\">\n\t\t\t\t<div class=\"elementor-widget-container\">\n\t\t\t\t\t<h3 class=\"elementor-heading-title elementor-size-default\">Hotline: 1900.2091<\/h3>\t\t\t\t<\/div>\n\t\t\t\t<\/div>\n\t\t\t\t\t<\/div>\n\t\t<\/div>\n\t\t\t\t\t<\/div>\n\t\t<\/section>\n\t\t\t\t<section data-dce-background-color=\"#FFDDEC\" class=\"elementor-section elementor-top-section elementor-element elementor-element-dd6e418 elementor-section-full_width elementor-section-height-default elementor-section-height-default\" data-id=\"dd6e418\" data-element_type=\"section\" data-settings=\"{&quot;background_background&quot;:&quot;gradient&quot;}\">\n\t\t\t\t\t\t<div class=\"elementor-container elementor-column-gap-no\">\n\t\t\t\t\t<div class=\"elementor-column elementor-col-100 elementor-top-column elementor-element elementor-element-8be06d1\" data-id=\"8be06d1\" data-element_type=\"column\">\n\t\t\t<div class=\"elementor-widget-wrap elementor-element-populated\">\n\t\t\t\t\t\t<div class=\"elementor-element elementor-element-9353f38 elementor-hidden-mobile elementor-widget elementor-widget-image\" data-id=\"9353f38\" data-element_type=\"widget\" data-widget_type=\"image.default\">\n\t\t\t\t<div class=\"elementor-widget-container\">\n\t\t\t\t\t\t\t\t\t\t\t\t\t\t\t\t<a href=\"https:\/\/hoanghamobile.com\/tin-khuyen-mai\/uu-dai-hot\/khuyen-mai-huawei\" target=\"_blank\">\n\t\t\t\t\t\t\t<picture><source srcset=\"https:\/\/hoanghamobile.com\/tin-tuc\/wp-content\/webp-express\/webp-images\/uploads\/2022\/07\/dsfsagsdgsrgsdfd.png.webp 1600w, https:\/\/hoanghamobile.com\/tin-tuc\/wp-content\/webp-express\/webp-images\/uploads\/2022\/07\/dsfsagsdgsrgsdfd-300x118.png.webp 300w, https:\/\/hoanghamobile.com\/tin-tuc\/wp-content\/webp-express\/webp-images\/uploads\/2022\/07\/dsfsagsdgsrgsdfd-1024x402.png.webp 1024w, https:\/\/hoanghamobile.com\/tin-tuc\/wp-content\/webp-express\/webp-images\/uploads\/2022\/07\/dsfsagsdgsrgsdfd-768x301.png.webp 768w, https:\/\/hoanghamobile.com\/tin-tuc\/wp-content\/webp-express\/webp-images\/uploads\/2022\/07\/dsfsagsdgsrgsdfd-1536x603.png.webp 1536w, https:\/\/hoanghamobile.com\/tin-tuc\/wp-content\/webp-express\/webp-images\/uploads\/2022\/07\/dsfsagsdgsrgsdfd-696x273.png.webp 696w, https:\/\/hoanghamobile.com\/tin-tuc\/wp-content\/webp-express\/webp-images\/uploads\/2022\/07\/dsfsagsdgsrgsdfd-1068x419.png.webp 1068w, https:\/\/hoanghamobile.com\/tin-tuc\/wp-content\/webp-express\/webp-images\/uploads\/2022\/07\/dsfsagsdgsrgsdfd-1070x420.png.webp 1070w\" sizes=\"(max-width: 1600px) 100vw, 1600px\" type=\"image\/webp\"><img fetchpriority=\"high\" decoding=\"async\" width=\"1600\" height=\"628\" src=\"https:\/\/hoanghamobile.com\/tin-tuc\/wp-content\/uploads\/2022\/07\/dsfsagsdgsrgsdfd.png\" class=\"attachment-full size-full wp-image-173266 webpexpress-processed\" alt=\"dsfsagsdgsrgsdfd\" srcset=\"https:\/\/hoanghamobile.com\/tin-tuc\/wp-content\/uploads\/2022\/07\/dsfsagsdgsrgsdfd.png 1600w, https:\/\/hoanghamobile.com\/tin-tuc\/wp-content\/uploads\/2022\/07\/dsfsagsdgsrgsdfd-300x118.png 300w, https:\/\/hoanghamobile.com\/tin-tuc\/wp-content\/uploads\/2022\/07\/dsfsagsdgsrgsdfd-1024x402.png 1024w, https:\/\/hoanghamobile.com\/tin-tuc\/wp-content\/uploads\/2022\/07\/dsfsagsdgsrgsdfd-768x301.png 768w, https:\/\/hoanghamobile.com\/tin-tuc\/wp-content\/uploads\/2022\/07\/dsfsagsdgsrgsdfd-1536x603.png 1536w, https:\/\/hoanghamobile.com\/tin-tuc\/wp-content\/uploads\/2022\/07\/dsfsagsdgsrgsdfd-696x273.png 696w, https:\/\/hoanghamobile.com\/tin-tuc\/wp-content\/uploads\/2022\/07\/dsfsagsdgsrgsdfd-1068x419.png 1068w, https:\/\/hoanghamobile.com\/tin-tuc\/wp-content\/uploads\/2022\/07\/dsfsagsdgsrgsdfd-1070x420.png 1070w\" sizes=\"(max-width: 1600px) 100vw, 1600px\"><\/picture>\t\t\t\t\t\t\t\t<\/a>\n\t\t\t\t\t\t\t\t\t\t\t\t\t\t\t<\/div>\n\t\t\t\t<\/div>\n\t\t\t\t\t<\/div>\n\t\t<\/div>\n\t\t\t\t\t<\/div>\n\t\t<\/section>\n\t\t\t\t<section data-dce-background-color=\"#FFFFFF\" class=\"elementor-section elementor-top-section elementor-element elementor-element-a38fb3c elementor-section-full_width elementor-hidden-desktop elementor-hidden-tablet elementor-section-height-default elementor-section-height-default\" data-id=\"a38fb3c\" data-element_type=\"section\" data-settings=\"{&quot;background_background&quot;:&quot;classic&quot;}\">\n\t\t\t\t\t\t<div class=\"elementor-container elementor-column-gap-no\">\n\t\t\t\t\t<div class=\"elementor-column elementor-col-100 elementor-top-column elementor-element elementor-element-8204ab8\" data-id=\"8204ab8\" data-element_type=\"column\">\n\t\t\t<div class=\"elementor-widget-wrap elementor-element-populated\">\n\t\t\t\t\t\t<div class=\"elementor-element elementor-element-e446e98 elementor-hidden-desktop elementor-hidden-tablet elementor-widget elementor-widget-image\" data-id=\"e446e98\" data-element_type=\"widget\" data-widget_type=\"image.default\">\n\t\t\t\t<div class=\"elementor-widget-container\">\n\t\t\t\t\t\t\t\t\t\t\t\t\t\t\t\t<a href=\"https:\/\/hoanghamobile.com\/tin-khuyen-mai\/uu-dai-hot\/khuyen-mai-huawei\" target=\"_blank\">\n\t\t\t\t\t\t\t<img decoding=\"async\" src=\"http:\/\/tintuc.hoanghamobile.com\/tin-tuc\/wp-content\/uploads\/2022\/07\/tuan-le-huawei-1-02.jpg\" title=\"\" alt=\"tu\u1ea7n le huawei 1-02\" loading=\"lazy\" \/>\t\t\t\t\t\t\t\t<\/a>\n\t\t\t\t\t\t\t\t\t\t\t\t\t\t\t<\/div>\n\t\t\t\t<\/div>\n\t\t\t\t\t<\/div>\n\t\t<\/div>\n\t\t\t\t\t<\/div>\n\t\t<\/section>\n\t\t\t\t<section data-dce-background-color=\"#FFDDEC\" class=\"elementor-section elementor-top-section elementor-element elementor-element-ff689ef elementor-section-boxed elementor-section-height-default elementor-section-height-default\" data-id=\"ff689ef\" data-element_type=\"section\" data-settings=\"{&quot;background_background&quot;:&quot;gradient&quot;}\">\n\t\t\t\t\t\t\t<div class=\"elementor-background-overlay\"><\/div>\n\t\t\t\t\t\t\t<div class=\"elementor-container elementor-column-gap-default\">\n\t\t\t\t\t<div class=\"elementor-column elementor-col-100 elementor-top-column elementor-element elementor-element-14787c0\" data-id=\"14787c0\" data-element_type=\"column\" data-settings=\"{&quot;background_background&quot;:&quot;classic&quot;}\">\n\t\t\t<div class=\"elementor-widget-wrap elementor-element-populated\">\n\t\t\t\t\t\t<div data-dce-advanced-background-image-url=\"http:\/\/tintuc.hoanghamobile.com\/tin-tuc\/wp-content\/uploads\/2022\/07\/tuan-le-huawei-1-1.png\" class=\"elementor-element elementor-element-603c631 elementor-widget elementor-widget-heading\" data-id=\"603c631\" data-element_type=\"widget\" id=\"dongho\" data-widget_type=\"heading.default\">\n\t\t\t\t<div class=\"elementor-widget-container\">\n\t\t\t\t\t<h3 class=\"elementor-heading-title elementor-size-large\">\u0111\u1ed3ng h\u1ed3 &amp; v\u00f2ng tay<\/h3>\t\t\t\t<\/div>\n\t\t\t\t<\/div>\n\t\t\t\t<div class=\"elementor-element elementor-element-8e3379f elementor-widget elementor-widget-html\" data-id=\"8e3379f\" data-element_type=\"widget\" data-widget_type=\"html.default\">\n\t\t\t\t<div class=\"elementor-widget-container\">\n\t\t\t\t\t<div class=\"hh-embed\" data-bg=\"#662D91\" data-url=\"\/Ajax\/Embed_List\" data-id=\"1019,2039,1955,1933,2045,1582,1581,1525,1664,1945,1947,1948 \"><\/div>\t\t\t\t<\/div>\n\t\t\t\t<\/div>\n\t\t\t\t<div data-dce-advanced-background-image-url=\"http:\/\/tintuc.hoanghamobile.com\/tin-tuc\/wp-content\/uploads\/2022\/07\/222.png\" class=\"elementor-element elementor-element-1ee01be elementor-widget elementor-widget-heading\" data-id=\"1ee01be\" data-element_type=\"widget\" id=\"laptop\" data-widget_type=\"heading.default\">\n\t\t\t\t<div class=\"elementor-widget-container\">\n\t\t\t\t\t<h3 class=\"elementor-heading-title elementor-size-large\">laptop<\/h3>\t\t\t\t<\/div>\n\t\t\t\t<\/div>\n\t\t\t\t<div class=\"elementor-element elementor-element-0a815d3 elementor-widget elementor-widget-html\" data-id=\"0a815d3\" data-element_type=\"widget\" data-widget_type=\"html.default\">\n\t\t\t\t<div class=\"elementor-widget-container\">\n\t\t\t\t\t<div class=\"hh-embed\" data-bg=\"#662D91\" data-url=\"\/Ajax\/Embed_List\" data-id=\"2059,1707,1706,1872\"><\/div>\t\t\t\t<\/div>\n\t\t\t\t<\/div>\n\t\t\t\t\t<\/div>\n\t\t<\/div>\n\t\t\t\t\t<\/div>\n\t\t<\/section>\n\t\t\t\t<\/div>\n\t\t","protected":false},"excerpt":{"rendered":"<p>Hotline: 1900.2091 \u0111\u1ed3ng h\u1ed3 &#038; v\u00f2ng tay laptop<\/p>\n","protected":false},"author":61,"featured_media":173257,"parent":43252,"menu_order":0,"comment_status":"closed","ping_status":"closed","template":"elementor_canvas","meta":{"footnotes":""},"class_list":["post-173256","page","type-page","status-publish","has-post-thumbnail","hentry"],"yoast_head":"<!-- This site is optimized with the Yoast SEO Premium plugin v24.2 (Yoast SEO v24.2) - https:\/\/yoast.com\/wordpress\/plugins\/seo\/ -->\n<title>Tu\u1ea7n L\u1ec5 Huawei \u01afu \u0110\u00e3i C\u1ef1c Kh\u1ee7ng, Gi\u1ea3m t\u1edbi 3Tr | Ho\u00e0ng H\u00e0 Mobile<\/title>\n<meta name=\"description\" content=\"T\u1eeb 15\/07 - 24\/07, Tu\u1ea5n l\u1ec5 Huawei, \u01afu \u0111\u00e3i l\u00ean t\u1edbi 3Tr | V\u00f2ng tay th\u00f4ng minh gi\u00e1 ch\u1ec9 t\u1eeb 899K | \u0110\u1ed3ng h\u1ed3 th\u00f4ng minh gi\u00e1 ch\u1ec9 t\u1eeb 2950K | Laptop gi\u00e1 ch\u1ec9 t\u1eeb 11.790K\" \/>\n<meta name=\"robots\" content=\"index, follow, max-snippet:-1, max-image-preview:large, max-video-preview:-1\" \/>\n<link rel=\"canonical\" href=\"https:\/\/hoanghamobile.com\/tin-tuc\/dat-hang\/tuan-le-huawei\/\" \/>\n<meta property=\"og:locale\" content=\"vi_VN\" \/>\n<meta property=\"og:type\" content=\"article\" \/>\n<meta property=\"og:title\" content=\"Tu\u1ea7n L\u1ec5 Huawei \u01afu \u0110\u00e3i C\u1ef1c Kh\u1ee7ng, Gi\u1ea3m t\u1edbi 3Tr | Ho\u00e0ng H\u00e0 Mobile\" \/>\n<meta property=\"og:description\" content=\"T\u1eeb 15\/07 - 24\/07, Tu\u1ea5n l\u1ec5 Huawei, \u01afu \u0111\u00e3i l\u00ean t\u1edbi 3Tr | V\u00f2ng tay th\u00f4ng minh gi\u00e1 ch\u1ec9 t\u1eeb 899K | \u0110\u1ed3ng h\u1ed3 th\u00f4ng minh gi\u00e1 ch\u1ec9 t\u1eeb 2950K | Laptop gi\u00e1 ch\u1ec9 t\u1eeb 11.790K\" \/>\n<meta property=\"og:url\" content=\"https:\/\/hoanghamobile.com\/tin-tuc\/dat-hang\/tuan-le-huawei\/\" \/>\n<meta property=\"og:site_name\" content=\"Tin t\u1ee9c c\u00f4ng ngh\u1ec7 - HoangHaMobile\" \/>\n<meta property=\"article:publisher\" content=\"https:\/\/www.facebook.com\/hoanghamobilecom\" \/>\n<meta property=\"article:modified_time\" content=\"2022-07-16T12:47:50+00:00\" \/>\n<meta property=\"og:image\" content=\"https:\/\/hoanghamobile.com\/tin-tuc\/wp-content\/uploads\/2022\/07\/tuan-le-huawei-1-03-2.jpg\" \/>\n\t<meta property=\"og:image:width\" content=\"1201\" \/>\n\t<meta property=\"og:image:height\" content=\"628\" \/>\n\t<meta property=\"og:image:type\" content=\"image\/jpeg\" \/>\n<meta name=\"twitter:card\" content=\"summary_large_image\" \/>\n<meta name=\"twitter:title\" content=\"Tu\u1ea7n L\u1ec5 Huawei\" \/>\n<script type=\"application\/ld+json\" class=\"yoast-schema-graph\">{\"@context\":\"https:\/\/schema.org\",\"@graph\":[{\"@type\":\"WebPage\",\"@id\":\"https:\/\/hoanghamobile.com\/tin-tuc\/dat-hang\/tuan-le-huawei\/\",\"url\":\"https:\/\/hoanghamobile.com\/tin-tuc\/dat-hang\/tuan-le-huawei\/\",\"name\":\"Tu\u1ea7n L\u1ec5 Huawei \u01afu \u0110\u00e3i C\u1ef1c Kh\u1ee7ng, Gi\u1ea3m t\u1edbi 3Tr | Ho\u00e0ng H\u00e0 Mobile\",\"isPartOf\":{\"@id\":\"https:\/\/hoanghamobile.com\/tin-tuc\/#website\"},\"primaryImageOfPage\":{\"@id\":\"https:\/\/hoanghamobile.com\/tin-tuc\/dat-hang\/tuan-le-huawei\/#primaryimage\"},\"image\":{\"@id\":\"https:\/\/hoanghamobile.com\/tin-tuc\/dat-hang\/tuan-le-huawei\/#primaryimage\"},\"thumbnailUrl\":\"https:\/\/hoanghamobile.com\/tin-tuc\/wp-content\/uploads\/2022\/07\/tuan-le-huawei-1-03-2.jpg\",\"datePublished\":\"2022-07-13T09:56:31+00:00\",\"dateModified\":\"2022-07-16T12:47:50+00:00\",\"description\":\"T\u1eeb 15\/07 - 24\/07, Tu\u1ea5n l\u1ec5 Huawei, \u01afu \u0111\u00e3i l\u00ean t\u1edbi 3Tr | V\u00f2ng tay th\u00f4ng minh gi\u00e1 ch\u1ec9 t\u1eeb 899K | \u0110\u1ed3ng h\u1ed3 th\u00f4ng minh gi\u00e1 ch\u1ec9 t\u1eeb 2950K | Laptop gi\u00e1 ch\u1ec9 t\u1eeb 11.790K\",\"breadcrumb\":{\"@id\":\"https:\/\/hoanghamobile.com\/tin-tuc\/dat-hang\/tuan-le-huawei\/#breadcrumb\"},\"inLanguage\":\"vi\",\"potentialAction\":[{\"@type\":\"ReadAction\",\"target\":[\"https:\/\/hoanghamobile.com\/tin-tuc\/dat-hang\/tuan-le-huawei\/\"]}]},{\"@type\":\"ImageObject\",\"inLanguage\":\"vi\",\"@id\":\"https:\/\/hoanghamobile.com\/tin-tuc\/dat-hang\/tuan-le-huawei\/#primaryimage\",\"url\":\"https:\/\/hoanghamobile.com\/tin-tuc\/wp-content\/uploads\/2022\/07\/tuan-le-huawei-1-03-2.jpg\",\"contentUrl\":\"https:\/\/hoanghamobile.com\/tin-tuc\/wp-content\/uploads\/2022\/07\/tuan-le-huawei-1-03-2.jpg\",\"width\":1201,\"height\":628,\"caption\":\"tu\u1ea7n le huawei 1-03\"},{\"@type\":\"BreadcrumbList\",\"@id\":\"https:\/\/hoanghamobile.com\/tin-tuc\/dat-hang\/tuan-le-huawei\/#breadcrumb\",\"itemListElement\":[{\"@type\":\"ListItem\",\"position\":1,\"name\":\"Trang ch\u1ee7\",\"item\":\"https:\/\/hoanghamobile.com\/tin-tuc\/\"},{\"@type\":\"ListItem\",\"position\":2,\"name\":\"\u0110\u1eb7t h\u00e0ng\",\"item\":\"https:\/\/hoanghamobile.com\/tin-tuc\/dat-hang\/\"},{\"@type\":\"ListItem\",\"position\":3,\"name\":\"Tu\u1ea7n L\u1ec5 Huawei\"}]},{\"@type\":\"WebSite\",\"@id\":\"https:\/\/hoanghamobile.com\/tin-tuc\/#website\",\"url\":\"https:\/\/hoanghamobile.com\/tin-tuc\/\",\"name\":\"Tin t\u1ee9c c\u00f4ng ngh\u1ec7 - HoangHaMobile\",\"description\":\"\",\"publisher\":{\"@id\":\"https:\/\/hoanghamobile.com\/tin-tuc\/#organization\"},\"potentialAction\":[{\"@type\":\"SearchAction\",\"target\":{\"@type\":\"EntryPoint\",\"urlTemplate\":\"https:\/\/hoanghamobile.com\/tin-tuc\/?s={search_term_string}\"},\"query-input\":{\"@type\":\"PropertyValueSpecification\",\"valueRequired\":true,\"valueName\":\"search_term_string\"}}],\"inLanguage\":\"vi\"},{\"@type\":\"Organization\",\"@id\":\"https:\/\/hoanghamobile.com\/tin-tuc\/#organization\",\"name\":\"Tin t\u1ee9c c\u00f4ng ngh\u1ec7 - HoangHaMobile\",\"url\":\"https:\/\/hoanghamobile.com\/tin-tuc\/\",\"logo\":{\"@type\":\"ImageObject\",\"inLanguage\":\"vi\",\"@id\":\"https:\/\/hoanghamobile.com\/tin-tuc\/#\/schema\/logo\/image\/\",\"url\":\"https:\/\/hoanghamobile.com\/tin-tuc\/wp-content\/uploads\/2021\/12\/logo-text.png\",\"contentUrl\":\"https:\/\/hoanghamobile.com\/tin-tuc\/wp-content\/uploads\/2021\/12\/logo-text.png\",\"width\":256,\"height\":37,\"caption\":\"Tin t\u1ee9c c\u00f4ng ngh\u1ec7 - HoangHaMobile\"},\"image\":{\"@id\":\"https:\/\/hoanghamobile.com\/tin-tuc\/#\/schema\/logo\/image\/\"},\"sameAs\":[\"https:\/\/www.facebook.com\/hoanghamobilecom\"]}]}<\/script>\n<!-- \/ Yoast SEO Premium plugin. -->","yoast_head_json":{"title":"Tu\u1ea7n L\u1ec5 Huawei \u01afu \u0110\u00e3i C\u1ef1c Kh\u1ee7ng, Gi\u1ea3m t\u1edbi 3Tr | Ho\u00e0ng H\u00e0 Mobile","description":"T\u1eeb 15\/07 - 24\/07, Tu\u1ea5n l\u1ec5 Huawei, \u01afu \u0111\u00e3i l\u00ean t\u1edbi 3Tr | V\u00f2ng tay th\u00f4ng minh gi\u00e1 ch\u1ec9 t\u1eeb 899K | \u0110\u1ed3ng h\u1ed3 th\u00f4ng minh gi\u00e1 ch\u1ec9 t\u1eeb 2950K | Laptop gi\u00e1 ch\u1ec9 t\u1eeb 11.790K","robots":{"index":"index","follow":"follow","max-snippet":"max-snippet:-1","max-image-preview":"max-image-preview:large","max-video-preview":"max-video-preview:-1"},"canonical":"https:\/\/hoanghamobile.com\/tin-tuc\/dat-hang\/tuan-le-huawei\/","og_locale":"vi_VN","og_type":"article","og_title":"Tu\u1ea7n L\u1ec5 Huawei \u01afu \u0110\u00e3i C\u1ef1c Kh\u1ee7ng, Gi\u1ea3m t\u1edbi 3Tr | Ho\u00e0ng H\u00e0 Mobile","og_description":"T\u1eeb 15\/07 - 24\/07, Tu\u1ea5n l\u1ec5 Huawei, \u01afu \u0111\u00e3i l\u00ean t\u1edbi 3Tr | V\u00f2ng tay th\u00f4ng minh gi\u00e1 ch\u1ec9 t\u1eeb 899K | \u0110\u1ed3ng h\u1ed3 th\u00f4ng minh gi\u00e1 ch\u1ec9 t\u1eeb 2950K | Laptop gi\u00e1 ch\u1ec9 t\u1eeb 11.790K","og_url":"https:\/\/hoanghamobile.com\/tin-tuc\/dat-hang\/tuan-le-huawei\/","og_site_name":"Tin t\u1ee9c c\u00f4ng ngh\u1ec7 - HoangHaMobile","article_publisher":"https:\/\/www.facebook.com\/hoanghamobilecom","article_modified_time":"2022-07-16T12:47:50+00:00","og_image":[{"width":1201,"height":628,"url":"https:\/\/hoanghamobile.com\/tin-tuc\/wp-content\/uploads\/2022\/07\/tuan-le-huawei-1-03-2.jpg","type":"image\/jpeg"}],"twitter_card":"summary_large_image","twitter_title":"Tu\u1ea7n L\u1ec5 Huawei","schema":{"@context":"https:\/\/schema.org","@graph":[{"@type":"WebPage","@id":"https:\/\/hoanghamobile.com\/tin-tuc\/dat-hang\/tuan-le-huawei\/","url":"https:\/\/hoanghamobile.com\/tin-tuc\/dat-hang\/tuan-le-huawei\/","name":"Tu\u1ea7n L\u1ec5 Huawei \u01afu \u0110\u00e3i C\u1ef1c Kh\u1ee7ng, Gi\u1ea3m t\u1edbi 3Tr | Ho\u00e0ng H\u00e0 Mobile","isPartOf":{"@id":"https:\/\/hoanghamobile.com\/tin-tuc\/#website"},"primaryImageOfPage":{"@id":"https:\/\/hoanghamobile.com\/tin-tuc\/dat-hang\/tuan-le-huawei\/#primaryimage"},"image":{"@id":"https:\/\/hoanghamobile.com\/tin-tuc\/dat-hang\/tuan-le-huawei\/#primaryimage"},"thumbnailUrl":"https:\/\/hoanghamobile.com\/tin-tuc\/wp-content\/uploads\/2022\/07\/tuan-le-huawei-1-03-2.jpg","datePublished":"2022-07-13T09:56:31+00:00","dateModified":"2022-07-16T12:47:50+00:00","description":"T\u1eeb 15\/07 - 24\/07, Tu\u1ea5n l\u1ec5 Huawei, \u01afu \u0111\u00e3i l\u00ean t\u1edbi 3Tr | V\u00f2ng tay th\u00f4ng minh gi\u00e1 ch\u1ec9 t\u1eeb 899K | \u0110\u1ed3ng h\u1ed3 th\u00f4ng minh gi\u00e1 ch\u1ec9 t\u1eeb 2950K | Laptop gi\u00e1 ch\u1ec9 t\u1eeb 11.790K","breadcrumb":{"@id":"https:\/\/hoanghamobile.com\/tin-tuc\/dat-hang\/tuan-le-huawei\/#breadcrumb"},"inLanguage":"vi","potentialAction":[{"@type":"ReadAction","target":["https:\/\/hoanghamobile.com\/tin-tuc\/dat-hang\/tuan-le-huawei\/"]}]},{"@type":"ImageObject","inLanguage":"vi","@id":"https:\/\/hoanghamobile.com\/tin-tuc\/dat-hang\/tuan-le-huawei\/#primaryimage","url":"https:\/\/hoanghamobile.com\/tin-tuc\/wp-content\/uploads\/2022\/07\/tuan-le-huawei-1-03-2.jpg","contentUrl":"https:\/\/hoanghamobile.com\/tin-tuc\/wp-content\/uploads\/2022\/07\/tuan-le-huawei-1-03-2.jpg","width":1201,"height":628,"caption":"tu\u1ea7n le huawei 1-03"},{"@type":"BreadcrumbList","@id":"https:\/\/hoanghamobile.com\/tin-tuc\/dat-hang\/tuan-le-huawei\/#breadcrumb","itemListElement":[{"@type":"ListItem","position":1,"name":"Trang ch\u1ee7","item":"https:\/\/hoanghamobile.com\/tin-tuc\/"},{"@type":"ListItem","position":2,"name":"\u0110\u1eb7t h\u00e0ng","item":"https:\/\/hoanghamobile.com\/tin-tuc\/dat-hang\/"},{"@type":"ListItem","position":3,"name":"Tu\u1ea7n L\u1ec5 Huawei"}]},{"@type":"WebSite","@id":"https:\/\/hoanghamobile.com\/tin-tuc\/#website","url":"https:\/\/hoanghamobile.com\/tin-tuc\/","name":"Tin t\u1ee9c c\u00f4ng ngh\u1ec7 - HoangHaMobile","description":"","publisher":{"@id":"https:\/\/hoanghamobile.com\/tin-tuc\/#organization"},"potentialAction":[{"@type":"SearchAction","target":{"@type":"EntryPoint","urlTemplate":"https:\/\/hoanghamobile.com\/tin-tuc\/?s={search_term_string}"},"query-input":{"@type":"PropertyValueSpecification","valueRequired":true,"valueName":"search_term_string"}}],"inLanguage":"vi"},{"@type":"Organization","@id":"https:\/\/hoanghamobile.com\/tin-tuc\/#organization","name":"Tin t\u1ee9c c\u00f4ng ngh\u1ec7 - HoangHaMobile","url":"https:\/\/hoanghamobile.com\/tin-tuc\/","logo":{"@type":"ImageObject","inLanguage":"vi","@id":"https:\/\/hoanghamobile.com\/tin-tuc\/#\/schema\/logo\/image\/","url":"https:\/\/hoanghamobile.com\/tin-tuc\/wp-content\/uploads\/2021\/12\/logo-text.png","contentUrl":"https:\/\/hoanghamobile.com\/tin-tuc\/wp-content\/uploads\/2021\/12\/logo-text.png","width":256,"height":37,"caption":"Tin t\u1ee9c c\u00f4ng ngh\u1ec7 - HoangHaMobile"},"image":{"@id":"https:\/\/hoanghamobile.com\/tin-tuc\/#\/schema\/logo\/image\/"},"sameAs":["https:\/\/www.facebook.com\/hoanghamobilecom"]}]}},"_links":{"self":[{"href":"https:\/\/hoanghamobile.com\/tin-tuc\/wp-json\/wp\/v2\/pages\/173256","targetHints":{"allow":["GET"]}}],"collection":[{"href":"https:\/\/hoanghamobile.com\/tin-tuc\/wp-json\/wp\/v2\/pages"}],"about":[{"href":"https:\/\/hoanghamobile.com\/tin-tuc\/wp-json\/wp\/v2\/types\/page"}],"author":[{"embeddable":true,"href":"https:\/\/hoanghamobile.com\/tin-tuc\/wp-json\/wp\/v2\/users\/61"}],"replies":[{"embeddable":true,"href":"https:\/\/hoanghamobile.com\/tin-tuc\/wp-json\/wp\/v2\/comments?post=173256"}],"version-history":[{"count":0,"href":"https:\/\/hoanghamobile.com\/tin-tuc\/wp-json\/wp\/v2\/pages\/173256\/revisions"}],"up":[{"embeddable":true,"href":"https:\/\/hoanghamobile.com\/tin-tuc\/wp-json\/wp\/v2\/pages\/43252"}],"wp:featuredmedia":[{"embeddable":true,"href":"https:\/\/hoanghamobile.com\/tin-tuc\/wp-json\/wp\/v2\/media\/173257"}],"wp:attachment":[{"href":"https:\/\/hoanghamobile.com\/tin-tuc\/wp-json\/wp\/v2\/media?parent=173256"}],"curies":[{"name":"wp","href":"https:\/\/api.w.org\/{rel}","templated":true}]}}