{"id":172666,"date":"2022-07-11T14:39:30","date_gmt":"2022-07-11T07:39:30","guid":{"rendered":"https:\/\/hoanghamobile.com\/tin-tuc\/?page_id=172666"},"modified":"2022-07-19T09:25:43","modified_gmt":"2022-07-19T02:25:43","slug":"tecno-pova-3","status":"publish","type":"page","link":"https:\/\/hoanghamobile.com\/tin-tuc\/dat-hang\/tecno-pova-3\/","title":{"rendered":"M\u1edf b\u00e1n TECNO POVA 3"},"content":{"rendered":"\t\t<div data-elementor-type=\"wp-page\" data-elementor-id=\"172666\" class=\"elementor elementor-172666\" data-elementor-post-type=\"page\">\n\t\t\t\t\t\t<section class=\"elementor-section elementor-top-section elementor-element elementor-element-0c167c2 elementor-section-content-middle elementor-section-boxed elementor-section-height-default elementor-section-height-default\" data-id=\"0c167c2\" data-element_type=\"section\" data-settings=\"{&quot;background_background&quot;:&quot;classic&quot;,&quot;sticky&quot;:&quot;top&quot;,&quot;sticky_on&quot;:[&quot;desktop&quot;,&quot;tablet&quot;,&quot;mobile&quot;],&quot;sticky_offset&quot;:0,&quot;sticky_effects_offset&quot;:0,&quot;sticky_anchor_link_offset&quot;:0}\">\n\t\t\t\t\t\t<div class=\"elementor-container elementor-column-gap-default\">\n\t\t\t\t\t<div class=\"elementor-column elementor-col-50 elementor-top-column elementor-element elementor-element-f5f34da\" data-id=\"f5f34da\" data-element_type=\"column\">\n\t\t\t<div class=\"elementor-widget-wrap elementor-element-populated\">\n\t\t\t\t\t\t<div class=\"elementor-element elementor-element-bf868e8 elementor-widget elementor-widget-image\" data-id=\"bf868e8\" data-element_type=\"widget\" data-widget_type=\"image.default\">\n\t\t\t\t<div class=\"elementor-widget-container\">\n\t\t\t\t\t\t\t\t\t\t\t\t\t\t\t\t<a href=\"https:\/\/hoanghamobile.com\/\">\n\t\t\t\t\t\t\t<img decoding=\"async\" src=\"\/tin-tuc\/wp-content\/uploads\/2021\/02\/Group-1.png\" title=\"\" alt=\"\" loading=\"lazy\" \/>\t\t\t\t\t\t\t\t<\/a>\n\t\t\t\t\t\t\t\t\t\t\t\t\t\t\t<\/div>\n\t\t\t\t<\/div>\n\t\t\t\t\t<\/div>\n\t\t<\/div>\n\t\t\t\t<div class=\"elementor-column elementor-col-50 elementor-top-column elementor-element elementor-element-acd9f3c\" data-id=\"acd9f3c\" data-element_type=\"column\">\n\t\t\t<div class=\"elementor-widget-wrap elementor-element-populated\">\n\t\t\t\t\t\t<div class=\"elementor-element elementor-element-f7c5adc elementor-widget elementor-widget-heading\" data-id=\"f7c5adc\" data-element_type=\"widget\" data-widget_type=\"heading.default\">\n\t\t\t\t<div class=\"elementor-widget-container\">\n\t\t\t\t\t<h3 class=\"elementor-heading-title elementor-size-default\">Hotline: 1900.2091<\/h3>\t\t\t\t<\/div>\n\t\t\t\t<\/div>\n\t\t\t\t\t<\/div>\n\t\t<\/div>\n\t\t\t\t\t<\/div>\n\t\t<\/section>\n\t\t\t\t<section class=\"elementor-section elementor-top-section elementor-element elementor-element-b5334eb elementor-section-full_width elementor-section-height-default elementor-section-height-default\" data-id=\"b5334eb\" data-element_type=\"section\">\n\t\t\t\t\t\t<div class=\"elementor-container elementor-column-gap-default\">\n\t\t\t\t\t<div class=\"elementor-column elementor-col-100 elementor-top-column elementor-element elementor-element-bf9175d\" data-id=\"bf9175d\" data-element_type=\"column\">\n\t\t\t<div class=\"elementor-widget-wrap elementor-element-populated\">\n\t\t\t\t\t\t<div class=\"elementor-element elementor-element-794df70 elementor-hidden-desktop elementor-hidden-tablet elementor-widget elementor-widget-image\" data-id=\"794df70\" data-element_type=\"widget\" data-widget_type=\"image.default\">\n\t\t\t\t<div class=\"elementor-widget-container\">\n\t\t\t\t\t\t\t\t\t\t\t\t\t\t\t\t<a href=\"https:\/\/hoanghamobile.com\/dien-thoai-di-dong\/tecno-pova-3-6gb-128gb-pin-7000-mah-chinh-hang?buy=1\" target=\"_blank\">\n\t\t\t\t\t\t\t<picture><source srcset=\"https:\/\/hoanghamobile.com\/tin-tuc\/wp-content\/webp-express\/webp-images\/uploads\/2022\/07\/ld-mb-1.png.webp 1242w, https:\/\/hoanghamobile.com\/tin-tuc\/wp-content\/webp-express\/webp-images\/uploads\/2022\/07\/ld-mb-1-262x300.png.webp 262w, https:\/\/hoanghamobile.com\/tin-tuc\/wp-content\/webp-express\/webp-images\/uploads\/2022\/07\/ld-mb-1-896x1024.png.webp 896w, https:\/\/hoanghamobile.com\/tin-tuc\/wp-content\/webp-express\/webp-images\/uploads\/2022\/07\/ld-mb-1-768x878.png.webp 768w, https:\/\/hoanghamobile.com\/tin-tuc\/wp-content\/webp-express\/webp-images\/uploads\/2022\/07\/ld-mb-1-696x796.png.webp 696w, https:\/\/hoanghamobile.com\/tin-tuc\/wp-content\/webp-express\/webp-images\/uploads\/2022\/07\/ld-mb-1-1068x1221.png.webp 1068w, https:\/\/hoanghamobile.com\/tin-tuc\/wp-content\/webp-express\/webp-images\/uploads\/2022\/07\/ld-mb-1-367x420.png.webp 367w\" sizes=\"(max-width: 1242px) 100vw, 1242px\" type=\"image\/webp\"><img fetchpriority=\"high\" decoding=\"async\" width=\"1242\" height=\"1420\" src=\"https:\/\/hoanghamobile.com\/tin-tuc\/wp-content\/uploads\/2022\/07\/ld-mb-1.png\" class=\"attachment-full size-full wp-image-173520 webpexpress-processed\" alt=\"ld-mb-1\" srcset=\"https:\/\/hoanghamobile.com\/tin-tuc\/wp-content\/uploads\/2022\/07\/ld-mb-1.png 1242w, https:\/\/hoanghamobile.com\/tin-tuc\/wp-content\/uploads\/2022\/07\/ld-mb-1-262x300.png 262w, https:\/\/hoanghamobile.com\/tin-tuc\/wp-content\/uploads\/2022\/07\/ld-mb-1-896x1024.png 896w, https:\/\/hoanghamobile.com\/tin-tuc\/wp-content\/uploads\/2022\/07\/ld-mb-1-768x878.png 768w, https:\/\/hoanghamobile.com\/tin-tuc\/wp-content\/uploads\/2022\/07\/ld-mb-1-696x796.png 696w, https:\/\/hoanghamobile.com\/tin-tuc\/wp-content\/uploads\/2022\/07\/ld-mb-1-1068x1221.png 1068w, https:\/\/hoanghamobile.com\/tin-tuc\/wp-content\/uploads\/2022\/07\/ld-mb-1-367x420.png 367w\" sizes=\"(max-width: 1242px) 100vw, 1242px\"><\/picture>\t\t\t\t\t\t\t\t<\/a>\n\t\t\t\t\t\t\t\t\t\t\t\t\t\t\t<\/div>\n\t\t\t\t<\/div>\n\t\t\t\t\t<\/div>\n\t\t<\/div>\n\t\t\t\t\t<\/div>\n\t\t<\/section>\n\t\t\t\t<section class=\"elementor-section elementor-top-section elementor-element elementor-element-61b2f76 elementor-hidden-desktop elementor-hidden-tablet elementor-section-boxed elementor-section-height-default elementor-section-height-default\" data-id=\"61b2f76\" data-element_type=\"section\" data-settings=\"{&quot;background_background&quot;:&quot;classic&quot;}\">\n\t\t\t\t\t\t<div class=\"elementor-container elementor-column-gap-default\">\n\t\t\t\t\t<div class=\"elementor-column elementor-col-100 elementor-top-column elementor-element elementor-element-c8ff76c\" data-id=\"c8ff76c\" data-element_type=\"column\">\n\t\t\t<div class=\"elementor-widget-wrap elementor-element-populated\">\n\t\t\t\t\t\t<div class=\"elementor-element elementor-element-b0a43b6 elementor-hidden-desktop elementor-hidden-tablet elementor-widget elementor-widget-image\" data-id=\"b0a43b6\" data-element_type=\"widget\" data-widget_type=\"image.default\">\n\t\t\t\t<div class=\"elementor-widget-container\">\n\t\t\t\t\t\t\t\t\t\t\t\t\t\t\t\t<a href=\"https:\/\/hoanghamobile.com\/dien-thoai-di-dong\/tecno-pova-3-6gb-128gb-pin-7000-mah-chinh-hang?buy=1\" target=\"_blank\">\n\t\t\t\t\t\t\t<picture><source srcset=\"https:\/\/hoanghamobile.com\/tin-tuc\/wp-content\/webp-express\/webp-images\/uploads\/2022\/07\/ld-mb-2.png.webp 1242w, https:\/\/hoanghamobile.com\/tin-tuc\/wp-content\/webp-express\/webp-images\/uploads\/2022\/07\/ld-mb-2-60x300.png.webp 60w, https:\/\/hoanghamobile.com\/tin-tuc\/wp-content\/webp-express\/webp-images\/uploads\/2022\/07\/ld-mb-2-206x1024.png.webp 206w, https:\/\/hoanghamobile.com\/tin-tuc\/wp-content\/webp-express\/webp-images\/uploads\/2022\/07\/ld-mb-2-768x3822.png.webp 768w, https:\/\/hoanghamobile.com\/tin-tuc\/wp-content\/webp-express\/webp-images\/uploads\/2022\/07\/ld-mb-2-696x3464.png.webp 696w, https:\/\/hoanghamobile.com\/tin-tuc\/wp-content\/webp-express\/webp-images\/uploads\/2022\/07\/ld-mb-2-1068x5315.png.webp 1068w\" sizes=\"(max-width: 1242px) 100vw, 1242px\" type=\"image\/webp\"><img decoding=\"async\" width=\"1242\" height=\"6181\" src=\"https:\/\/hoanghamobile.com\/tin-tuc\/wp-content\/uploads\/2022\/07\/ld-mb-2.png\" class=\"attachment-full size-full wp-image-173973 webpexpress-processed\" alt=\"ld-mb\" srcset=\"https:\/\/hoanghamobile.com\/tin-tuc\/wp-content\/uploads\/2022\/07\/ld-mb-2.png 1242w, https:\/\/hoanghamobile.com\/tin-tuc\/wp-content\/uploads\/2022\/07\/ld-mb-2-60x300.png 60w, https:\/\/hoanghamobile.com\/tin-tuc\/wp-content\/uploads\/2022\/07\/ld-mb-2-206x1024.png 206w, https:\/\/hoanghamobile.com\/tin-tuc\/wp-content\/uploads\/2022\/07\/ld-mb-2-768x3822.png 768w, https:\/\/hoanghamobile.com\/tin-tuc\/wp-content\/uploads\/2022\/07\/ld-mb-2-696x3464.png 696w, https:\/\/hoanghamobile.com\/tin-tuc\/wp-content\/uploads\/2022\/07\/ld-mb-2-1068x5315.png 1068w\" sizes=\"(max-width: 1242px) 100vw, 1242px\"><\/picture>\t\t\t\t\t\t\t\t<\/a>\n\t\t\t\t\t\t\t\t\t\t\t\t\t\t\t<\/div>\n\t\t\t\t<\/div>\n\t\t\t\t\t<\/div>\n\t\t<\/div>\n\t\t\t\t\t<\/div>\n\t\t<\/section>\n\t\t\t\t<section class=\"elementor-section elementor-top-section elementor-element elementor-element-cfbebee elementor-section-full_width elementor-section-height-default elementor-section-height-default\" data-id=\"cfbebee\" data-element_type=\"section\" data-settings=\"{&quot;background_background&quot;:&quot;classic&quot;}\">\n\t\t\t\t\t\t<div class=\"elementor-container elementor-column-gap-default\">\n\t\t\t\t\t<div class=\"elementor-column elementor-col-100 elementor-top-column elementor-element elementor-element-2b2b22c\" data-id=\"2b2b22c\" data-element_type=\"column\">\n\t\t\t<div class=\"elementor-widget-wrap elementor-element-populated\">\n\t\t\t\t\t\t<div class=\"elementor-element elementor-element-0437031 elementor-hidden-mobile elementor-widget elementor-widget-image\" data-id=\"0437031\" data-element_type=\"widget\" data-widget_type=\"image.default\">\n\t\t\t\t<div class=\"elementor-widget-container\">\n\t\t\t\t\t\t\t\t\t\t\t\t\t\t\t\t<a href=\"https:\/\/hoanghamobile.com\/dien-thoai-di-dong\/tecno-pova-3-6gb-128gb-pin-7000-mah-chinh-hang?buy=1\" target=\"_blank\">\n\t\t\t\t\t\t\t<picture><source srcset=\"https:\/\/hoanghamobile.com\/tin-tuc\/wp-content\/webp-express\/webp-images\/uploads\/2022\/07\/ld-pc.png.webp\" type=\"image\/webp\"><img decoding=\"async\" src=\"https:\/\/hoanghamobile.com\/tin-tuc\/wp-content\/uploads\/2022\/07\/ld-pc.png\" title=\"ld-pc\" alt=\"ld-pc\" loading=\"lazy\" class=\"webpexpress-processed\"><\/picture>\t\t\t\t\t\t\t\t<\/a>\n\t\t\t\t\t\t\t\t\t\t\t\t\t\t\t<\/div>\n\t\t\t\t<\/div>\n\t\t\t\t\t<\/div>\n\t\t<\/div>\n\t\t\t\t\t<\/div>\n\t\t<\/section>\n\t\t\t\t<section class=\"elementor-section elementor-top-section elementor-element elementor-element-9e06198 elementor-section-full_width elementor-hidden-mobile elementor-section-height-default elementor-section-height-default\" data-id=\"9e06198\" data-element_type=\"section\">\n\t\t\t\t\t\t<div class=\"elementor-container elementor-column-gap-default\">\n\t\t\t\t\t<div class=\"elementor-column elementor-col-100 elementor-top-column elementor-element elementor-element-1e6e585\" data-id=\"1e6e585\" data-element_type=\"column\">\n\t\t\t<div class=\"elementor-widget-wrap elementor-element-populated\">\n\t\t\t\t\t\t<div class=\"elementor-element elementor-element-f46ee8d elementor-hidden-mobile elementor-widget elementor-widget-image\" data-id=\"f46ee8d\" data-element_type=\"widget\" data-widget_type=\"image.default\">\n\t\t\t\t<div class=\"elementor-widget-container\">\n\t\t\t\t\t\t\t\t\t\t\t\t\t\t\t\t<a href=\"https:\/\/hoanghamobile.com\/dien-thoai-di-dong\/tecno-pova-3-6gb-128gb-pin-7000-mah-chinh-hang?buy=1\" target=\"_blank\">\n\t\t\t\t\t\t\t<picture><source srcset=\"https:\/\/hoanghamobile.com\/tin-tuc\/wp-content\/webp-express\/webp-images\/uploads\/2022\/07\/ld-pc-1.png.webp\" type=\"image\/webp\"><img decoding=\"async\" src=\"https:\/\/hoanghamobile.com\/tin-tuc\/wp-content\/uploads\/2022\/07\/ld-pc-1.png\" title=\"ld-pc\" alt=\"ld-pc\" loading=\"lazy\" class=\"webpexpress-processed\"><\/picture>\t\t\t\t\t\t\t\t<\/a>\n\t\t\t\t\t\t\t\t\t\t\t\t\t\t\t<\/div>\n\t\t\t\t<\/div>\n\t\t\t\t\t<\/div>\n\t\t<\/div>\n\t\t\t\t\t<\/div>\n\t\t<\/section>\n\t\t\t\t<section class=\"elementor-section elementor-top-section elementor-element elementor-element-658cc4c elementor-section-boxed elementor-section-height-default elementor-section-height-default\" data-id=\"658cc4c\" data-element_type=\"section\" data-settings=\"{&quot;background_background&quot;:&quot;classic&quot;}\">\n\t\t\t\t\t\t<div class=\"elementor-container elementor-column-gap-default\">\n\t\t\t\t\t<div class=\"elementor-column elementor-col-100 elementor-top-column elementor-element elementor-element-e079a5a\" data-id=\"e079a5a\" data-element_type=\"column\">\n\t\t\t<div class=\"elementor-widget-wrap elementor-element-populated\">\n\t\t\t\t\t\t<section class=\"elementor-section elementor-inner-section elementor-element elementor-element-f73ddbe elementor-section-boxed elementor-section-height-default elementor-section-height-default\" data-id=\"f73ddbe\" data-element_type=\"section\">\n\t\t\t\t\t\t<div class=\"elementor-container elementor-column-gap-default\">\n\t\t\t\t\t<div class=\"elementor-column elementor-col-100 elementor-inner-column elementor-element elementor-element-c6a5ed7\" data-id=\"c6a5ed7\" data-element_type=\"column\">\n\t\t\t<div class=\"elementor-widget-wrap elementor-element-populated\">\n\t\t\t\t\t\t<div class=\"elementor-element elementor-element-a6a099d elementor-widget elementor-widget-html\" data-id=\"a6a099d\" data-element_type=\"widget\" data-widget_type=\"html.default\">\n\t\t\t\t<div class=\"elementor-widget-container\">\n\t\t\t\t\t<style type=\"text\/css\">\r\n.table-embed td, .table-embed th{\r\nbackground: #ffffff !important;\r\n}\r\nh4{\r\ncolor: #FFF !important;\r\n}\r\n<\/style>\r\n<div style=\"height:300px; overflow:auto;\">\r\n<div class=\"hh-embed\" data-bg=\"#00483D\" data-url=\"\/Ajax\/Embed_OrderTable\" data-id=\"2088\"><\/div>\r\n<\/div>\t\t\t\t<\/div>\n\t\t\t\t<\/div>\n\t\t\t\t\t<\/div>\n\t\t<\/div>\n\t\t\t\t\t<\/div>\n\t\t<\/section>\n\t\t\t\t\t<\/div>\n\t\t<\/div>\n\t\t\t\t\t<\/div>\n\t\t<\/section>\n\t\t\t\t<section class=\"elementor-section elementor-top-section elementor-element elementor-element-b3dae17 elementor-section-boxed elementor-section-height-default elementor-section-height-default\" data-id=\"b3dae17\" data-element_type=\"section\">\n\t\t\t\t\t\t<div class=\"elementor-container elementor-column-gap-default\">\n\t\t\t\t\t<div class=\"elementor-column elementor-col-100 elementor-top-column elementor-element elementor-element-fef52fb\" data-id=\"fef52fb\" data-element_type=\"column\">\n\t\t\t<div class=\"elementor-widget-wrap elementor-element-populated\">\n\t\t\t\t\t\t<div class=\"elementor-element elementor-element-af2851a elementor-widget elementor-widget-facebook-comments\" data-id=\"af2851a\" data-element_type=\"widget\" data-widget_type=\"facebook-comments.default\">\n\t\t\t\t<div class=\"elementor-widget-container\">\n\t\t\t\t\t\t\t<div class=\"elementor-facebook-widget fb-comments\" data-href=\"https:\/\/hoanghamobile.com\/tin-tuc?p=172666\" data-width=\"100%\" data-numposts=\"10\" data-order-by=\"social\" style=\"min-height: 1px\"><\/div>\n\t\t\t\t\t\t<\/div>\n\t\t\t\t<\/div>\n\t\t\t\t\t<\/div>\n\t\t<\/div>\n\t\t\t\t\t<\/div>\n\t\t<\/section>\n\t\t\t\t<\/div>\n\t\t","protected":false},"excerpt":{"rendered":"<p>Hotline: 1900.2091<\/p>\n","protected":false},"author":62,"featured_media":173979,"parent":43252,"menu_order":0,"comment_status":"closed","ping_status":"closed","template":"elementor_canvas","meta":{"footnotes":""},"class_list":["post-172666","page","type-page","status-publish","has-post-thumbnail","hentry"],"yoast_head":"<!-- This site is optimized with the Yoast SEO Premium plugin v24.2 (Yoast SEO v24.2) - https:\/\/yoast.com\/wordpress\/plugins\/seo\/ -->\n<title>Hotsale m\u1edf b\u00e1n TECNO POVA 3 | Ho\u00e0ng H\u00e0 Mobile<\/title>\n<meta name=\"description\" content=\"S\u1edf h\u1eefu ngay TECNO POVA 3 | Ch\u1ec9 t\u1eeb 4.490.000 | Gi\u1ea3m th\u00eam 100k qua VNPAY | Pin si\u00eau kh\u1ee7ng 7000mAh | M\u00e0n h\u00ecnh 6.9&quot; | H\u1ed7 tr\u1ee3 s\u1ea1c nhanh t\u1edbi 33W\" \/>\n<meta name=\"robots\" content=\"index, follow, max-snippet:-1, max-image-preview:large, max-video-preview:-1\" \/>\n<link rel=\"canonical\" href=\"https:\/\/hoanghamobile.com\/tin-tuc\/dat-hang\/tecno-pova-3\/\" \/>\n<meta property=\"og:locale\" content=\"vi_VN\" \/>\n<meta property=\"og:type\" content=\"article\" \/>\n<meta property=\"og:title\" content=\"Hotsale m\u1edf b\u00e1n TECNO POVA 3 | Ho\u00e0ng H\u00e0 Mobile\" \/>\n<meta property=\"og:description\" content=\"S\u1edf h\u1eefu ngay TECNO POVA 3 | Ch\u1ec9 t\u1eeb 4.490.000 | Gi\u1ea3m th\u00eam t\u1edbi 100k qua VNPAY | Pin si\u00eau kh\u1ee7ng 7000mAh | M\u00e0n h\u00ecnh 6.9&quot; | H\u1ed7 tr\u1ee3 s\u1ea1c nhanh t\u1edbi 33W\" \/>\n<meta property=\"og:url\" content=\"https:\/\/hoanghamobile.com\/tin-tuc\/dat-hang\/tecno-pova-3\/\" \/>\n<meta property=\"og:site_name\" content=\"Tin t\u1ee9c c\u00f4ng ngh\u1ec7 - HoangHaMobile\" \/>\n<meta property=\"article:publisher\" content=\"https:\/\/www.facebook.com\/hoanghamobilecom\" \/>\n<meta property=\"article:modified_time\" content=\"2022-07-19T02:25:43+00:00\" \/>\n<meta property=\"og:image\" content=\"https:\/\/hoanghamobile.com\/tin-tuc\/wp-content\/uploads\/2022\/07\/Anh-landing-mo-ban-Tecno-POVA-3.png\" \/>\n\t<meta property=\"og:image:width\" content=\"1200\" \/>\n\t<meta property=\"og:image:height\" content=\"628\" \/>\n\t<meta property=\"og:image:type\" content=\"image\/png\" \/>\n<meta name=\"twitter:card\" content=\"summary_large_image\" \/>\n<meta name=\"twitter:title\" content=\"M\u1edf b\u00e1n TECNO POVA 3\" \/>\n<script type=\"application\/ld+json\" class=\"yoast-schema-graph\">{\"@context\":\"https:\/\/schema.org\",\"@graph\":[{\"@type\":\"WebPage\",\"@id\":\"https:\/\/hoanghamobile.com\/tin-tuc\/dat-hang\/tecno-pova-3\/\",\"url\":\"https:\/\/hoanghamobile.com\/tin-tuc\/dat-hang\/tecno-pova-3\/\",\"name\":\"Hotsale m\u1edf b\u00e1n TECNO POVA 3 | Ho\u00e0ng H\u00e0 Mobile\",\"isPartOf\":{\"@id\":\"https:\/\/hoanghamobile.com\/tin-tuc\/#website\"},\"primaryImageOfPage\":{\"@id\":\"https:\/\/hoanghamobile.com\/tin-tuc\/dat-hang\/tecno-pova-3\/#primaryimage\"},\"image\":{\"@id\":\"https:\/\/hoanghamobile.com\/tin-tuc\/dat-hang\/tecno-pova-3\/#primaryimage\"},\"thumbnailUrl\":\"https:\/\/hoanghamobile.com\/tin-tuc\/wp-content\/uploads\/2022\/07\/Anh-landing-mo-ban-Tecno-POVA-3.png\",\"datePublished\":\"2022-07-11T07:39:30+00:00\",\"dateModified\":\"2022-07-19T02:25:43+00:00\",\"description\":\"S\u1edf h\u1eefu ngay TECNO POVA 3 | Ch\u1ec9 t\u1eeb 4.490.000 | Gi\u1ea3m th\u00eam 100k qua VNPAY | Pin si\u00eau kh\u1ee7ng 7000mAh | M\u00e0n h\u00ecnh 6.9\\\" | H\u1ed7 tr\u1ee3 s\u1ea1c nhanh t\u1edbi 33W\",\"breadcrumb\":{\"@id\":\"https:\/\/hoanghamobile.com\/tin-tuc\/dat-hang\/tecno-pova-3\/#breadcrumb\"},\"inLanguage\":\"vi\",\"potentialAction\":[{\"@type\":\"ReadAction\",\"target\":[\"https:\/\/hoanghamobile.com\/tin-tuc\/dat-hang\/tecno-pova-3\/\"]}]},{\"@type\":\"ImageObject\",\"inLanguage\":\"vi\",\"@id\":\"https:\/\/hoanghamobile.com\/tin-tuc\/dat-hang\/tecno-pova-3\/#primaryimage\",\"url\":\"https:\/\/hoanghamobile.com\/tin-tuc\/wp-content\/uploads\/2022\/07\/Anh-landing-mo-ban-Tecno-POVA-3.png\",\"contentUrl\":\"https:\/\/hoanghamobile.com\/tin-tuc\/wp-content\/uploads\/2022\/07\/Anh-landing-mo-ban-Tecno-POVA-3.png\",\"width\":1200,\"height\":628,\"caption\":\"\u1ea2nh-landing-m\u1edf-b\u00e1n-Tecno-POVA-3\"},{\"@type\":\"BreadcrumbList\",\"@id\":\"https:\/\/hoanghamobile.com\/tin-tuc\/dat-hang\/tecno-pova-3\/#breadcrumb\",\"itemListElement\":[{\"@type\":\"ListItem\",\"position\":1,\"name\":\"Trang ch\u1ee7\",\"item\":\"https:\/\/hoanghamobile.com\/tin-tuc\/\"},{\"@type\":\"ListItem\",\"position\":2,\"name\":\"\u0110\u1eb7t h\u00e0ng\",\"item\":\"https:\/\/hoanghamobile.com\/tin-tuc\/dat-hang\/\"},{\"@type\":\"ListItem\",\"position\":3,\"name\":\"M\u1edf b\u00e1n TECNO POVA 3\"}]},{\"@type\":\"WebSite\",\"@id\":\"https:\/\/hoanghamobile.com\/tin-tuc\/#website\",\"url\":\"https:\/\/hoanghamobile.com\/tin-tuc\/\",\"name\":\"Tin t\u1ee9c c\u00f4ng ngh\u1ec7 - HoangHaMobile\",\"description\":\"\",\"publisher\":{\"@id\":\"https:\/\/hoanghamobile.com\/tin-tuc\/#organization\"},\"potentialAction\":[{\"@type\":\"SearchAction\",\"target\":{\"@type\":\"EntryPoint\",\"urlTemplate\":\"https:\/\/hoanghamobile.com\/tin-tuc\/?s={search_term_string}\"},\"query-input\":{\"@type\":\"PropertyValueSpecification\",\"valueRequired\":true,\"valueName\":\"search_term_string\"}}],\"inLanguage\":\"vi\"},{\"@type\":\"Organization\",\"@id\":\"https:\/\/hoanghamobile.com\/tin-tuc\/#organization\",\"name\":\"Tin t\u1ee9c c\u00f4ng ngh\u1ec7 - HoangHaMobile\",\"url\":\"https:\/\/hoanghamobile.com\/tin-tuc\/\",\"logo\":{\"@type\":\"ImageObject\",\"inLanguage\":\"vi\",\"@id\":\"https:\/\/hoanghamobile.com\/tin-tuc\/#\/schema\/logo\/image\/\",\"url\":\"https:\/\/hoanghamobile.com\/tin-tuc\/wp-content\/uploads\/2021\/12\/logo-text.png\",\"contentUrl\":\"https:\/\/hoanghamobile.com\/tin-tuc\/wp-content\/uploads\/2021\/12\/logo-text.png\",\"width\":256,\"height\":37,\"caption\":\"Tin t\u1ee9c c\u00f4ng ngh\u1ec7 - HoangHaMobile\"},\"image\":{\"@id\":\"https:\/\/hoanghamobile.com\/tin-tuc\/#\/schema\/logo\/image\/\"},\"sameAs\":[\"https:\/\/www.facebook.com\/hoanghamobilecom\"]}]}<\/script>\n<!-- \/ Yoast SEO Premium plugin. -->","yoast_head_json":{"title":"Hotsale m\u1edf b\u00e1n TECNO POVA 3 | Ho\u00e0ng H\u00e0 Mobile","description":"S\u1edf h\u1eefu ngay TECNO POVA 3 | Ch\u1ec9 t\u1eeb 4.490.000 | Gi\u1ea3m th\u00eam 100k qua VNPAY | Pin si\u00eau kh\u1ee7ng 7000mAh | M\u00e0n h\u00ecnh 6.9\" | H\u1ed7 tr\u1ee3 s\u1ea1c nhanh t\u1edbi 33W","robots":{"index":"index","follow":"follow","max-snippet":"max-snippet:-1","max-image-preview":"max-image-preview:large","max-video-preview":"max-video-preview:-1"},"canonical":"https:\/\/hoanghamobile.com\/tin-tuc\/dat-hang\/tecno-pova-3\/","og_locale":"vi_VN","og_type":"article","og_title":"Hotsale m\u1edf b\u00e1n TECNO POVA 3 | Ho\u00e0ng H\u00e0 Mobile","og_description":"S\u1edf h\u1eefu ngay TECNO POVA 3 | Ch\u1ec9 t\u1eeb 4.490.000 | Gi\u1ea3m th\u00eam t\u1edbi 100k qua VNPAY | Pin si\u00eau kh\u1ee7ng 7000mAh | M\u00e0n h\u00ecnh 6.9\" | H\u1ed7 tr\u1ee3 s\u1ea1c nhanh t\u1edbi 33W","og_url":"https:\/\/hoanghamobile.com\/tin-tuc\/dat-hang\/tecno-pova-3\/","og_site_name":"Tin t\u1ee9c c\u00f4ng ngh\u1ec7 - HoangHaMobile","article_publisher":"https:\/\/www.facebook.com\/hoanghamobilecom","article_modified_time":"2022-07-19T02:25:43+00:00","og_image":[{"width":1200,"height":628,"url":"https:\/\/hoanghamobile.com\/tin-tuc\/wp-content\/uploads\/2022\/07\/Anh-landing-mo-ban-Tecno-POVA-3.png","type":"image\/png"}],"twitter_card":"summary_large_image","twitter_title":"M\u1edf b\u00e1n TECNO POVA 3","schema":{"@context":"https:\/\/schema.org","@graph":[{"@type":"WebPage","@id":"https:\/\/hoanghamobile.com\/tin-tuc\/dat-hang\/tecno-pova-3\/","url":"https:\/\/hoanghamobile.com\/tin-tuc\/dat-hang\/tecno-pova-3\/","name":"Hotsale m\u1edf b\u00e1n TECNO POVA 3 | Ho\u00e0ng H\u00e0 Mobile","isPartOf":{"@id":"https:\/\/hoanghamobile.com\/tin-tuc\/#website"},"primaryImageOfPage":{"@id":"https:\/\/hoanghamobile.com\/tin-tuc\/dat-hang\/tecno-pova-3\/#primaryimage"},"image":{"@id":"https:\/\/hoanghamobile.com\/tin-tuc\/dat-hang\/tecno-pova-3\/#primaryimage"},"thumbnailUrl":"https:\/\/hoanghamobile.com\/tin-tuc\/wp-content\/uploads\/2022\/07\/Anh-landing-mo-ban-Tecno-POVA-3.png","datePublished":"2022-07-11T07:39:30+00:00","dateModified":"2022-07-19T02:25:43+00:00","description":"S\u1edf h\u1eefu ngay TECNO POVA 3 | Ch\u1ec9 t\u1eeb 4.490.000 | Gi\u1ea3m th\u00eam 100k qua VNPAY | Pin si\u00eau kh\u1ee7ng 7000mAh | M\u00e0n h\u00ecnh 6.9\" | H\u1ed7 tr\u1ee3 s\u1ea1c nhanh t\u1edbi 33W","breadcrumb":{"@id":"https:\/\/hoanghamobile.com\/tin-tuc\/dat-hang\/tecno-pova-3\/#breadcrumb"},"inLanguage":"vi","potentialAction":[{"@type":"ReadAction","target":["https:\/\/hoanghamobile.com\/tin-tuc\/dat-hang\/tecno-pova-3\/"]}]},{"@type":"ImageObject","inLanguage":"vi","@id":"https:\/\/hoanghamobile.com\/tin-tuc\/dat-hang\/tecno-pova-3\/#primaryimage","url":"https:\/\/hoanghamobile.com\/tin-tuc\/wp-content\/uploads\/2022\/07\/Anh-landing-mo-ban-Tecno-POVA-3.png","contentUrl":"https:\/\/hoanghamobile.com\/tin-tuc\/wp-content\/uploads\/2022\/07\/Anh-landing-mo-ban-Tecno-POVA-3.png","width":1200,"height":628,"caption":"\u1ea2nh-landing-m\u1edf-b\u00e1n-Tecno-POVA-3"},{"@type":"BreadcrumbList","@id":"https:\/\/hoanghamobile.com\/tin-tuc\/dat-hang\/tecno-pova-3\/#breadcrumb","itemListElement":[{"@type":"ListItem","position":1,"name":"Trang ch\u1ee7","item":"https:\/\/hoanghamobile.com\/tin-tuc\/"},{"@type":"ListItem","position":2,"name":"\u0110\u1eb7t h\u00e0ng","item":"https:\/\/hoanghamobile.com\/tin-tuc\/dat-hang\/"},{"@type":"ListItem","position":3,"name":"M\u1edf b\u00e1n TECNO POVA 3"}]},{"@type":"WebSite","@id":"https:\/\/hoanghamobile.com\/tin-tuc\/#website","url":"https:\/\/hoanghamobile.com\/tin-tuc\/","name":"Tin t\u1ee9c c\u00f4ng ngh\u1ec7 - HoangHaMobile","description":"","publisher":{"@id":"https:\/\/hoanghamobile.com\/tin-tuc\/#organization"},"potentialAction":[{"@type":"SearchAction","target":{"@type":"EntryPoint","urlTemplate":"https:\/\/hoanghamobile.com\/tin-tuc\/?s={search_term_string}"},"query-input":{"@type":"PropertyValueSpecification","valueRequired":true,"valueName":"search_term_string"}}],"inLanguage":"vi"},{"@type":"Organization","@id":"https:\/\/hoanghamobile.com\/tin-tuc\/#organization","name":"Tin t\u1ee9c c\u00f4ng ngh\u1ec7 - HoangHaMobile","url":"https:\/\/hoanghamobile.com\/tin-tuc\/","logo":{"@type":"ImageObject","inLanguage":"vi","@id":"https:\/\/hoanghamobile.com\/tin-tuc\/#\/schema\/logo\/image\/","url":"https:\/\/hoanghamobile.com\/tin-tuc\/wp-content\/uploads\/2021\/12\/logo-text.png","contentUrl":"https:\/\/hoanghamobile.com\/tin-tuc\/wp-content\/uploads\/2021\/12\/logo-text.png","width":256,"height":37,"caption":"Tin t\u1ee9c c\u00f4ng ngh\u1ec7 - HoangHaMobile"},"image":{"@id":"https:\/\/hoanghamobile.com\/tin-tuc\/#\/schema\/logo\/image\/"},"sameAs":["https:\/\/www.facebook.com\/hoanghamobilecom"]}]}},"_links":{"self":[{"href":"https:\/\/hoanghamobile.com\/tin-tuc\/wp-json\/wp\/v2\/pages\/172666","targetHints":{"allow":["GET"]}}],"collection":[{"href":"https:\/\/hoanghamobile.com\/tin-tuc\/wp-json\/wp\/v2\/pages"}],"about":[{"href":"https:\/\/hoanghamobile.com\/tin-tuc\/wp-json\/wp\/v2\/types\/page"}],"author":[{"embeddable":true,"href":"https:\/\/hoanghamobile.com\/tin-tuc\/wp-json\/wp\/v2\/users\/62"}],"replies":[{"embeddable":true,"href":"https:\/\/hoanghamobile.com\/tin-tuc\/wp-json\/wp\/v2\/comments?post=172666"}],"version-history":[{"count":0,"href":"https:\/\/hoanghamobile.com\/tin-tuc\/wp-json\/wp\/v2\/pages\/172666\/revisions"}],"up":[{"embeddable":true,"href":"https:\/\/hoanghamobile.com\/tin-tuc\/wp-json\/wp\/v2\/pages\/43252"}],"wp:featuredmedia":[{"embeddable":true,"href":"https:\/\/hoanghamobile.com\/tin-tuc\/wp-json\/wp\/v2\/media\/173979"}],"wp:attachment":[{"href":"https:\/\/hoanghamobile.com\/tin-tuc\/wp-json\/wp\/v2\/media?parent=172666"}],"curies":[{"name":"wp","href":"https:\/\/api.w.org\/{rel}","templated":true}]}}