{"id":140064,"date":"2021-10-06T18:13:32","date_gmt":"2021-10-06T11:13:32","guid":{"rendered":"https:\/\/hoanghamobile.com\/tin-tuc\/?page_id=140064"},"modified":"2021-10-15T09:41:47","modified_gmt":"2021-10-15T02:41:47","slug":"xiaomi-11t-series-5g","status":"publish","type":"page","link":"https:\/\/hoanghamobile.com\/tin-tuc\/dat-hang\/xiaomi-11t-series-5g\/","title":{"rendered":"\u0110\u1eb7t tr\u01b0\u1edbc Xiaomi 11T Series 5G"},"content":{"rendered":"<p><span><a href=\"https:\/\/hoanghamobile.com\/\" target=\"_blank\" rel=\"noopener\"><img loading=\"lazy\" decoding=\"async\" alt=\"Logo HH\" data-id=\"117460\" data-init-width=\"345\" data-init-height=\"77\" title=\"Logo HH\" loading=\"lazy\" src=\"https:\/\/hoanghamobile.com\/tin-tuc\/wp-content\/uploads\/2021\/02\/Group-1.png\" data-width=\"230\" data-height=\"51\" style=\"\" data-link-wrap=\"true\" width=\"230\" height=\"51\"><\/a><\/span><\/p>\n<p style=\"\"><strong>Hotline: 1900.2091<\/strong><\/p>\n<p><span><img loading=\"lazy\" decoding=\"async\" alt=\"landing-01-01-01\" data-id=\"140863\" width=\"1433\" data-init-width=\"1200\" height=\"750\" data-init-height=\"628\" title=\"landing-01-01-01\" loading=\"lazy\" src=\"\/\/hoanghamobile.com\/tin-tuc\/wp-content\/uploads\/2021\/10\/landing-01-01-01.jpg\" data-width=\"1433\" data-height=\"750\" style=\"\"><\/span><\/p>\n<p style=\"text-align: center;\">Xiaomi 11T Pro \u0111\u00e3 h\u1ebft su\u1ea5t \u0111\u1eb7t tr\u01b0\u1edbc. Qu\u00fd kh\u00e1ch vui l\u00f2ng \u0111\u0103ng k\u00fd tr\u01b0\u1edbc, Ho\u00e0ng H\u00e0 Mobile s\u1ebd th\u00f4ng b\u00e1o ngay cho Qu\u00fd kh\u00e1ch khi s\u1ea3n ph\u1ea9m ti\u1ebfp t\u1ee5c cho \u0111\u1eb7t h\u00e0ng.<\/p>\n<p><span><img loading=\"lazy\" decoding=\"async\" alt=\"Untitled-4\" data-id=\"140325\" width=\"1000\" data-init-width=\"2560\" height=\"811\" data-init-height=\"2077\" title=\"Untitled-4\" loading=\"lazy\" src=\"\/\/hoanghamobile.com\/tin-tuc\/wp-content\/uploads\/2021\/10\/Untitled-4-scaled.jpg\" data-width=\"1000\" data-height=\"811\" style=\"\"><\/span><span><img loading=\"lazy\" decoding=\"async\" alt=\"Untitled-7\" data-id=\"140136\" width=\"1608\" data-init-width=\"2560\" height=\"691\" data-init-height=\"1100\" title=\"Untitled-7\" loading=\"lazy\" src=\"\/\/hoanghamobile.com\/tin-tuc\/wp-content\/uploads\/2021\/10\/Untitled-7.png\" data-width=\"1608\" data-height=\"691\"><\/span><\/p>\n<p style=\"\"><span>M\u00e0n H\u00ecnh 120Hz AdaptiveSync<\/span><\/p>\n<p style=\"text-align: justify;\">V\u1edbi AdaptiveSync, t\u1ed1c \u0111\u1ed9 l\u00e0m t\u01b0\u01a1i m\u00e0n h\u00ecnh s\u1ebd t\u1ef1 \u0111\u1ed9ng \u0111i\u1ec1u ch\u1ec9nh t\u00f9y thu\u1ed9c v\u00e0o n\u1ed9i dung. \u0110i\u1ec1u n\u00e0y kh\u00f4ng ch\u1ec9 gi\u1ea3m ti\u00eau th\u1ee5 \u0111i\u1ec7n n\u0103ng m\u00e0 c\u00f2n mang l\u1ea1i tr\u1ea3i nghi\u1ec7m xem m\u01b0\u1ee3t m\u00e0 h\u01a1n. N\u00f3 c\u0169ng c\u00f3 t\u1ed1c \u0111\u1ed9 l\u1ea5y m\u1eabu c\u1ea3m \u1ee9ng l\u00ean \u0111\u1ebfn 480Hz \u0111\u1ec3 \u0111i\u1ec1u khi\u1ec3n m\u00e0n h\u00ecnh nh\u1ea1y h\u01a1n v\u00e0 ph\u1ea3n h\u1ed3i nhanh h\u01a1n.<\/p>\n<p><span><img loading=\"lazy\" decoding=\"async\" alt=\"120hz-01\" data-id=\"140096\" width=\"462\" data-init-width=\"1360\" height=\"457\" data-init-height=\"1346\" title=\"120hz-01\" loading=\"lazy\" src=\"\/\/hoanghamobile.com\/tin-tuc\/wp-content\/uploads\/2021\/10\/120hz-01.png\" data-width=\"462\" data-height=\"457\"><\/span><\/p>\n<p style=\"text-align: center;\"><span data-id=\"kij312fdvf\" data-key=\"overview_71\" data-type=\"text\">M\u00e0n h\u00ecnh AMOLED ph\u1eb3ng v\u1edbi h\u01a1n 1 t\u1ef7 m\u00e0u<\/span><span data-id=\"40c0qxokiv\" data-key=\"overview_72\" data-type=\"text\">M\u01b0\u1ee3t m\u00e0 v\u1edbi \u0111\u1ed9 r\u00f5 n\u00e9t ho\u00e0n h\u1ea3o<\/span><\/p>\n<p style=\"text-align: center;\"><span data-id=\"40c0qxokiv\" data-key=\"overview_72\" data-type=\"text\" style=\"\">V\u1edbi hi\u1ec7u su\u1ea5t v\u01b0\u1ee3t tr\u1ed9i v\u1ec1 \u0111\u1ed9 s\u00e1ng, t\u1ef7 l\u1ec7 t\u01b0\u01a1ng ph\u1ea3n, hi\u1ec7u ch\u1ec9nh m\u00e0u v\u00e0 \u0111\u1ed9 ph\u00e2n gi\u1ea3i. M\u00e0n h\u00ecnh n\u00e0y nh\u1eadn \u0111\u01b0\u1ee3c x\u1ebfp h\u1ea1ng A+ t\u1eeb DisplayMate, m\u1ed9t trong nh\u1eefng t\u1ed5 ch\u1ee9c \u0111\u00e1nh gi\u00e1 m\u00e0n h\u00ecnh \u0111\u00e1ng tin c\u1eady nh\u1ea5t tr\u00ean th\u1ebf gi\u1edbi.<\/span><\/p>\n<p><span><img loading=\"lazy\" decoding=\"async\" alt=\"K3S-PC-2 1-01 022-01\" data-id=\"140361\" width=\"1433\" data-init-width=\"2560\" height=\"782\" data-init-height=\"1397\" title=\"K3S-PC-2 1-01 022-01\" loading=\"lazy\" src=\"\/\/hoanghamobile.com\/tin-tuc\/wp-content\/uploads\/2021\/10\/K3S-PC-2-1-01-022-01.png\" data-width=\"1433\" data-height=\"782\" style=\"\"><\/span><\/p>\n<p style=\"text-align: center;\">Lu\u00f4n lu\u00f4n s\u1eb5n s\u00e0ng v\u1edbi s\u1ea1c nhanh 120W<\/p>\n<p style=\"text-align: center;\"><span><span>Pin dung l\u01b0\u1ee3ng l\u1edbn 5000mAh k\u1ebft h\u1ee3p c\u00f4ng ngh\u1ec7 s\u1ea1c nhanh nh\u1ea5t tr\u00ean th\u1ecb tr\u01b0\u1eddng hi\u1ec7n nay. C\u00f4ng ngh\u1ec7 s\u1ea1c nhanh 67W tr\u00ean Xiaomi 11T gi\u00fap s\u1ea1c \u0111\u1ea7y 100% pin ch\u1ec9 trong 36 ph\u00fat. C\u00f4ng ngh\u1ec7 s\u1ea1c nhanh 120W tr\u00ean Xiaomi 11T Pro gi\u00fap s\u1ea1c \u0111\u1ea7y 100% pin ch\u1ec9 trong 17 ph\u00fat. Cho tr\u1ea3i nghi\u1ec7m tho\u1ea3i m\u00e1i t\u00e1c v\u1ee5 m\u00e0 kh\u00f4ng lo ng\u1eaft qu\u00e3ng.<\/span><\/span><\/p>\n<p><span><img loading=\"lazy\" decoding=\"async\" alt=\"Untitled-3-01\" data-id=\"140120\" width=\"1428\" data-init-width=\"4086\" height=\"409\" data-init-height=\"1171\" title=\"Untitled-3-01\" loading=\"lazy\" src=\"\/\/hoanghamobile.com\/tin-tuc\/wp-content\/uploads\/2021\/10\/Untitled-3-01.png\" data-width=\"1428\" data-height=\"409\" style=\"\"><\/span><span><img loading=\"lazy\" decoding=\"async\" alt=\"Untitled-1d\u00e2daaa\" data-id=\"140343\" width=\"1458\" data-init-width=\"2560\" height=\"797\" data-init-height=\"1400\" title=\"Untitled-1d\u00e2daaa\" loading=\"lazy\" src=\"\/\/hoanghamobile.com\/tin-tuc\/wp-content\/uploads\/2021\/10\/Untitled-1dadaaa.png\" data-width=\"1458\" data-height=\"797\"><\/span><\/p>\n<p style=\"text-align: center;\"><strong>Th\u00f4ng tin \u0111\u1eb7t h\u00e0ng<\/strong><\/p>\n<p style=\"\"><span style=\"\"><span style=\"text-transform: none;\">T\u1eeb 11-22\/10: Ch\u01b0\u01a1ng tr\u00ecnh pre-order:- Xiaomi 11T 5G &#8211; 8GB\/128GB &#8211; Ch\u00ednh H\u00e3ng DGW gi\u00e1 10.990.000- Xiaomi 11T Pro 5G &#8211; 12GB\/256GB &#8211; Ch\u00ednh H\u00e3ng DGW gi\u00e1 14.990.000- Qu\u00e0 h\u00e3ng :+ B\u1ea3o h\u00e0nh 24 th\u00e1ng v\u00e0 T\u1eb7ng b\u1ea3o h\u00e0nh m\u00e0n h\u00ecnh 6 th\u00e1ng (\u00e1p d\u1ee5ng cho kh\u00e1ch h\u00e0ng mua s\u1ea3n ph\u1ea9m t\u1eeb 08\/10-23\/11)- Qu\u00e0 Ho\u00e0ng H\u00e0+ Phi\u1ebfu mua h\u00e0ng 1 tri\u1ec7u (\u00c1p d\u1ee5ng \u0111\u1eb7t tr\u01b0\u1edbc 11T 5G)+ Gi\u1ea3m th\u00eam 100k khi thanh to\u00e1n qua VNpay<\/span><\/span><\/p>\n<p> <!-- style \u0111\u1ec3 scoll -->            <\/p>\n","protected":false},"excerpt":{"rendered":"<p>Hotline: 1900.2091 Xiaomi 11T Pro \u0111\u00e3 h\u1ebft su\u1ea5t \u0111\u1eb7t tr\u01b0\u1edbc. Qu\u00fd kh\u00e1ch vui l\u00f2ng \u0111\u0103ng k\u00fd tr\u01b0\u1edbc, Ho\u00e0ng H\u00e0 Mobile s\u1ebd th\u00f4ng b\u00e1o ngay cho Qu\u00fd kh\u00e1ch khi s\u1ea3n ph\u1ea9m ti\u1ebfp t\u1ee5c cho \u0111\u1eb7t h\u00e0ng. M\u00e0n H\u00ecnh 120Hz AdaptiveSync V\u1edbi AdaptiveSync, t\u1ed1c \u0111\u1ed9 l\u00e0m t\u01b0\u01a1i m\u00e0n h\u00ecnh s\u1ebd t\u1ef1 \u0111\u1ed9ng \u0111i\u1ec1u ch\u1ec9nh t\u00f9y thu\u1ed9c v\u00e0o [&hellip;]<\/p>\n","protected":false},"author":32,"featured_media":140402,"parent":43252,"menu_order":0,"comment_status":"closed","ping_status":"closed","template":"","meta":{"footnotes":""},"class_list":["post-140064","page","type-page","status-publish","has-post-thumbnail","hentry"],"yoast_head":"<!-- This site is optimized with the Yoast SEO Premium plugin v27.3 (Yoast SEO v27.4) - https:\/\/yoast.com\/product\/yoast-seo-premium-wordpress\/ -->\n<title>\u0110\u1eb7t tr\u01b0\u1edbc Xiaomi 11T Series 5G - Tin t\u1ee9c c\u00f4ng ngh\u1ec7 - HoangHaMobile<\/title>\n<meta name=\"description\" content=\"\u0110\u1eb7t tr\u01b0\u1edbc Xiaomi 11T | Pro 5G - T\u1eeb 08 - 22\/10 nh\u1eadn ngay B\u1ed9 qu\u00e0 Xiaomi ch\u00ednh h\u00e3ng gi\u00e1 tr\u1ecb g\u1ea7n 7.000.000\u0111 - B\u1ed9 qu\u00e0 Ho\u00e0ng H\u00e0 gi\u00e1 tr\u1ecb t\u1edbi g\u1ea7n 2.000.000\u0111\" \/>\n<meta name=\"robots\" content=\"index, follow, max-snippet:-1, max-image-preview:large, max-video-preview:-1\" \/>\n<link rel=\"canonical\" href=\"https:\/\/hoanghamobile.com\/tin-tuc\/dat-hang\/xiaomi-11t-series-5g\/\" \/>\n<meta property=\"og:locale\" content=\"vi_VN\" \/>\n<meta property=\"og:type\" content=\"article\" \/>\n<meta property=\"og:title\" content=\"T\u1eeb 08 - 22\/10 \u0110\u1eb7t tr\u01b0\u1edbc Xiaomi 11T Series 5G - Gi\u00e1 c\u1ef1c t\u1ed1t\" \/>\n<meta property=\"og:description\" content=\"\u0110\u1eb7t tr\u01b0\u1edbc Xiaomi 11T | Pro 5G - T\u1eeb 08 - 22\/10 nh\u1eadn ngay B\u1ed9 qu\u00e0 Xiaomi ch\u00ednh h\u00e3ng gi\u00e1 tr\u1ecb g\u1ea7n 7.000.000\u0111 - B\u1ed9 qu\u00e0 Ho\u00e0ng H\u00e0 gi\u00e1 tr\u1ecb t\u1edbi g\u1ea7n 2.000.000\u0111\" \/>\n<meta property=\"og:url\" content=\"https:\/\/hoanghamobile.com\/tin-tuc\/dat-hang\/xiaomi-11t-series-5g\/\" \/>\n<meta property=\"og:site_name\" content=\"Tin t\u1ee9c c\u00f4ng ngh\u1ec7 - HoangHaMobile\" \/>\n<meta property=\"article:publisher\" content=\"https:\/\/www.facebook.com\/hoanghamobilecom\" \/>\n<meta property=\"article:modified_time\" content=\"2021-10-15T02:41:47+00:00\" \/>\n<meta property=\"og:image\" content=\"https:\/\/hoanghamobile.com\/tin-tuc\/wp-content\/uploads\/2021\/10\/FB-T11-01-1.jpg\" \/>\n\t<meta property=\"og:image:width\" content=\"1200\" \/>\n\t<meta property=\"og:image:height\" content=\"628\" \/>\n\t<meta property=\"og:image:type\" content=\"image\/jpeg\" \/>\n<meta name=\"twitter:card\" content=\"summary_large_image\" \/>\n<meta name=\"twitter:title\" content=\"\u0110\u1eb7t tr\u01b0\u1edbc Xiaomi 11T Series 5G\" \/>\n<meta name=\"twitter:label1\" content=\"\u01af\u1edbc t\u00ednh th\u1eddi gian \u0111\u1ecdc\" \/>\n\t<meta name=\"twitter:data1\" content=\"2 ph\u00fat\" \/>\n<script type=\"application\/ld+json\" class=\"yoast-schema-graph\">{\"@context\":\"https:\\\/\\\/schema.org\",\"@graph\":[{\"@type\":\"WebPage\",\"@id\":\"https:\\\/\\\/hoanghamobile.com\\\/tin-tuc\\\/dat-hang\\\/xiaomi-11t-series-5g\\\/\",\"url\":\"https:\\\/\\\/hoanghamobile.com\\\/tin-tuc\\\/dat-hang\\\/xiaomi-11t-series-5g\\\/\",\"name\":\"\u0110\u1eb7t tr\u01b0\u1edbc Xiaomi 11T Series 5G - Tin t\u1ee9c c\u00f4ng ngh\u1ec7 - HoangHaMobile\",\"isPartOf\":{\"@id\":\"https:\\\/\\\/hoanghamobile.com\\\/tin-tuc\\\/#website\"},\"primaryImageOfPage\":{\"@id\":\"https:\\\/\\\/hoanghamobile.com\\\/tin-tuc\\\/dat-hang\\\/xiaomi-11t-series-5g\\\/#primaryimage\"},\"image\":{\"@id\":\"https:\\\/\\\/hoanghamobile.com\\\/tin-tuc\\\/dat-hang\\\/xiaomi-11t-series-5g\\\/#primaryimage\"},\"thumbnailUrl\":\"https:\\\/\\\/hoanghamobile.com\\\/tin-tuc\\\/wp-content\\\/uploads\\\/2021\\\/10\\\/FB-T11-01-1.jpg\",\"datePublished\":\"2021-10-06T11:13:32+00:00\",\"dateModified\":\"2021-10-15T02:41:47+00:00\",\"description\":\"\u0110\u1eb7t tr\u01b0\u1edbc Xiaomi 11T | Pro 5G - T\u1eeb 08 - 22\\\/10 nh\u1eadn ngay B\u1ed9 qu\u00e0 Xiaomi ch\u00ednh h\u00e3ng gi\u00e1 tr\u1ecb g\u1ea7n 7.000.000\u0111 - B\u1ed9 qu\u00e0 Ho\u00e0ng H\u00e0 gi\u00e1 tr\u1ecb t\u1edbi g\u1ea7n 2.000.000\u0111\",\"breadcrumb\":{\"@id\":\"https:\\\/\\\/hoanghamobile.com\\\/tin-tuc\\\/dat-hang\\\/xiaomi-11t-series-5g\\\/#breadcrumb\"},\"inLanguage\":\"vi\",\"potentialAction\":[{\"@type\":\"ReadAction\",\"target\":[\"https:\\\/\\\/hoanghamobile.com\\\/tin-tuc\\\/dat-hang\\\/xiaomi-11t-series-5g\\\/\"]}]},{\"@type\":\"ImageObject\",\"inLanguage\":\"vi\",\"@id\":\"https:\\\/\\\/hoanghamobile.com\\\/tin-tuc\\\/dat-hang\\\/xiaomi-11t-series-5g\\\/#primaryimage\",\"url\":\"https:\\\/\\\/hoanghamobile.com\\\/tin-tuc\\\/wp-content\\\/uploads\\\/2021\\\/10\\\/FB-T11-01-1.jpg\",\"contentUrl\":\"https:\\\/\\\/hoanghamobile.com\\\/tin-tuc\\\/wp-content\\\/uploads\\\/2021\\\/10\\\/FB-T11-01-1.jpg\",\"width\":1200,\"height\":628,\"caption\":\"FB T11-01 (1)\"},{\"@type\":\"BreadcrumbList\",\"@id\":\"https:\\\/\\\/hoanghamobile.com\\\/tin-tuc\\\/dat-hang\\\/xiaomi-11t-series-5g\\\/#breadcrumb\",\"itemListElement\":[{\"@type\":\"ListItem\",\"position\":1,\"name\":\"Trang ch\u1ee7\",\"item\":\"https:\\\/\\\/hoanghamobile.com\\\/tin-tuc\\\/\"},{\"@type\":\"ListItem\",\"position\":2,\"name\":\"\u0110\u1eb7t h\u00e0ng\",\"item\":\"https:\\\/\\\/hoanghamobile.com\\\/tin-tuc\\\/dat-hang\\\/\"},{\"@type\":\"ListItem\",\"position\":3,\"name\":\"\u0110\u1eb7t tr\u01b0\u1edbc Xiaomi 11T Series 5G\"}]},{\"@type\":\"WebSite\",\"@id\":\"https:\\\/\\\/hoanghamobile.com\\\/tin-tuc\\\/#website\",\"url\":\"https:\\\/\\\/hoanghamobile.com\\\/tin-tuc\\\/\",\"name\":\"Tin t\u1ee9c c\u00f4ng ngh\u1ec7 - HoangHaMobile\",\"description\":\"\",\"publisher\":{\"@id\":\"https:\\\/\\\/hoanghamobile.com\\\/tin-tuc\\\/#organization\"},\"potentialAction\":[{\"@type\":\"SearchAction\",\"target\":{\"@type\":\"EntryPoint\",\"urlTemplate\":\"https:\\\/\\\/hoanghamobile.com\\\/tin-tuc\\\/?s={search_term_string}\"},\"query-input\":{\"@type\":\"PropertyValueSpecification\",\"valueRequired\":true,\"valueName\":\"search_term_string\"}}],\"inLanguage\":\"vi\"},{\"@type\":\"Organization\",\"@id\":\"https:\\\/\\\/hoanghamobile.com\\\/tin-tuc\\\/#organization\",\"name\":\"Tin t\u1ee9c c\u00f4ng ngh\u1ec7 - HoangHaMobile\",\"url\":\"https:\\\/\\\/hoanghamobile.com\\\/tin-tuc\\\/\",\"logo\":{\"@type\":\"ImageObject\",\"inLanguage\":\"vi\",\"@id\":\"https:\\\/\\\/hoanghamobile.com\\\/tin-tuc\\\/#\\\/schema\\\/logo\\\/image\\\/\",\"url\":\"https:\\\/\\\/hoanghamobile.com\\\/tin-tuc\\\/wp-content\\\/uploads\\\/2021\\\/12\\\/logo-text.png\",\"contentUrl\":\"https:\\\/\\\/hoanghamobile.com\\\/tin-tuc\\\/wp-content\\\/uploads\\\/2021\\\/12\\\/logo-text.png\",\"width\":256,\"height\":37,\"caption\":\"Tin t\u1ee9c c\u00f4ng ngh\u1ec7 - HoangHaMobile\"},\"image\":{\"@id\":\"https:\\\/\\\/hoanghamobile.com\\\/tin-tuc\\\/#\\\/schema\\\/logo\\\/image\\\/\"},\"sameAs\":[\"https:\\\/\\\/www.facebook.com\\\/hoanghamobilecom\"]}]}<\/script>\n<!-- \/ Yoast SEO Premium plugin. -->","yoast_head_json":{"title":"\u0110\u1eb7t tr\u01b0\u1edbc Xiaomi 11T Series 5G - Tin t\u1ee9c c\u00f4ng ngh\u1ec7 - HoangHaMobile","description":"\u0110\u1eb7t tr\u01b0\u1edbc Xiaomi 11T | Pro 5G - T\u1eeb 08 - 22\/10 nh\u1eadn ngay B\u1ed9 qu\u00e0 Xiaomi ch\u00ednh h\u00e3ng gi\u00e1 tr\u1ecb g\u1ea7n 7.000.000\u0111 - B\u1ed9 qu\u00e0 Ho\u00e0ng H\u00e0 gi\u00e1 tr\u1ecb t\u1edbi g\u1ea7n 2.000.000\u0111","robots":{"index":"index","follow":"follow","max-snippet":"max-snippet:-1","max-image-preview":"max-image-preview:large","max-video-preview":"max-video-preview:-1"},"canonical":"https:\/\/hoanghamobile.com\/tin-tuc\/dat-hang\/xiaomi-11t-series-5g\/","og_locale":"vi_VN","og_type":"article","og_title":"T\u1eeb 08 - 22\/10 \u0110\u1eb7t tr\u01b0\u1edbc Xiaomi 11T Series 5G - Gi\u00e1 c\u1ef1c t\u1ed1t","og_description":"\u0110\u1eb7t tr\u01b0\u1edbc Xiaomi 11T | Pro 5G - T\u1eeb 08 - 22\/10 nh\u1eadn ngay B\u1ed9 qu\u00e0 Xiaomi ch\u00ednh h\u00e3ng gi\u00e1 tr\u1ecb g\u1ea7n 7.000.000\u0111 - B\u1ed9 qu\u00e0 Ho\u00e0ng H\u00e0 gi\u00e1 tr\u1ecb t\u1edbi g\u1ea7n 2.000.000\u0111","og_url":"https:\/\/hoanghamobile.com\/tin-tuc\/dat-hang\/xiaomi-11t-series-5g\/","og_site_name":"Tin t\u1ee9c c\u00f4ng ngh\u1ec7 - HoangHaMobile","article_publisher":"https:\/\/www.facebook.com\/hoanghamobilecom","article_modified_time":"2021-10-15T02:41:47+00:00","og_image":[{"width":1200,"height":628,"url":"https:\/\/hoanghamobile.com\/tin-tuc\/wp-content\/uploads\/2021\/10\/FB-T11-01-1.jpg","type":"image\/jpeg"}],"twitter_card":"summary_large_image","twitter_title":"\u0110\u1eb7t tr\u01b0\u1edbc Xiaomi 11T Series 5G","twitter_misc":{"\u01af\u1edbc t\u00ednh th\u1eddi gian \u0111\u1ecdc":"2 ph\u00fat"},"schema":{"@context":"https:\/\/schema.org","@graph":[{"@type":"WebPage","@id":"https:\/\/hoanghamobile.com\/tin-tuc\/dat-hang\/xiaomi-11t-series-5g\/","url":"https:\/\/hoanghamobile.com\/tin-tuc\/dat-hang\/xiaomi-11t-series-5g\/","name":"\u0110\u1eb7t tr\u01b0\u1edbc Xiaomi 11T Series 5G - Tin t\u1ee9c c\u00f4ng ngh\u1ec7 - HoangHaMobile","isPartOf":{"@id":"https:\/\/hoanghamobile.com\/tin-tuc\/#website"},"primaryImageOfPage":{"@id":"https:\/\/hoanghamobile.com\/tin-tuc\/dat-hang\/xiaomi-11t-series-5g\/#primaryimage"},"image":{"@id":"https:\/\/hoanghamobile.com\/tin-tuc\/dat-hang\/xiaomi-11t-series-5g\/#primaryimage"},"thumbnailUrl":"https:\/\/hoanghamobile.com\/tin-tuc\/wp-content\/uploads\/2021\/10\/FB-T11-01-1.jpg","datePublished":"2021-10-06T11:13:32+00:00","dateModified":"2021-10-15T02:41:47+00:00","description":"\u0110\u1eb7t tr\u01b0\u1edbc Xiaomi 11T | Pro 5G - T\u1eeb 08 - 22\/10 nh\u1eadn ngay B\u1ed9 qu\u00e0 Xiaomi ch\u00ednh h\u00e3ng gi\u00e1 tr\u1ecb g\u1ea7n 7.000.000\u0111 - B\u1ed9 qu\u00e0 Ho\u00e0ng H\u00e0 gi\u00e1 tr\u1ecb t\u1edbi g\u1ea7n 2.000.000\u0111","breadcrumb":{"@id":"https:\/\/hoanghamobile.com\/tin-tuc\/dat-hang\/xiaomi-11t-series-5g\/#breadcrumb"},"inLanguage":"vi","potentialAction":[{"@type":"ReadAction","target":["https:\/\/hoanghamobile.com\/tin-tuc\/dat-hang\/xiaomi-11t-series-5g\/"]}]},{"@type":"ImageObject","inLanguage":"vi","@id":"https:\/\/hoanghamobile.com\/tin-tuc\/dat-hang\/xiaomi-11t-series-5g\/#primaryimage","url":"https:\/\/hoanghamobile.com\/tin-tuc\/wp-content\/uploads\/2021\/10\/FB-T11-01-1.jpg","contentUrl":"https:\/\/hoanghamobile.com\/tin-tuc\/wp-content\/uploads\/2021\/10\/FB-T11-01-1.jpg","width":1200,"height":628,"caption":"FB T11-01 (1)"},{"@type":"BreadcrumbList","@id":"https:\/\/hoanghamobile.com\/tin-tuc\/dat-hang\/xiaomi-11t-series-5g\/#breadcrumb","itemListElement":[{"@type":"ListItem","position":1,"name":"Trang ch\u1ee7","item":"https:\/\/hoanghamobile.com\/tin-tuc\/"},{"@type":"ListItem","position":2,"name":"\u0110\u1eb7t h\u00e0ng","item":"https:\/\/hoanghamobile.com\/tin-tuc\/dat-hang\/"},{"@type":"ListItem","position":3,"name":"\u0110\u1eb7t tr\u01b0\u1edbc Xiaomi 11T Series 5G"}]},{"@type":"WebSite","@id":"https:\/\/hoanghamobile.com\/tin-tuc\/#website","url":"https:\/\/hoanghamobile.com\/tin-tuc\/","name":"Tin t\u1ee9c c\u00f4ng ngh\u1ec7 - HoangHaMobile","description":"","publisher":{"@id":"https:\/\/hoanghamobile.com\/tin-tuc\/#organization"},"potentialAction":[{"@type":"SearchAction","target":{"@type":"EntryPoint","urlTemplate":"https:\/\/hoanghamobile.com\/tin-tuc\/?s={search_term_string}"},"query-input":{"@type":"PropertyValueSpecification","valueRequired":true,"valueName":"search_term_string"}}],"inLanguage":"vi"},{"@type":"Organization","@id":"https:\/\/hoanghamobile.com\/tin-tuc\/#organization","name":"Tin t\u1ee9c c\u00f4ng ngh\u1ec7 - HoangHaMobile","url":"https:\/\/hoanghamobile.com\/tin-tuc\/","logo":{"@type":"ImageObject","inLanguage":"vi","@id":"https:\/\/hoanghamobile.com\/tin-tuc\/#\/schema\/logo\/image\/","url":"https:\/\/hoanghamobile.com\/tin-tuc\/wp-content\/uploads\/2021\/12\/logo-text.png","contentUrl":"https:\/\/hoanghamobile.com\/tin-tuc\/wp-content\/uploads\/2021\/12\/logo-text.png","width":256,"height":37,"caption":"Tin t\u1ee9c c\u00f4ng ngh\u1ec7 - HoangHaMobile"},"image":{"@id":"https:\/\/hoanghamobile.com\/tin-tuc\/#\/schema\/logo\/image\/"},"sameAs":["https:\/\/www.facebook.com\/hoanghamobilecom"]}]}},"_links":{"self":[{"href":"https:\/\/hoanghamobile.com\/tin-tuc\/wp-json\/wp\/v2\/pages\/140064","targetHints":{"allow":["GET"]}}],"collection":[{"href":"https:\/\/hoanghamobile.com\/tin-tuc\/wp-json\/wp\/v2\/pages"}],"about":[{"href":"https:\/\/hoanghamobile.com\/tin-tuc\/wp-json\/wp\/v2\/types\/page"}],"author":[{"embeddable":true,"href":"https:\/\/hoanghamobile.com\/tin-tuc\/wp-json\/wp\/v2\/users\/32"}],"replies":[{"embeddable":true,"href":"https:\/\/hoanghamobile.com\/tin-tuc\/wp-json\/wp\/v2\/comments?post=140064"}],"version-history":[{"count":0,"href":"https:\/\/hoanghamobile.com\/tin-tuc\/wp-json\/wp\/v2\/pages\/140064\/revisions"}],"up":[{"embeddable":true,"href":"https:\/\/hoanghamobile.com\/tin-tuc\/wp-json\/wp\/v2\/pages\/43252"}],"wp:featuredmedia":[{"embeddable":true,"href":"https:\/\/hoanghamobile.com\/tin-tuc\/wp-json\/wp\/v2\/media\/140402"}],"wp:attachment":[{"href":"https:\/\/hoanghamobile.com\/tin-tuc\/wp-json\/wp\/v2\/media?parent=140064"}],"curies":[{"name":"wp","href":"https:\/\/api.w.org\/{rel}","templated":true}]}}